{"id":1259,"date":"2019-05-19T23:09:54","date_gmt":"2019-05-20T02:09:54","guid":{"rendered":"https:\/\/istoledo-cba.infd.edu.ar\/sitio\/?page_id=1259"},"modified":"2023-06-14T18:47:26","modified_gmt":"2023-06-14T21:47:26","slug":"estado-de-recursos-y-gastos","status":"publish","type":"page","link":"https:\/\/istoledo-cba.infd.edu.ar\/sitio\/estado-de-recursos-y-gastos\/","title":{"rendered":"Estado de Recursos y Gastos"},"content":{"rendered":"\n<h2 class=\"wp-block-heading\">A\u00d1O 2022<\/h2>\n\n\n\n<ul>\n<li><a rel=\"noreferrer noopener\" href=\"https:\/\/istoledo-cba.infd.edu.ar\/sitio\/wp-content\/uploads\/2023\/06\/Adobe-Scan-14-jun.-2023.pdf\" data-type=\"URL\" data-id=\"https:\/\/istoledo-cba.infd.edu.ar\/sitio\/wp-content\/uploads\/2023\/06\/Adobe-Scan-14-jun.-2023.pdf\" target=\"_blank\">Balance 2022- Planilla Resumen 2022<\/a><\/li>\n\n\n\n<li><a href=\"https:\/\/istoledo-cba.infd.edu.ar\/sitio\/wp-content\/uploads\/2023\/06\/Adobe-Scan-14-jun.-2023-1.pdf\" data-type=\"URL\" data-id=\"https:\/\/istoledo-cba.infd.edu.ar\/sitio\/wp-content\/uploads\/2023\/06\/Adobe-Scan-14-jun.-2023-1.pdf\" target=\"_blank\" rel=\"noreferrer noopener\">Memoria Anual Ejercicio 2022<\/a><\/li>\n\n\n\n<li><a href=\"https:\/\/istoledo-cba.infd.edu.ar\/sitio\/wp-content\/uploads\/2023\/06\/Adobe-Scan-14-jun.-2023-2.pdf\" data-type=\"URL\" data-id=\"https:\/\/istoledo-cba.infd.edu.ar\/sitio\/wp-content\/uploads\/2023\/06\/Adobe-Scan-14-jun.-2023-2.pdf\" target=\"_blank\" rel=\"noreferrer noopener\">Informe Comisi\u00f3n Revisora de Cuenta Ejercicio 2022<\/a><\/li>\n\n\n\n<li><a href=\"https:\/\/istoledo-cba.infd.edu.ar\/sitio\/wp-content\/uploads\/2023\/06\/Adobe-Scan-14-jun.-2023-3.pdf\" data-type=\"URL\" data-id=\"https:\/\/istoledo-cba.infd.edu.ar\/sitio\/wp-content\/uploads\/2023\/06\/Adobe-Scan-14-jun.-2023-3.pdf\" target=\"_blank\" rel=\"noreferrer noopener\">Declaraci\u00f3n Jurada de Fondos Disponibles<\/a> <\/li>\n<\/ul>\n\n\n\n<h2 class=\"wp-block-heading\">A\u00d1O 2021<\/h2>\n\n\n\n<ul>\n<li><a href=\"https:\/\/istoledo-cba.infd.edu.ar\/sitio\/wp-content\/uploads\/2022\/11\/BALANCE-2021007.pdf\" data-type=\"URL\" data-id=\"https:\/\/istoledo-cba.infd.edu.ar\/sitio\/wp-content\/uploads\/2022\/11\/BALANCE-2021007.pdf\" target=\"_blank\" rel=\"noreferrer noopener\">Balance 2021- Planilla Resumen 2021<\/a><\/li>\n<\/ul>\n\n\n\n<h2 class=\"wp-block-heading\">A\u00d1O 2020<\/h2>\n\n\n\n<ul>\n<li><a href=\"https:\/\/istoledo-cba.infd.edu.ar\/sitio\/wp-content\/uploads\/2022\/11\/BALANCE-2020006.pdf\" data-type=\"URL\" data-id=\"https:\/\/istoledo-cba.infd.edu.ar\/sitio\/wp-content\/uploads\/2022\/11\/BALANCE-2020006.pdf\" target=\"_blank\" rel=\"noreferrer noopener\">Balance 2020 &#8211; Planilla Resumen 2020<\/a><\/li>\n<\/ul>\n\n\n\n<h3 class=\"wp-block-heading\">A\u00d1O 2019<\/h3>\n\n\n\n<ul>\n<li><a href=\"https:\/\/istoledo-cba.infd.edu.ar\/sitio\/wp-content\/uploads\/2022\/11\/BALANCE-2019005.pdf\" data-type=\"URL\" data-id=\"https:\/\/istoledo-cba.infd.edu.ar\/sitio\/wp-content\/uploads\/2022\/11\/BALANCE-2019005.pdf\" target=\"_blank\" rel=\"noreferrer noopener\">Balance 2019 &#8211; Planilla Resumen 2019<\/a><\/li>\n<\/ul>\n\n\n<h3><span style=\"color: #333399;\"><strong>A\u00d1O 2018<\/strong><\/span><\/h3>\n<ul>\n<li>\n<pre>\u00a0<a href=\"https:\/\/istoledo-cba.infd.edu.ar\/sitio\/wp-content\/uploads\/2019\/05\/Balance-2017.pdf\" target=\"_blank\" rel=\"noopener\">Balance 2017<\/a><\/pre>\n<\/li>\n<li>\n<pre><a href=\"https:\/\/istoledo-cba.infd.edu.ar\/sitio\/wp-content\/uploads\/2019\/05\/Balance-2018.pdf\" target=\"_blank\" rel=\"noopener\">Balance 2018<\/a>\u00a0 -\u00a0 <a href=\"https:\/\/istoledo-cba.infd.edu.ar\/sitio\/wp-content\/uploads\/2019\/05\/Planilla-Resumen-2018.pdf\">Planilla Resumen 2018<\/a><\/pre>\n<h3><strong style=\"color: #333399;\">A\u00d1O 2017<\/strong><\/h3>\n<\/li>\n<li>\n<pre><a title=\"memoria de actividades\" href=\"https:\/\/istoledo-cba.infd.edu.ar\/sitio\/asociacion-cooperadora\/upload\/MEMORIA_DE_ACTIVIDADES_2017.pdf\" target=\"_blank\" rel=\"noopener\">MEMORIA Y BALANCE, CIERRE DE EJERCICIO31\/12\/2017<\/a><\/pre>\n<\/li>\n<li>\n<pre><a title=\"Estado de recursos\" href=\"https:\/\/istoledo-cba.infd.edu.ar\/sitio\/asociacion-cooperadora\/upload\/_20180511_185231.JPG\" target=\"_blank\" rel=\"noopener\">Estado de recursos y Gastos al 31\/12\/17<\/a><\/pre>\n<\/li>\n<li>\n<pre><a title=\"Comisi\u00f3n revisora\" href=\"https:\/\/istoledo-cba.infd.edu.ar\/sitio\/asociacion-cooperadora\/upload\/Scan_11_may._2018.pdf\" target=\"_blank\" rel=\"noopener\">Informe de la Comisi\u00f3n Revisora de Cuentas<\/a><\/pre>\n<\/li>\n<\/ul>","protected":false},"excerpt":{"rendered":"<p>A\u00d1O 2022 A\u00d1O 2021 A\u00d1O 2020 A\u00d1O 2019 A\u00d1O 2018 \u00a0Balance 2017 Balance 2018\u00a0 &#8211;\u00a0 Planilla Resumen 2018 A\u00d1O 2017 MEMORIA Y BALANCE, CIERRE DE EJERCICIO31\/12\/2017 Estado de recursos y Gastos al 31\/12\/17 Informe de la Comisi\u00f3n Revisora de Cuentas<\/p>\n","protected":false},"author":753,"featured_media":0,"parent":0,"menu_order":0,"comment_status":"closed","ping_status":"closed","template":"","meta":[],"acf":[],"_links":{"self":[{"href":"https:\/\/istoledo-cba.infd.edu.ar\/sitio\/wp-json\/wp\/v2\/pages\/1259"}],"collection":[{"href":"https:\/\/istoledo-cba.infd.edu.ar\/sitio\/wp-json\/wp\/v2\/pages"}],"about":[{"href":"https:\/\/istoledo-cba.infd.edu.ar\/sitio\/wp-json\/wp\/v2\/types\/page"}],"author":[{"embeddable":true,"href":"https:\/\/istoledo-cba.infd.edu.ar\/sitio\/wp-json\/wp\/v2\/users\/753"}],"replies":[{"embeddable":true,"href":"https:\/\/istoledo-cba.infd.edu.ar\/sitio\/wp-json\/wp\/v2\/comments?post=1259"}],"version-history":[{"count":6,"href":"https:\/\/istoledo-cba.infd.edu.ar\/sitio\/wp-json\/wp\/v2\/pages\/1259\/revisions"}],"predecessor-version":[{"id":3383,"href":"https:\/\/istoledo-cba.infd.edu.ar\/sitio\/wp-json\/wp\/v2\/pages\/1259\/revisions\/3383"}],"wp:attachment":[{"href":"https:\/\/istoledo-cba.infd.edu.ar\/sitio\/wp-json\/wp\/v2\/media?parent=1259"}],"curies":[{"name":"wp","href":"https:\/\/api.w.org\/{rel}","templated":true}]}}