{"id":1264,"date":"2019-05-19T23:26:44","date_gmt":"2019-05-20T02:26:44","guid":{"rendered":"https:\/\/istoledo-cba.infd.edu.ar\/sitio\/?page_id=1264"},"modified":"2024-09-02T10:49:08","modified_gmt":"2024-09-02T13:49:08","slug":"integrantes-de-la-comision-directiva","status":"publish","type":"page","link":"https:\/\/istoledo-cba.infd.edu.ar\/sitio\/integrantes-de-la-comision-directiva\/","title":{"rendered":"Comisi\u00f3n Directiva"},"content":{"rendered":"<h2 style=\"text-align: center;\">Comisi\u00f3n Directiva Periodo 2024-2026<\/h2>\n<h5 style=\"text-align: center;\">-Elecci\u00f3n realizada en la Asamblea General Ordinaria del 23\/Mayo\/2024-<\/h5>\n<h5>Presidente<\/h5>\n<p>Prof. Dr. Fernando Garc\u00eda<\/p>\n<h5>Secretaria<\/h5>\n<p>Prof. Carolina Torchio<\/p>\n<h5>Tesorera<\/h5>\n<p>Cra. Lorena Soledad Marmai<\/p>\n<h5>Vocales Titulares<\/h5>\n<p style=\"padding-left: 30px;\"><strong>Primero:\u00a0<\/strong>Prof. Sonia Andrea Delugo<strong><br \/><\/strong><\/p>\n<p style=\"padding-left: 30px;\"><strong>Segundo: <\/strong>Est. Cristina Ver\u00f3nica Gim\u00e9nez<strong><br \/><\/strong><\/p>\n<h5>Vocales Suplentes<\/h5>\n<p style=\"padding-left: 30px;\"><strong>Primero: <\/strong>Prof. Abg. Adri\u00e1n Costanzi<strong><br \/><\/strong><\/p>\n<p style=\"padding-left: 30px;\"><strong>Segundo: <\/strong>Est. M\u00e1xima del Valle Sarmiento<strong><br \/><\/strong><\/p>\n<h5>Integrantes de la Comisi\u00f3n Revisora de Cuentas<\/h5>\n<p style=\"padding-left: 30px;\"><strong>Miembro titular 1\u00ba: <\/strong>Est. Pablo Ariel Lucic<strong><br \/><\/strong><\/p>\n<p style=\"padding-left: 30px;\"><strong>Miembro titular 2\u00ba: <\/strong>Prof. Marcela Pellegrini<strong><br \/><\/strong><\/p>\n<p style=\"padding-left: 30px;\"><strong>Miembro titular 3\u00ba:\u00a0<\/strong>Est. Paula M. Enriquez<strong><br \/><\/strong><\/p>\n<p style=\"padding-left: 30px;\"><strong>Miembro Suplente: <\/strong>Est. Ainara Conci<strong><br \/><\/strong><\/p>\n<h5>Asesora y Veedora de la Comisi\u00f3n Directiva y Asamblea<\/h5>\n<p style=\"padding-left: 30px;\"><strong>\u00a0Prof. V. Mabel Ramos\u00a0<br \/><\/strong>en su car\u00e1cter de Directora del Inst. Sup. \u201cZarela Moyano de Toledo\u201d<\/p>\n\n<div class=\"wp-block-image\">\n<figure class=\"aligncenter size-large is-resized\"><img decoding=\"async\" loading=\"lazy\" src=\"https:\/\/istoledo-cba.infd.edu.ar\/sitio\/wp-content\/uploads\/2022\/03\/logo-coop.-zarela-1.jpg\" alt=\"\" class=\"wp-image-2521\" width=\"123\" height=\"109\"\/><\/figure><\/div>\n\n\n<p><\/p>\n","protected":false},"excerpt":{"rendered":"<p>Comisi\u00f3n Directiva Periodo 2024-2026 -Elecci\u00f3n realizada en la Asamblea General Ordinaria del 23\/Mayo\/2024- Presidente Prof. Dr. Fernando Garc\u00eda Secretaria Prof. Carolina Torchio Tesorera Cra. Lorena Soledad Marmai Vocales Titulares Primero:\u00a0Prof. Sonia Andrea Delugo Segundo: Est. Cristina Ver\u00f3nica Gim\u00e9nez Vocales Suplentes Primero: Prof. Abg. Adri\u00e1n Costanzi Segundo: Est. M\u00e1xima del Valle Sarmiento Integrantes de la Comisi\u00f3n &#8230; <a title=\"Comisi\u00f3n Directiva\" class=\"read-more\" href=\"https:\/\/istoledo-cba.infd.edu.ar\/sitio\/integrantes-de-la-comision-directiva\/\" aria-label=\"More on Comisi\u00f3n Directiva\">[+]<\/a><\/p>\n","protected":false},"author":753,"featured_media":0,"parent":0,"menu_order":0,"comment_status":"closed","ping_status":"closed","template":"","meta":[],"acf":[],"_links":{"self":[{"href":"https:\/\/istoledo-cba.infd.edu.ar\/sitio\/wp-json\/wp\/v2\/pages\/1264"}],"collection":[{"href":"https:\/\/istoledo-cba.infd.edu.ar\/sitio\/wp-json\/wp\/v2\/pages"}],"about":[{"href":"https:\/\/istoledo-cba.infd.edu.ar\/sitio\/wp-json\/wp\/v2\/types\/page"}],"author":[{"embeddable":true,"href":"https:\/\/istoledo-cba.infd.edu.ar\/sitio\/wp-json\/wp\/v2\/users\/753"}],"replies":[{"embeddable":true,"href":"https:\/\/istoledo-cba.infd.edu.ar\/sitio\/wp-json\/wp\/v2\/comments?post=1264"}],"version-history":[{"count":12,"href":"https:\/\/istoledo-cba.infd.edu.ar\/sitio\/wp-json\/wp\/v2\/pages\/1264\/revisions"}],"predecessor-version":[{"id":3746,"href":"https:\/\/istoledo-cba.infd.edu.ar\/sitio\/wp-json\/wp\/v2\/pages\/1264\/revisions\/3746"}],"wp:attachment":[{"href":"https:\/\/istoledo-cba.infd.edu.ar\/sitio\/wp-json\/wp\/v2\/media?parent=1264"}],"curies":[{"name":"wp","href":"https:\/\/api.w.org\/{rel}","templated":true}]}}