{"id":1441,"date":"2019-08-15T23:46:38","date_gmt":"2019-08-16T02:46:38","guid":{"rendered":"https:\/\/istoledo-cba.infd.edu.ar\/sitio\/?page_id=1441"},"modified":"2021-10-28T12:28:15","modified_gmt":"2021-10-28T15:28:15","slug":"solicitud-mesa-de-examen-extraordinario","status":"publish","type":"page","link":"https:\/\/istoledo-cba.infd.edu.ar\/sitio\/solicitud-mesa-de-examen-extraordinario\/","title":{"rendered":"SOLICITUD MESA DE EXAMEN FINALIZACI\u00d3N CARRERA"},"content":{"rendered":"<h2>\u00a0<\/h2>\n<h1>Ex\u00e1menes para Finalizar Estudios<\/h1>\n<p>En el marco del Aislamiento Social Preventivo Obligatorio por Pandemia COVID-19, se habilita formalmente la posibilidad del EXAMEN VIRTUAL, mediante la Plataforma MEET.<\/p>\n<p>L@s estudiantes <strong>DEBER\u00c1N HABER CULMINADO SU CURSADO<\/strong> y <strong>NO DEBER\u00c1N ADEUDAR M\u00c1S DE 3(tres) ESPACIOS CURRICULARES<\/strong> por rendir para acceder a la finalizaci\u00f3n de la Carrera.<\/p>\n<h2>Pr\u00f3ximos turnos habilitados:<\/h2>\n<h3 style=\"text-align: center;\">DICIEMBRE 2021<br \/><br \/>MARZO 2022<\/h3>\n<h3>\u00a0<\/h3>\n<h2><span style=\"color: #993366;\">Requisitos para la Inscripci\u00f3n:<\/span><\/h2>\n<p><span class=\"Titulo1\">L@s estudiantes que soliciten mesa de examen extraordinario deber\u00e1n hacerlo a trav\u00e9s del CORREO DE CONTACTO DE LA SECRETAR\u00cdA\u00a0 <strong><span style=\"color: #0000ff;\">zmdetoledo@yahoo.com.ar<\/span><\/strong><\/span><\/p>\n<p>El correo deber\u00e1 contener:<\/p>\n<p><strong>DATOS PERSONALES COMPLETOS:<\/strong><\/p>\n<p>Apellido y Nombre<br \/>DNI<br \/>CONTACTO\/ WSP<br \/>CARRERA- Espacio Curricular a Rendir-\u00a0 \u00a0A\u00f1o de Cursado\/Regularizada.<\/p>\n<p><strong>DEBER\u00c1N ADJUNTAR:<\/strong><\/p>\n<ul>\n<li>1 (un) archivo PDF con <strong><u>Foto digital DNI<\/u><\/strong> (ambos lados)<\/li>\n<li><strong>FICHAS DE TRAYECTORIA ACAD\u00c9MICA ACTUALIZADA<\/strong>: descargar haciendo clic <a href=\"https:\/\/istoledo-cba.infd.edu.ar\/sitio\/ficha-actualizacion-academica\/\" target=\"_blank\" rel=\"noopener\">AQU\u00cd<\/a>.<\/li>\n<li>Por cada <strong><u>ESPACIO CURRICULAR A RENDIR<\/u><\/strong> <strong>deber\u00e1 armar 1(un) archivo PDF que contenga<\/strong>:\n<ul>\n<li>Foto de las <strong>2 hojas de la libreta COMPLETA<\/strong> donde figure su <strong>REGULARIZACI\u00d3N<\/strong> y\/o Condici\u00f3n en la que rendir\u00e1.<\/li>\n<li>Foto de los <strong>ESPACIOS CORRELATIVOS APROBADOS<\/strong>.(Consultar <a href=\"https:\/\/istoledo-cba.infd.edu.ar\/sitio\/plan-de-estudios-4\/\" target=\"_blank\" rel=\"noopener\">R\u00e9gimen de Correlativas<\/a>\u00a0)<hr \/><strong>Ante cualquier duda o consulta comunicarse con SECRETAR\u00cdA a trav\u00e9s del correo o v\u00eda telef\u00f3nica en los horarios de PRESENCIALIDAD ACOTADA.-<\/strong><\/li>\n<\/ul>\n<\/li>\n<\/ul>\n<p>\u00a0<\/p>\n\n\n<div class=\"wp-block-image\"><figure class=\"aligncenter size-large is-resized\"><img decoding=\"async\" loading=\"lazy\" src=\"https:\/\/istoledo-cba.infd.edu.ar\/sitio\/wp-content\/uploads\/2021\/05\/LOGO-ZARELA.png\" alt=\"\" class=\"wp-image-2145\" width=\"70\" height=\"67\"\/><\/figure><\/div>\n\n\n\n<p><\/p>\n","protected":false},"excerpt":{"rendered":"<p>\u00a0 Ex\u00e1menes para Finalizar Estudios En el marco del Aislamiento Social Preventivo Obligatorio por Pandemia COVID-19, se habilita formalmente la posibilidad del EXAMEN VIRTUAL, mediante la Plataforma MEET. L@s estudiantes DEBER\u00c1N HABER CULMINADO SU CURSADO y NO DEBER\u00c1N ADEUDAR M\u00c1S DE 3(tres) ESPACIOS CURRICULARES por rendir para acceder a la finalizaci\u00f3n de la Carrera. Pr\u00f3ximos &#8230; <a title=\"SOLICITUD MESA DE EXAMEN FINALIZACI\u00d3N CARRERA\" class=\"read-more\" href=\"https:\/\/istoledo-cba.infd.edu.ar\/sitio\/solicitud-mesa-de-examen-extraordinario\/\" aria-label=\"More on SOLICITUD MESA DE EXAMEN FINALIZACI\u00d3N CARRERA\">[+]<\/a><\/p>\n","protected":false},"author":753,"featured_media":0,"parent":0,"menu_order":0,"comment_status":"closed","ping_status":"closed","template":"","meta":[],"acf":[],"_links":{"self":[{"href":"https:\/\/istoledo-cba.infd.edu.ar\/sitio\/wp-json\/wp\/v2\/pages\/1441"}],"collection":[{"href":"https:\/\/istoledo-cba.infd.edu.ar\/sitio\/wp-json\/wp\/v2\/pages"}],"about":[{"href":"https:\/\/istoledo-cba.infd.edu.ar\/sitio\/wp-json\/wp\/v2\/types\/page"}],"author":[{"embeddable":true,"href":"https:\/\/istoledo-cba.infd.edu.ar\/sitio\/wp-json\/wp\/v2\/users\/753"}],"replies":[{"embeddable":true,"href":"https:\/\/istoledo-cba.infd.edu.ar\/sitio\/wp-json\/wp\/v2\/comments?post=1441"}],"version-history":[{"count":8,"href":"https:\/\/istoledo-cba.infd.edu.ar\/sitio\/wp-json\/wp\/v2\/pages\/1441\/revisions"}],"predecessor-version":[{"id":2328,"href":"https:\/\/istoledo-cba.infd.edu.ar\/sitio\/wp-json\/wp\/v2\/pages\/1441\/revisions\/2328"}],"wp:attachment":[{"href":"https:\/\/istoledo-cba.infd.edu.ar\/sitio\/wp-json\/wp\/v2\/media?parent=1441"}],"curies":[{"name":"wp","href":"https:\/\/api.w.org\/{rel}","templated":true}]}}