{"id":1445,"date":"2019-08-15T23:57:19","date_gmt":"2019-08-16T02:57:19","guid":{"rendered":"https:\/\/istoledo-cba.infd.edu.ar\/sitio\/?page_id=1445"},"modified":"2024-12-23T18:32:43","modified_gmt":"2024-12-23T21:32:43","slug":"ficha-actualizacion-academica","status":"publish","type":"page","link":"https:\/\/istoledo-cba.infd.edu.ar\/sitio\/ficha-actualizacion-academica\/","title":{"rendered":"FICHA SITUACI\u00d3N ACAD\u00c9MICA"},"content":{"rendered":"<h2><span style=\"color: #ff0000;\">Estudiantes Carreras Formaci\u00f3n Docente<\/span><\/h2>\n<h6><a href=\"https:\/\/istoledo-cba.infd.edu.ar\/sitio\/wp-content\/uploads\/2022\/11\/FICHA-SITUACION-ACADEMICA-PEI.pdf\" target=\"_blank\" rel=\"noopener\"><strong>PROFESORADO DE EDUCACI\u00d3N INICIAL (Res. 979\/14)<\/strong>\u00a0DESDE COHORTE 2015<\/a><\/h6>\n<h6><a href=\"https:\/\/istoledo-cba.infd.edu.ar\/sitio\/wp-content\/uploads\/2022\/11\/FICHA-SITUACION-ACADEMICA-PEP.pdf\" target=\"_blank\" rel=\"noopener\"><strong>PROFESORADO DE EDUCACI\u00d3N PRIMARIA (Res. 979\/14) DESDE COHORTE 2015<\/strong><\/a><\/h6>\n<h6><a href=\"https:\/\/istoledo-cba.infd.edu.ar\/sitio\/wp-content\/uploads\/2022\/11\/FICHA-SITUACION-ACADEMICA-P.-MAT.pdf\" target=\"_blank\" rel=\"noopener\"><b>PROFESORADO DE EDUCACI\u00d3N SECUNDARIA EN MATEM\u00c1TICA (Res.978\/14) DESDE COHORTE 2015<\/b><\/a><\/h6>\n<p><strong><a href=\"https:\/\/istoledo-cba.infd.edu.ar\/sitio\/wp-content\/uploads\/2023\/02\/FICHA-SITUACION-ACADEMICA-ESTUDIANTES-P.E-S.-GEOGRAFIA.pdf\" target=\"_blank\" rel=\"noopener\">PROFESORADO DE EDUCACI\u00d3N SECUNDARIA EN GEOGRAF\u00cdA (Res. 280\/2018 )<\/a><\/strong><\/p>\n<p><a href=\"https:\/\/istoledo-cba.infd.edu.ar\/sitio\/wp-content\/uploads\/2023\/10\/FICHA-SITUACION-ACADEMICA-P.-FIS..pdf\" target=\"_blank\" rel=\"noopener\"><strong>PROFESORADO DE EDUCACI\u00d3N SECUNDARIA EN F\u00cdSICA (Res. 977\/2014)<\/strong><\/a><\/p>\n<table style=\"height: 34px;\" width=\"863\">\n<tbody>\n<tr>\n<td colspan=\"7\">\n<p><a href=\"https:\/\/docs.google.com\/document\/d\/1deoWyxmKg1oX2WOM85FFluQEtrqWpDX_cMkPssI9Ifg\/edit?usp=drive_link\"><b>PROFESORADO DE EDUCACI\u00d3N SECUNDARIA EN QU\u00cdMICA (<\/b><b>Resoluci\u00f3n Ministerial N\u00b0977\/14)<\/b><\/a><\/p>\n<\/td>\n<\/tr>\n<\/tbody>\n<\/table>\n<h2><span style=\"color: #00ff00;\">Estudiantes Carreras Formaci\u00f3n T\u00e9cnica Profesional<\/span><\/h2>\n<h6><a href=\"https:\/\/istoledo-cba.infd.edu.ar\/sitio\/wp-content\/uploads\/2020\/03\/FICHA-ACADEMICA-TEC.-SUP.-GESTI\u00d3N-Y-ADMINIST.-DE-LAS-ORG..pdf\" target=\"_blank\" rel=\"noopener\">TEC. SUP. GESTI\u00d3N Y ADMINISTRACI\u00d3N DE LAS ORGANIZACIONES- <span style=\"color: #ff0000;\"><strong>PLAN DE ESTUDIO &#8211; Res. Min. N\u00ba 681\/2012<\/strong>&#8211; \u00daLTIMA COHORTE 2021<\/span><\/a><\/h6>\n<p><strong><a href=\"https:\/\/istoledo-cba.infd.edu.ar\/sitio\/wp-content\/uploads\/2023\/02\/FICHA-SITUACION-ACADEMICA-ESTUDIANTES-T.S.-ADMINISTRACION.pdf\" target=\"_blank\" rel=\"noopener\">TEC. SUP. EN ADMINISTRACI\u00d3N- PLAN DE ESTUDIO Res. Min. 025\/2022- DESDE COHORTE 2022.-<\/a><\/strong><\/p>\n<p><a href=\"https:\/\/drive.google.com\/file\/d\/1HD2dPzYvTO3P5JJfN37EfAYJeaurbhg4\/view?usp=drive_link\"><strong>TECNICATURA SUPERIOR EN ADMINISTRACI\u00d3N PLAN DE ES<\/strong><\/a><strong>TUDIO-Res.Min.N\u00ba1499\/2023- Comprende las Cohortes desde el 2024.-<\/strong><\/p>\n<table>\n<tbody>\n<tr>\n<td colspan=\"7\">\n<p><a href=\"https:\/\/docs.google.com\/document\/d\/1-ctCI4eAEFmifFjZA21FEAncong5qHdSIlA5RlKC8ZY\/edit?usp=drive_link\"><strong>TECNICATURA SUPERIOR EN MAQUINARIAS Y EQUIPOS AGROPECUARIOS Res. Min 1000\/2013<\/strong><\/a><\/p>\n<\/td>\n<\/tr>\n<\/tbody>\n<\/table>\n\n\n<p><\/p>\n","protected":false},"excerpt":{"rendered":"<p>Estudiantes Carreras Formaci\u00f3n Docente PROFESORADO DE EDUCACI\u00d3N INICIAL (Res. 979\/14)\u00a0DESDE COHORTE 2015 PROFESORADO DE EDUCACI\u00d3N PRIMARIA (Res. 979\/14) DESDE COHORTE 2015 PROFESORADO DE EDUCACI\u00d3N SECUNDARIA EN MATEM\u00c1TICA (Res.978\/14) DESDE COHORTE 2015 PROFESORADO DE EDUCACI\u00d3N SECUNDARIA EN GEOGRAF\u00cdA (Res. 280\/2018 ) PROFESORADO DE EDUCACI\u00d3N SECUNDARIA EN F\u00cdSICA (Res. 977\/2014) PROFESORADO DE EDUCACI\u00d3N SECUNDARIA EN QU\u00cdMICA (Resoluci\u00f3n &#8230; <a title=\"FICHA SITUACI\u00d3N ACAD\u00c9MICA\" class=\"read-more\" href=\"https:\/\/istoledo-cba.infd.edu.ar\/sitio\/ficha-actualizacion-academica\/\" aria-label=\"More on FICHA SITUACI\u00d3N ACAD\u00c9MICA\">[+]<\/a><\/p>\n","protected":false},"author":753,"featured_media":0,"parent":0,"menu_order":0,"comment_status":"closed","ping_status":"closed","template":"","meta":[],"acf":[],"_links":{"self":[{"href":"https:\/\/istoledo-cba.infd.edu.ar\/sitio\/wp-json\/wp\/v2\/pages\/1445"}],"collection":[{"href":"https:\/\/istoledo-cba.infd.edu.ar\/sitio\/wp-json\/wp\/v2\/pages"}],"about":[{"href":"https:\/\/istoledo-cba.infd.edu.ar\/sitio\/wp-json\/wp\/v2\/types\/page"}],"author":[{"embeddable":true,"href":"https:\/\/istoledo-cba.infd.edu.ar\/sitio\/wp-json\/wp\/v2\/users\/753"}],"replies":[{"embeddable":true,"href":"https:\/\/istoledo-cba.infd.edu.ar\/sitio\/wp-json\/wp\/v2\/comments?post=1445"}],"version-history":[{"count":16,"href":"https:\/\/istoledo-cba.infd.edu.ar\/sitio\/wp-json\/wp\/v2\/pages\/1445\/revisions"}],"predecessor-version":[{"id":3846,"href":"https:\/\/istoledo-cba.infd.edu.ar\/sitio\/wp-json\/wp\/v2\/pages\/1445\/revisions\/3846"}],"wp:attachment":[{"href":"https:\/\/istoledo-cba.infd.edu.ar\/sitio\/wp-json\/wp\/v2\/media?parent=1445"}],"curies":[{"name":"wp","href":"https:\/\/api.w.org\/{rel}","templated":true}]}}