{"id":1467,"date":"2019-09-03T12:12:07","date_gmt":"2019-09-03T15:12:07","guid":{"rendered":"https:\/\/istoledo-cba.infd.edu.ar\/sitio\/?page_id=1467"},"modified":"2024-12-18T11:46:59","modified_gmt":"2024-12-18T14:46:59","slug":"informacion-general","status":"publish","type":"page","link":"https:\/\/istoledo-cba.infd.edu.ar\/sitio\/informacion-general\/","title":{"rendered":"Informaci\u00f3n General"},"content":{"rendered":"\n<h4 class=\"wp-block-heading\">EVALUACI\u00d3N  Y ACREDITACI\u00d3N DE ESPACIOS CURRICULARES<\/h4>\n\n\n\n<p>Seg\u00fan las orientaciones recibidas desde las Direcciones Generales, en el marco de la MODALIDAD COMBINADA CON R\u00c9GIMEN DE ALTERNANCIA, deja de tener vigencia la<a href=\"https:\/\/dges-cba.infd.edu.ar\/sitio\/wp-content\/uploads\/2020\/10\/ResMinisterial_381-20.pdf\" data-type=\"URL\" data-id=\"https:\/\/dges-cba.infd.edu.ar\/sitio\/wp-content\/uploads\/2020\/10\/ResMinisterial_381-20.pdf\" target=\"_blank\" rel=\"noreferrer noopener\"> <strong>Resol. Min. 381\/2020<\/strong><\/a> \u2013Referida a la Acreditaci\u00f3n y Evaluaci\u00f3n del Nivel Superior- para <strong><u>RECUPERAR EL SISTEMA DE ACREDITACI\u00d3N<\/u><\/strong> expresado en la <strong><a href=\"https:\/\/dges-cba.infd.edu.ar\/sitio\/resoluciones-ministerio-de-educacion\/upload\/resol_RAM_412.pdf\" data-type=\"URL\" data-id=\"https:\/\/dges-cba.infd.edu.ar\/sitio\/resoluciones-ministerio-de-educacion\/upload\/resol_RAM_412.pdf\" target=\"_blank\" rel=\"noreferrer noopener\">RES. MIN. 412\/2010 (R.A.M.)<\/a> Art. 19 al 24<\/strong>, es decir que si bien se <strong>continua con la modalidad de evaluaci\u00f3n formativa y de resultado,<\/strong> la <strong><u>ACREDITACI\u00d3N SER\u00c1 DIFERENCIADA SEG\u00daN EL FORMATO CURRICULAR.<\/u><\/strong> (Asignatura- Seminarios y Talleres). En tal sentido:<\/p>\n\n\n\n<ul>\n<li>Todos los espacios curriculares deber\u00e1n programar la realizaci\u00f3n de una <strong>INSTANCIA EVALUATIVA FINAL INTEGRADORA<\/strong> (I.E.F.I) en el periodo establecido antes de la Finalizaci\u00f3n del CICLO LECTIVO.<\/li>\n\n\n\n<li>Se recupera la posibilidad de la <strong>PROMOCI\u00d3N DIRECTA<\/strong> en todos los espacios curriculares independiente de su formato.<\/li>\n\n\n\n<li>En el caso de SEMINARIOS Y TALLERES, l@s estudiantes que NO ALCANZARON LA APROBACI\u00d3N FINAL \u2013tal como lo establece el RAM-, <strong><u>SOLO TENDR\u00c1N DOS INSTANCIAS DE COLOQUIO FINAL<\/u><\/strong> para lograr la APROBACI\u00d3N (Turno de diciembre\/2024 y Turno de febrero\/marzo 2025)<\/li>\n<\/ul>\n\n\n<h5>Escala de Calificaciones de Asignaturas, Talleres y Seminarios:<\/h5>\n<p style=\"text-align: center;\"><a href=\"https:\/\/istoledo-cba.infd.edu.ar\/sitio\/wp-content\/uploads\/2019\/09\/ESCALA-DE-CALIFICACIONES-EN-SGE.pdf\" target=\"_blank\" rel=\"noopener\">ESCALA DE CALIFICACIONES EN SGE<\/a><\/p>\n<hr>\n<h5>Sistema de Evaluaci\u00f3n y Acreditaci\u00f3n de espacios curriculares con formato de Asignatura, Seminario y Taller:<\/h5>\n<p style=\"text-align: center;\"><a href=\"https:\/\/istoledo-cba.infd.edu.ar\/sitio\/wp-content\/uploads\/2019\/09\/SISTEMA-DE-EVALUACION-Y-ACREDITACI\u00d3N.pdf\" target=\"_blank\" rel=\"noopener\">S\u00edntesis sobre el SISTEMA DE EVALUACION Y ACREDITACI\u00d3N<\/a><\/p>","protected":false},"excerpt":{"rendered":"<p>EVALUACI\u00d3N Y ACREDITACI\u00d3N DE ESPACIOS CURRICULARES Seg\u00fan las orientaciones recibidas desde las Direcciones Generales, en el marco de la MODALIDAD COMBINADA CON R\u00c9GIMEN DE ALTERNANCIA, deja de tener vigencia la Resol. Min. 381\/2020 \u2013Referida a la Acreditaci\u00f3n y Evaluaci\u00f3n del Nivel Superior- para RECUPERAR EL SISTEMA DE ACREDITACI\u00d3N expresado en la RES. MIN. 412\/2010 (R.A.M.) &#8230; <a title=\"Informaci\u00f3n General\" class=\"read-more\" href=\"https:\/\/istoledo-cba.infd.edu.ar\/sitio\/informacion-general\/\" aria-label=\"More on Informaci\u00f3n General\">[+]<\/a><\/p>\n","protected":false},"author":753,"featured_media":0,"parent":0,"menu_order":0,"comment_status":"closed","ping_status":"closed","template":"","meta":[],"acf":[],"_links":{"self":[{"href":"https:\/\/istoledo-cba.infd.edu.ar\/sitio\/wp-json\/wp\/v2\/pages\/1467"}],"collection":[{"href":"https:\/\/istoledo-cba.infd.edu.ar\/sitio\/wp-json\/wp\/v2\/pages"}],"about":[{"href":"https:\/\/istoledo-cba.infd.edu.ar\/sitio\/wp-json\/wp\/v2\/types\/page"}],"author":[{"embeddable":true,"href":"https:\/\/istoledo-cba.infd.edu.ar\/sitio\/wp-json\/wp\/v2\/users\/753"}],"replies":[{"embeddable":true,"href":"https:\/\/istoledo-cba.infd.edu.ar\/sitio\/wp-json\/wp\/v2\/comments?post=1467"}],"version-history":[{"count":4,"href":"https:\/\/istoledo-cba.infd.edu.ar\/sitio\/wp-json\/wp\/v2\/pages\/1467\/revisions"}],"predecessor-version":[{"id":3809,"href":"https:\/\/istoledo-cba.infd.edu.ar\/sitio\/wp-json\/wp\/v2\/pages\/1467\/revisions\/3809"}],"wp:attachment":[{"href":"https:\/\/istoledo-cba.infd.edu.ar\/sitio\/wp-json\/wp\/v2\/media?parent=1467"}],"curies":[{"name":"wp","href":"https:\/\/api.w.org\/{rel}","templated":true}]}}