{"id":1511,"date":"2019-09-16T13:50:19","date_gmt":"2019-09-16T16:50:19","guid":{"rendered":"https:\/\/istoledo-cba.infd.edu.ar\/sitio\/?page_id=1511"},"modified":"2022-05-03T13:49:56","modified_gmt":"2022-05-03T16:49:56","slug":"memoria-fotografica-anexo-sebastian-elcano","status":"publish","type":"page","link":"https:\/\/istoledo-cba.infd.edu.ar\/sitio\/memoria-fotografica-anexo-sebastian-elcano\/","title":{"rendered":"Anexo \u00abSebasti\u00e1n Elcano\u00bb"},"content":{"rendered":"<h3 style=\"text-align: left;\"><span style=\"color: #008000;\">Egresad@s en Pandemia &#8211; Anexo \u201cSebasti\u00e1n Elcano\u201d<\/span><\/h3>\n<p style=\"text-align: center;\">\u00a0<\/p>\n\n\n<div class=\"wp-block-image\"><figure class=\"aligncenter size-large is-resized\"><img decoding=\"async\" loading=\"lazy\" src=\"https:\/\/istoledo-cba.infd.edu.ar\/sitio\/wp-content\/uploads\/2022\/05\/1.png\" alt=\"\" class=\"wp-image-2609\" width=\"613\" height=\"436\" srcset=\"https:\/\/istoledo-cba.infd.edu.ar\/sitio\/wp-content\/uploads\/2022\/05\/1.png 1748w, https:\/\/istoledo-cba.infd.edu.ar\/sitio\/wp-content\/uploads\/2022\/05\/1-1000x709.png 1000w, https:\/\/istoledo-cba.infd.edu.ar\/sitio\/wp-content\/uploads\/2022\/05\/1-768x545.png 768w, https:\/\/istoledo-cba.infd.edu.ar\/sitio\/wp-content\/uploads\/2022\/05\/1-1536x1090.png 1536w\" sizes=\"(max-width: 613px) 100vw, 613px\" \/><\/figure><\/div>\n\n\n\n<p>Nos toc\u00f3 experimentar y enfrentar el miedo, la angustia, y la incertidumbre. Tuvimos que buscar, en ese contexto nuevas formas de <em><strong>hacer escuela<\/strong><\/em> y de sostener la formaci\u00f3n docente de calidad. Muchas veces remando contra la corriente y buscando\u00a0 los modos para que las dificultades pesaran un poco menos. Cada un@ de nuestr@s egresad@s  sabe el desaf\u00edo que implic\u00f3 estudiar, formarse y recibirse en el contexto de Pandemia. Y si lo lograron,\u00a0 es porque adem\u00e1s del esfuerzo y del tiempo que cada un@ dedic\u00f3 a la carrera, mucha gente camin\u00f3 junto a ell@s y sosteniendo esas trayectorias.<\/p>\n\n\n\n<p> Por eso, despu\u00e9s de transitar cuatro a\u00f1os de un recorrido arduo, atravesado por la excepcionalidad, podemos decir y confirmar que<em> \u00ab<strong>cuando el amor es el tim\u00f3n, la educaci\u00f3n siempre llega a buen puerto\u00bb.<\/strong><\/em><\/p>\n\n\n\n<h5 class=\"wp-block-heading\">Profesora de Educaci\u00f3n Secundaria en Biolog\u00eda (2020)<\/h5>\n\n\n\n<p><strong> BEL\u00c9N<\/strong>, Clarisa del Valle<\/p>\n\n\n\n<h5 class=\"wp-block-heading\">Profesor\/as de Educaci\u00f3n Secundaria en Qu\u00edmica (2021)<\/h5>\n\n\n\n<ul><li><strong>AG\u00dcERO, <\/strong>ALDANA BEL\u00c9N<\/li><li><strong>ALMIR\u00d3N, <\/strong>MAR\u00cdA LUZ<\/li><li><strong>BAEZ<\/strong>, DANIEL HERN\u00c1N<\/li><li><strong>BARRETO, <\/strong>BRENDA BETINA<\/li><li><strong>BEAS VELIZ<\/strong>,  MALENA CELESTE AGUSTINA<\/li><li><strong>D\u00cdAZ<\/strong>, AYEL\u00c9N DE LOS ANGELES<\/li><li><strong>GONZ\u00c1LEZ<\/strong>, ANA PAULA<\/li><li><strong>HERRERA<\/strong> <strong>FIGUEROA, <\/strong>CAROLINA<\/li><li><strong>MANSILLA, <\/strong>ANA BEL\u00c9N<\/li><li><strong>OLIVERA<\/strong>, ELIANA DEL VALLE<\/li><li><strong>RODR\u00cdGUEZ, <\/strong>DALMA ABIGAIL<\/li><li><strong>SORIA, <\/strong>MAGAL\u00cd NAIMA<\/li><\/ul>\n\n\n\n<figure class=\"wp-block-gallery columns-3 is-cropped wp-block-gallery-1 is-layout-flex\"><ul class=\"blocks-gallery-grid\"><li class=\"blocks-gallery-item\"><figure><img decoding=\"async\" loading=\"lazy\" width=\"1188\" height=\"699\" src=\"https:\/\/istoledo-cba.infd.edu.ar\/sitio\/wp-content\/uploads\/2022\/05\/image-3.png\" alt=\"\" data-id=\"2610\" data-full-url=\"https:\/\/istoledo-cba.infd.edu.ar\/sitio\/wp-content\/uploads\/2022\/05\/image-3.png\" data-link=\"https:\/\/istoledo-cba.infd.edu.ar\/sitio\/memoria-fotografica-anexo-sebastian-elcano\/image-3-2\/#main\" class=\"wp-image-2610\" srcset=\"https:\/\/istoledo-cba.infd.edu.ar\/sitio\/wp-content\/uploads\/2022\/05\/image-3.png 1188w, https:\/\/istoledo-cba.infd.edu.ar\/sitio\/wp-content\/uploads\/2022\/05\/image-3-1000x588.png 1000w, https:\/\/istoledo-cba.infd.edu.ar\/sitio\/wp-content\/uploads\/2022\/05\/image-3-768x452.png 768w\" sizes=\"(max-width: 1188px) 100vw, 1188px\" \/><\/figure><\/li><li class=\"blocks-gallery-item\"><figure><img decoding=\"async\" loading=\"lazy\" width=\"1200\" height=\"704\" src=\"https:\/\/istoledo-cba.infd.edu.ar\/sitio\/wp-content\/uploads\/2022\/05\/EGRESADOS-PANDEMIA-P.E.S.-QUIMICA-ELCANO.png\" alt=\"\" data-id=\"2611\" data-full-url=\"https:\/\/istoledo-cba.infd.edu.ar\/sitio\/wp-content\/uploads\/2022\/05\/EGRESADOS-PANDEMIA-P.E.S.-QUIMICA-ELCANO.png\" data-link=\"https:\/\/istoledo-cba.infd.edu.ar\/sitio\/memoria-fotografica-anexo-sebastian-elcano\/egresados-pandemia-p-e-s-quimica-elcano\/#main\" class=\"wp-image-2611\" srcset=\"https:\/\/istoledo-cba.infd.edu.ar\/sitio\/wp-content\/uploads\/2022\/05\/EGRESADOS-PANDEMIA-P.E.S.-QUIMICA-ELCANO.png 1200w, https:\/\/istoledo-cba.infd.edu.ar\/sitio\/wp-content\/uploads\/2022\/05\/EGRESADOS-PANDEMIA-P.E.S.-QUIMICA-ELCANO-1000x587.png 1000w, https:\/\/istoledo-cba.infd.edu.ar\/sitio\/wp-content\/uploads\/2022\/05\/EGRESADOS-PANDEMIA-P.E.S.-QUIMICA-ELCANO-768x451.png 768w\" sizes=\"(max-width: 1200px) 100vw, 1200px\" \/><\/figure><\/li><li class=\"blocks-gallery-item\"><figure><img decoding=\"async\" loading=\"lazy\" width=\"1091\" height=\"548\" src=\"https:\/\/istoledo-cba.infd.edu.ar\/sitio\/wp-content\/uploads\/2022\/05\/Egresados-Pandemia-ANEXO-ELCANO.png\" alt=\"\" data-id=\"2612\" data-full-url=\"https:\/\/istoledo-cba.infd.edu.ar\/sitio\/wp-content\/uploads\/2022\/05\/Egresados-Pandemia-ANEXO-ELCANO.png\" data-link=\"https:\/\/istoledo-cba.infd.edu.ar\/sitio\/memoria-fotografica-anexo-sebastian-elcano\/egresados-pandemia-anexo-elcano\/#main\" class=\"wp-image-2612\" srcset=\"https:\/\/istoledo-cba.infd.edu.ar\/sitio\/wp-content\/uploads\/2022\/05\/Egresados-Pandemia-ANEXO-ELCANO.png 1091w, https:\/\/istoledo-cba.infd.edu.ar\/sitio\/wp-content\/uploads\/2022\/05\/Egresados-Pandemia-ANEXO-ELCANO-1000x502.png 1000w, https:\/\/istoledo-cba.infd.edu.ar\/sitio\/wp-content\/uploads\/2022\/05\/Egresados-Pandemia-ANEXO-ELCANO-768x386.png 768w\" sizes=\"(max-width: 1091px) 100vw, 1091px\" \/><\/figure><\/li><\/ul><\/figure>\n\n\n\n<p class=\"has-text-align-center\"><strong><a href=\"https:\/\/drive.google.com\/drive\/folders\/1qm6uB3p7Bgc55b-BZsriGZGYosEaRnOC?usp=sharing\" target=\"_blank\" rel=\"noreferrer noopener\">jueves, 28 de abril\/2022- Acceso a Archivo Fotogr\u00e1fico- C.I.P.E. Zarela Moyano- <\/a><\/strong><\/p>\n","protected":false},"excerpt":{"rendered":"<p>Egresad@s en Pandemia &#8211; Anexo \u201cSebasti\u00e1n Elcano\u201d \u00a0 Nos toc\u00f3 experimentar y enfrentar el miedo, la angustia, y la incertidumbre. Tuvimos que buscar, en ese contexto nuevas formas de hacer escuela y de sostener la formaci\u00f3n docente de calidad. Muchas veces remando contra la corriente y buscando\u00a0 los modos para que las dificultades pesaran un &#8230; <a title=\"Anexo \u00abSebasti\u00e1n Elcano\u00bb\" class=\"read-more\" href=\"https:\/\/istoledo-cba.infd.edu.ar\/sitio\/memoria-fotografica-anexo-sebastian-elcano\/\" aria-label=\"More on Anexo \u00abSebasti\u00e1n Elcano\u00bb\">[+]<\/a><\/p>\n","protected":false},"author":753,"featured_media":0,"parent":0,"menu_order":0,"comment_status":"closed","ping_status":"closed","template":"","meta":[],"acf":[],"_links":{"self":[{"href":"https:\/\/istoledo-cba.infd.edu.ar\/sitio\/wp-json\/wp\/v2\/pages\/1511"}],"collection":[{"href":"https:\/\/istoledo-cba.infd.edu.ar\/sitio\/wp-json\/wp\/v2\/pages"}],"about":[{"href":"https:\/\/istoledo-cba.infd.edu.ar\/sitio\/wp-json\/wp\/v2\/types\/page"}],"author":[{"embeddable":true,"href":"https:\/\/istoledo-cba.infd.edu.ar\/sitio\/wp-json\/wp\/v2\/users\/753"}],"replies":[{"embeddable":true,"href":"https:\/\/istoledo-cba.infd.edu.ar\/sitio\/wp-json\/wp\/v2\/comments?post=1511"}],"version-history":[{"count":5,"href":"https:\/\/istoledo-cba.infd.edu.ar\/sitio\/wp-json\/wp\/v2\/pages\/1511\/revisions"}],"predecessor-version":[{"id":2613,"href":"https:\/\/istoledo-cba.infd.edu.ar\/sitio\/wp-json\/wp\/v2\/pages\/1511\/revisions\/2613"}],"wp:attachment":[{"href":"https:\/\/istoledo-cba.infd.edu.ar\/sitio\/wp-json\/wp\/v2\/media?parent=1511"}],"curies":[{"name":"wp","href":"https:\/\/api.w.org\/{rel}","templated":true}]}}