{"id":1713,"date":"2020-03-09T19:32:48","date_gmt":"2020-03-09T22:32:48","guid":{"rendered":"https:\/\/istoledo-cba.infd.edu.ar\/sitio\/?page_id=1713"},"modified":"2024-02-26T08:44:20","modified_gmt":"2024-02-26T11:44:20","slug":"historia-de-la-educacion-superior-en-jesus-maria","status":"publish","type":"page","link":"https:\/\/istoledo-cba.infd.edu.ar\/sitio\/historia-de-la-educacion-superior-en-jesus-maria\/","title":{"rendered":"Historia de la Educaci\u00f3n Superior en Jes\u00fas Mar\u00eda"},"content":{"rendered":"<div class=\"wp-block-image\">\n<figure class=\"aligncenter size-large is-resized\"><img decoding=\"async\" loading=\"lazy\" src=\"https:\/\/istoledo-cba.infd.edu.ar\/sitio\/wp-content\/uploads\/2022\/05\/WhatsApp-Image-2022-05-26-at-12.37.02-PM.jpeg\" alt=\"\" class=\"wp-image-2727\" width=\"416\" height=\"586\" srcset=\"https:\/\/istoledo-cba.infd.edu.ar\/sitio\/wp-content\/uploads\/2022\/05\/WhatsApp-Image-2022-05-26-at-12.37.02-PM.jpeg 908w, https:\/\/istoledo-cba.infd.edu.ar\/sitio\/wp-content\/uploads\/2022\/05\/WhatsApp-Image-2022-05-26-at-12.37.02-PM-709x1000.jpeg 709w, https:\/\/istoledo-cba.infd.edu.ar\/sitio\/wp-content\/uploads\/2022\/05\/WhatsApp-Image-2022-05-26-at-12.37.02-PM-768x1083.jpeg 768w\" sizes=\"(max-width: 416px) 100vw, 416px\" \/><\/figure><\/div>\n\n<p>La Educaci\u00f3n Superior en Jes\u00fas Mar\u00eda, aparece como una necesidad de brindarle a los j\u00f3venes egresados del nivel secundario de la zona alguna carrera para continuar sus estudios. A partir de esto, es que surge de un grupo de profesores la idea de iniciar los tr\u00e1mites tendientes a la creaci\u00f3n de un profesorado firm\u00e1ndose la primera nota en Agosto del a\u00f1o 1972, por una comisi\u00f3n llamada \u201cAmigos de Jes\u00fas Mar\u00eda\u201d,&nbsp;integrada por: Ethel de Derisso, Cr Antonio Francisco Roya, Josefa de Mattos,&nbsp; Dra Olga de Giacopello, Prof. Roberto Rodr\u00edguez, Cr N\u00e9stor Trettel, Prof. Carolina Rodr\u00edguez,&nbsp; Prof Ethel Bron, Dra Mar\u00eda Esther de Peralta Jaime y el Prof. Lic. Sixto Mardoqueo Reyes. Esta nota dio origen al expediente.<\/p>\n<p>El <strong>Instituto Superior \u201cZarela Moyano de Toledo\u201d nace el 2 de junio de 1982<\/strong>, por iniciativa de un grupo de ex docentes muy comprometidas con la educaci\u00f3n de la zona. Ellas eran Dra. Mar\u00eda Esther Napoli, Prof. Josefa Mamanna , Prof. Carolina Rodr\u00edguez, Prof. Ethel Bron&nbsp; y Prof. Mar\u00eda Giacopello. Esas docentes constituyen una Comisi\u00f3n \u201cAd Hoc\u201d y comienzan a realizar gestiones para que estudios superiores no universitarios se instalen en Jes\u00fas Mar\u00eda,&nbsp; para paliar la grave situaci\u00f3n que les acog\u00eda a los estudiantes al finalizar los estudios secundarios y viajar a la ciudad de C\u00f3rdoba (costos elevados para los padres, p\u00e9rdida de tiempo con 3 horas de viaje, etc.). Este expediente que estaba archivado, fue tenido en cuenta por el Intendente Municipal el Escr. Cipriano Zoldano, quien lo hizo llegar a las autoridades pertinentes, logrando de esta manera que al cabo de diez a\u00f1os <em>se inaugura en Jes\u00fas Mar\u00eda, el d\u00eda 2 de Junio de 1982 una divisi\u00f3n del primer a\u00f1o del Instituto Superior del Profesorado de Ciencias Econ\u00f3micas y Jur\u00eddicas<\/em> (Hoy Instituto Superior Ortiz y Herrera)<\/p>\n<p>El acto inaugural cont\u00f3 con la presencia del Director del Instituto del Profesorado de C\u00f3rdoba&nbsp; \u201cCarlos Alberto Leguizam\u00f3n\u201d, de cuya direcci\u00f3n depend\u00eda esta divisi\u00f3n<\/p>\n<p>Este Instituto comenz\u00f3 a funcionar en las instalaciones de la Escuela&nbsp; Dr. Francisco Narciso De Laprida &#8211; ubicada en la zona de la Terminal de \u00d3mnibus de la ciudad de Jes\u00fas Mar\u00eda, en la calle Paseo del Huerto al 600- con 70 estudiantes ya inscriptos que comenzaron a cursar de Lunes a Viernes en el horario de 19:00 a 23:30 horas.<\/p>\n<p>El 14 de Mayo de 1985 se dio inicio al Profesorado de Jard\u00edn de Infantes, como una prueba piloto, \u00fanica en la Provincia de C\u00f3rdoba, seg\u00fan el Decreto N\u00ba 1983 de DEMES.&nbsp;El Gobierno de la Provincia crea este Profesorado con 83 estudiantes y por la cantidad de inscriptas se autorizaron dos divisiones.<\/p>\n<p><img decoding=\"async\" loading=\"lazy\" class=\"size-full wp-image-2238 alignleft\" src=\"https:\/\/istoledo-cba.infd.edu.ar\/sitio\/wp-content\/uploads\/2021\/10\/1-SIXTO-MARDOQUEO-Periodo-gestion-1985-2002.jpg\" alt=\"\" width=\"160\" height=\"160\"> A&nbsp;cargo de esta gesti\u00f3n como el <strong>Primer Director<\/strong> fue propuesto por su idoneidad el <strong>Prof. Lic. Sixto Mardoqueo Reyes<\/strong>. (Periodo de Gesti\u00f3n 1985-2002)<\/p>\n<p>Asimismo, es designada como secretaria Stella Mary Videla y como preceptores Susana Moyano y Pablo Derisso.&nbsp; Los profesores que iniciaron este gran barco fueron: Mar\u00eda Rosa P\u00e1ez, Ana Mar\u00eda Romanutti,&nbsp; Mar\u00eda Ester Napoli, Marta Ochoa, Mar\u00eda Hortencia Nu\u00f1ez, Sonia D\u00b4Olivo&nbsp; y Luis Giaccardi.<\/p>\n<p>Al crearse El Profesorado de Jard\u00edn de Infantes con dos divisiones, no se pod\u00eda continuar funcionando en las instalaciones de La Escuela Francisco Narciso Laprida porque en el mismo horario funcionaba una escuela primaria para adultos, por lo que \u00e9ste Instituto se traslada en Mayo de 1985 a las instalaciones de la Escuela n\u00ba 21 \u201c<strong>Gendarmer\u00eda Nacional<\/strong>\u201d y se nombra como Auxiliar de Servicio a las se\u00f1oras Norma Oppizzi y Marta Lucero.<\/p>\n<p>En el a\u00f1o 1987 se produce la primera cohorte de 40 flamantes profesoras que se insertaron r\u00e1pidamente en el Sistema Educativo.<\/p>\n<p>Por otra parte, se continuaron las gestiones,&nbsp; por lo que en ese mismo a\u00f1o autorizan la apertura de una secci\u00f3n anexa del Magisterio Superior dependiendo del Profesorado Carlos Leguizam\u00f3n de la Ciudad de C\u00f3rdoba (hoy Instituto Superior), con la coordinaci\u00f3n de la Profesora Mar\u00eda Cristina Gonz\u00e1lez; y tambi\u00e9n una nueva cohorte de <strong>Profesorado de Ciencias Econ\u00f3micas<\/strong> dependiendo todav\u00eda del Instituto Superior del Profesorado de Ciencias Econ\u00f3micas y Jur\u00eddica de C\u00f3rdoba, siendo su coordinador el Prof. y Abog. Fernando Peralta N\u00e1poli. Luego por Decreto N\u00ba 3209\/89, la oferta de <strong>Magisterio Superior y Jard\u00edn de Infantes<\/strong> pasa a depender del Instituto Superior por Resoluci\u00f3n Ministerial de Gobierno de la Provincia.<\/p>\n<p>El 2 de Octubre de 1990 y a pedido de la Comunidad de Jes\u00fas Mar\u00eda, la Direcci\u00f3n de Ense\u00f1anza Media, Especial y Superior, le imponen el nombre de \u201cZarela Moyano de Toledo\u201d al Instituto de Educaci\u00f3n Superior seg\u00fan el Decreto N\u00ba 1800\/90.<\/p>\n<p>Para seguir con la historia de esta Instituci\u00f3n, en los a\u00f1os 1991 y 1992, DEMES cre\u00f3 secciones anexas de Magisterio Superior en las localidades de San Francisco del Cha\u00f1ar y Serrezuela, dependiendo de este Instituto Formaci\u00f3n.<\/p>\n<p>En 1994, se autoriza el dictado de la Carrera <strong>Tecnicatura Superior en Administraci\u00f3n de Empresas,<\/strong> solicitada por empresas de la zona y para captar la presencia de j\u00f3venes varones. Con esta carrera el Instituto Superior adem\u00e1s de ser formador docente se constituye en formador t\u00e9cnico profesionales. De esta carrera egresaron tres cohortes.<\/p>\n<p>En el a\u00f1o 1999, se dicta el <strong>Profesorado de Ciencias Econ\u00f3micas<\/strong>.<\/p>\n<p>En 2000 se recibe instrucciones del Ministerio de Educaci\u00f3n de la Naci\u00f3n donde todos los Institutos Superiores deb\u00edan realizar estad\u00edsticas, proyecciones y enviar todos \u00e9sos antecedentes para que los mismos se protocolicen y obtengan acreditaci\u00f3n Nacional. En el a\u00f1o 2001 se aprueba y el Instituto pasa a integrar la Red Federal de Formaci\u00f3n Docente y T\u00e9cnica con la acreditaci\u00f3n plena del <strong>Protocolo Inicial de Acreditaci\u00f3n (P.I.A.)<\/strong><\/p>\n<p>Con la transformaci\u00f3n de los Planes de Estudios para la Formaci\u00f3n Docente&nbsp; a partir de la Resoluci\u00f3n Ministerial N\u00ba 9101, se&nbsp; vieron modificadas la denominaci\u00f3n de las carreras: el Profesorado de Ciencias Econ\u00f3micas pas\u00f3 a llamarse <strong>Profesorado de EGB3 Polimodal en Econom\u00eda<\/strong>; el Profesorado de Jard\u00edn de Infantes, a&nbsp;<strong>Profesorado de Educaci\u00f3n Inicial<\/strong> y Magisterio Superior en <strong>Profesorado de 1\u00ba y 2\u00ba Ciclo de la EG<\/strong>B.<\/p>\n<p>Al obtener la aprobaci\u00f3n del <strong>P.I.A<\/strong>, el Instituto se encontraba facultado para dictar cursos de Capacitaci\u00f3n, por lo que form\u00f3 el Departamento de Capacitaci\u00f3n y Desarrollo Profesional, a partir de los docentes que no hab\u00edamos podido ser reubicados seg\u00fan los nuevos planes de estudios y&nbsp; que contaba con la idoneidad, a la vez que con horas de extensi\u00f3n. Este equipo se aboc\u00f3 a preparar proyectos que fueron aplicados en la Sede y zona de influencia: San Jos\u00e9 de la Dormida, Villa Guti\u00e9rrez entre otros.&nbsp; Asimismo, se firmaron convenios con la Universidades Cat\u00f3lica de&nbsp; C\u00f3rdoba y la Universidad Nacional &nbsp;de C\u00f3rdoba, de Santiago del Estero y de La Pampa.<\/p>\n<p><img decoding=\"async\" loading=\"lazy\" class=\" wp-image-2239 alignleft\" src=\"https:\/\/istoledo-cba.infd.edu.ar\/sitio\/wp-content\/uploads\/2021\/10\/2-MARIA-CRISTINA-GONZALEZ-Periodo-gestion-2002-2003.jpg\" alt=\"\" width=\"151\" height=\"236\">En el a\u00f1o 2002, por requerimiento de la Ciudad de Jes\u00fas Mar\u00eda, DEMES autoriz\u00f3 la apertura de nuevas cohortes de <strong>Tecnicatura en Administraci\u00f3n de las Organizaciones<\/strong> y <strong>Profesorado de Tecnolog\u00eda<\/strong>, a partir de la baja el Profesorado de EGB3 y Polimodal de Econom\u00eda, para evitar que la zona se sature de egresados con la misma titulaci\u00f3n.&nbsp; En ese momento la <strong>Directora<\/strong> del Instituto era la <strong>Prof. y Lic.Mar\u00eda Cristina Gonz\u00e1lez. <\/strong>(Periodo de Gesti\u00f3n 2002-2003)<\/p>\n<p>En el mismo a\u00f1o, por gestiones realizadas de los Municipios de San Jos\u00e9 de la Dormida y San Francisco del Cha\u00f1ar, la Direcci\u00f3n de Ense\u00f1anza Media <strong>autoriz\u00f3 secciones anexas al Instituto<\/strong> del Profesorado de 1\u00ba y 2\u00ba Ciclo de la EGB &#8211; en <strong>San Jos\u00e9 de La Dormida<\/strong>&#8211; y Tecnicatura en Administraci\u00f3n de las Organizaciones &#8211; en <strong>San Francisco del Cha\u00f1a<\/strong>r-. En el mismo periodo por inquietud de los alumnos se form\u00f3 el Centro de Estudiantes.<\/p>\n<p>Profesionales y T\u00e9cnicos de la zona le presentaron a la Directora la inquietud de realizar espacios curriculares pedag\u00f3gicos para insertarse al Sistema Educativo. Por lo expuesto, esta Direcci\u00f3n con ayuda de Docentes confeccionaron un proyecto para tal fin. En el a\u00f1o 2003, se autoriz\u00f3 el <strong>Trayecto Pedag\u00f3gico para Profesionales Universitarios y T\u00e9cnicos Superiores.<\/strong><\/p>\n<p><img decoding=\"async\" loading=\"lazy\" class=\"wp-image-2240 alignleft\" src=\"https:\/\/istoledo-cba.infd.edu.ar\/sitio\/wp-content\/uploads\/2021\/10\/3-FERNANDO-Periodo-gestion-2003-2004.jpg\" alt=\"\" width=\"178\" height=\"186\">En el a\u00f1o 2003, a partir de la&nbsp; jubilaci\u00f3n de la Prof. y Lic. Mar\u00eda Cristina Gonzalez fue designado <strong>Director Precario&nbsp;<\/strong>al <strong>Cr An\u00edbal Fernando D\u00edaz. <\/strong>Posteriormente, asume como <strong>Directora <\/strong>&nbsp;<strong>Interina<\/strong> la <strong>Prof. y Psp. Dolly Salgado<\/strong>. A comienzo del 2004, se autoriz\u00f3 la apertura de las <strong>Carreras de Profesorado de Educaci\u00f3n F\u00edsica<\/strong> y <strong>Tecnicatura Superior en Turismo y Hoteler\u00eda<\/strong>, con cohorte a t\u00e9rmino.<\/p>\n<p>En octubre del a\u00f1o 2005 es nombrada la<strong> Prof. Cra. Laura Roxana Lirusso <\/strong>como<strong> Regente de Ense\u00f1anza Superior Interina&nbsp;<\/strong>del Instituto, cargo que desempe\u00f1a hasta octubre del 2008, a\u00f1o en que es nombrada <strong>Directora Interina. <\/strong>(Periodo de Gesti\u00f3n 2008-2017)<strong><img decoding=\"async\" loading=\"lazy\" class=\" wp-image-2241 alignright\" src=\"https:\/\/istoledo-cba.infd.edu.ar\/sitio\/wp-content\/uploads\/2021\/10\/5-LAURA-LIRUSSO-Periodo-gestion-2008-mayo-2017.jpg\" alt=\"\" width=\"266\" height=\"177\"><\/strong><\/p>\n<p>En mayo de 2011, la <strong>Prof. Lic. Silvana Cecilia Pedro<\/strong> asume el cargo de <strong>Regente<\/strong> con car\u00e1cter <strong>SUPLENTE<\/strong> seg\u00fan Resoluci\u00f3n N\u00ba 0435 de la Direcci\u00f3n General de Educaci\u00f3n Superior y el Expediente N\u00ba 0623\u2013 117068\/2009, hasta febrero de 2015, por razones particulares.<\/p>\n<p>Despu\u00e9s de a\u00f1os gestionar la posibilidad de obtener el edificio propio, se obtuvo la donaci\u00f3n del terreno por la Municipalidad de Jes\u00fas Mar\u00eda durante la Gesti\u00f3n del Se\u00f1or Intendente Jorge Colombo. El terreno destinado para la construcci\u00f3n se encuentra en el Barrio 17 de Octubre, ubicado en la misma manzana que ocupan el C.E.D.E.R y el I.P.E.M. 294 \u201cJes\u00fas Mar\u00eda\u201d, en pr\u00f3ximas a las instalaciones del Polideportivo Municipal \u201cOscar Moris\u201d.<\/p>\n<p>En noviembre de 2015, con la presencia del ministro de Educaci\u00f3n Walter Grahovac, se concret\u00f3 la firma del contrato para realizar la construcci\u00f3n del nuevo edificio destinado al funcionamiento del Instituto Superior Zarela Moyano de Toledo de la ciudad de Jes\u00fas Mar\u00eda.<\/p>\n<p><img decoding=\"async\" loading=\"lazy\" class=\"wp-image-2242 alignleft\" src=\"https:\/\/istoledo-cba.infd.edu.ar\/sitio\/wp-content\/uploads\/2021\/10\/firma-construccion-del-edificio-zarela-2015.jpg\" alt=\"\" width=\"298\" height=\"198\">El proyecto de obra supon\u00eda dos plantas de unos 1.655 metros cuadrados de superficie, que contempla nueve aulas comunes, dos de menores dimensiones, taller de usos m\u00faltiples, centro de recursos multimediales, \u00e1rea de gobierno, n\u00facleo de sanitarios, cocina, dep\u00f3sito, \u00e1rea de servicios y play\u00f3n deportivo entre otras dependencias.<\/p>\n<p>El documento fue suscrito entre el representante de la EMPRESA ECSIN, ganadora del llamado a licitaci\u00f3n realizado en octubre, y Carlos Contreras representante del Ministerio de Planificaci\u00f3n Federal. Esto fue posible gracias al acuerdo existente entre el Gobierno de la Provincia y la cartera nacional para la construcci\u00f3n de este tipo de edificios.<\/p>\n<p>En este momento fundamental para la historia del Instituto se cont\u00f3 tambi\u00e9n con la participaci\u00f3n del&nbsp; director de Infraestructura Escolar y Programas Especiales, Carlos Pedetta; el subdirector de Infraestructura Escolar, Jos\u00e9 Papa; el legislador departamental, Carlos Presas; el intendente de Jes\u00fas Mar\u00eda, Gabriel Frizza y la entonces directora del Instituto, Prof. Cra. Laura Lirusso.<\/p>\n<p>Los trabajos de construcci\u00f3n se iniciaron en el mes febrero del a\u00f1o siguiente, con un plazo de ejecuci\u00f3n de aproximadamente de 15 meses y con una inversi\u00f3n de $18.500.000.<\/p>\n<p>En el a\u00f1o 2016, conforme a lo que dispone la Ley 10237\/2014, en su Art. 10\u00b0, la Direcci\u00f3n General de Educaci\u00f3n Superior, a trav\u00e9s de la Resoluci\u00f3n N\u00b0 0527 se realiza el primer llamado a CONCURSO de T\u00cdTULOS, ANTECEDENTES Y OPOSICI\u00d3N para la cobertura en car\u00e1cter de Titular del Cargos directivos (Director E.S. y Regente)<\/p>\n<p>Dicho concurso se desarroll\u00f3 durante el periodo comprendido entre los meses de junio a noviembre del respectivo a\u00f1o. Quien obtuvo el primer lugar en el orden de m\u00e9rito para cada cargo concursado fue la <strong>Prof. Lic. Esp. Claudia Leticia de la Fuente<\/strong>, docente del instituto desde junio de 2002.<\/p>\n<p>El 30 de noviembre de 2016, e<strong>l Director General de la D.G.E.S.- Mgter. Prof. Santiago Lucero<\/strong>&#8211; procede a la notificaci\u00f3n y a la adjudicaci\u00f3n de los puestos directivos concursados, para dar elevaci\u00f3n en el Expediente N\u00b0 0623-120809\/2016.<\/p>\n<p>Durante el mes de marzo de 2017, se produce una segunda convocatoria a CONCURSO de T\u00cdTULOS, ANTECEDENTES Y OPOSICI\u00d3N para la cobertura en car\u00e1cter de Titular del Cargos directivos vacantes (Director E.S. y Regente), por parte de la Direcci\u00f3n General de Educaci\u00f3n Superior a trav\u00e9s de la Resoluci\u00f3n 056.<\/p>\n<p>El 19 de abril en el Bolet\u00edn Oficial de la Provincia de C\u00f3rdoba se publica el Decreto Provincial N\u00b0 465 (Anexo I) con fecha 06 de abril de 2017, que DESIGNA como <strong>DIRECTORA TITULAR <\/strong>a la<strong> Prof. Lic. Esp. Claudia Leticia de la Fuente<\/strong>.<\/p>\n<p>El 10 de mayo de 2017, en un encuentro interno con el Personal Docente y la Planta Permanente, <strong>el Inspector de ZONA III dependiente de la D.G.E.S<\/strong>. \u2013 <strong>Prof. Lic. Ernesto Olmedo<\/strong>&#8211; pone en funci\u00f3n de su cargo directivo, a la nueva directora, y re-asigna el cargo de REGENTE INTERINA a la Prof. Cra. Laura Roxana Lirusso, quien por motivos de salud renuncia en junio 2017.<\/p>\n<p>Por otra parte, durante el periodo comprendido entre los meses de marzo a julio se desarroll\u00f3&nbsp; el Segundo CONCURSO de T\u00cdTULOS, ANTECEDENTES Y OPOSICI\u00d3N para la cobertura en car\u00e1cter de Titular del Cargo directivo vacante de REGENTE.<\/p>\n<p>En esta oportunidad, dos docentes de este Instituto Superior de Formaci\u00f3n \u2013 La Prof. Lic. Anal\u00eda Natalina Viel y la Prof. Viviana Mabel Ramos- APROBARON las instancias obligatorias, lo que posibilit\u00f3 la conformaci\u00f3n de una LISTA DE ORDEN DE M\u00c9RITOS (L.O.M.) para la cobertura al cargo vacante de REGENTE. Quien obtuvo el primer lugar en la L.O.M &nbsp;fue la Prof. Viviana Mabel Ramos.<\/p>\n<p>El 10 de agosto de 2017, el Director General de la D.G.E.S.- <strong>Mgter. Prof. Santiago Lucero<\/strong>&#8211; procede a la notificaci\u00f3n y a la adjudicaci\u00f3n de los puestos directivos concursados, para dar elevaci\u00f3n en el Expediente N\u00b0 0623-120966\/2017.<\/p>\n<p>El 20 de abril de 2018 en el Bolet\u00edn Oficial de la Provincia de C\u00f3rdoba se publica el Decreto Provincial N\u00b0 501 (Anexo I) con fecha 06 de abril de 2018, que DESIGNA como <strong>REGENTE TITULAR <\/strong>a la<strong> Prof. Viviana Mabel Ramos. <\/strong>El 03 de mayo, en un encuentro interno con el Personal Docente y la Planta Permanente, el Inspector de ZONA III dependiente de la D.G.E.S. \u2013 <strong>Prof. Lic. Ernesto Olmedo<\/strong>&#8211; la pone en funci\u00f3n como parte del Equipo Directivo, a la nueva regente.<\/p>\n<p>De este modo, por primera vez el EQUIPO DIRECTIVO TITULAR queda constituido seg\u00fan la normativa vigente para la Educaci\u00f3n Superior desde el a\u00f1o 2014, con los CARGOS DE DIRECTORA y REGENTE CONCURSADOS.<\/p>\n\n<div class=\"wp-block-image\">\n<figure class=\"aligncenter size-large is-resized\"><img decoding=\"async\" loading=\"lazy\" src=\"https:\/\/istoledo-cba.infd.edu.ar\/sitio\/wp-content\/uploads\/2021\/10\/6-equipo-directivo-2018-inspector-zona-III-Olmedo-y-Director-DGES-Lucero-1.jpg\" alt=\"\" class=\"wp-image-2244\" width=\"390\" height=\"266\"\/><figcaption class=\"wp-element-caption\">Equipo Directivo: Prof. Mabel Ramos (Regente), Lic. Prof. Leticia de la Fuente (Directora), Inspector Zona III Prof. Ernesto Olmedo y Director General DGES Mgter Santiago Lucero (2018)<\/figcaption><\/figure><\/div>","protected":false},"excerpt":{"rendered":"<p>La Educaci\u00f3n Superior en Jes\u00fas Mar\u00eda, aparece como una necesidad de brindarle a los j\u00f3venes egresados del nivel secundario de la zona alguna carrera para continuar sus estudios. A partir de esto, es que surge de un grupo de profesores la idea de iniciar los tr\u00e1mites tendientes a la creaci\u00f3n de un profesorado firm\u00e1ndose la &#8230; <a title=\"Historia de la Educaci\u00f3n Superior en Jes\u00fas Mar\u00eda\" class=\"read-more\" href=\"https:\/\/istoledo-cba.infd.edu.ar\/sitio\/historia-de-la-educacion-superior-en-jesus-maria\/\" aria-label=\"More on Historia de la Educaci\u00f3n Superior en Jes\u00fas Mar\u00eda\">[+]<\/a><\/p>\n","protected":false},"author":753,"featured_media":0,"parent":0,"menu_order":0,"comment_status":"closed","ping_status":"closed","template":"","meta":[],"acf":[],"_links":{"self":[{"href":"https:\/\/istoledo-cba.infd.edu.ar\/sitio\/wp-json\/wp\/v2\/pages\/1713"}],"collection":[{"href":"https:\/\/istoledo-cba.infd.edu.ar\/sitio\/wp-json\/wp\/v2\/pages"}],"about":[{"href":"https:\/\/istoledo-cba.infd.edu.ar\/sitio\/wp-json\/wp\/v2\/types\/page"}],"author":[{"embeddable":true,"href":"https:\/\/istoledo-cba.infd.edu.ar\/sitio\/wp-json\/wp\/v2\/users\/753"}],"replies":[{"embeddable":true,"href":"https:\/\/istoledo-cba.infd.edu.ar\/sitio\/wp-json\/wp\/v2\/comments?post=1713"}],"version-history":[{"count":10,"href":"https:\/\/istoledo-cba.infd.edu.ar\/sitio\/wp-json\/wp\/v2\/pages\/1713\/revisions"}],"predecessor-version":[{"id":3613,"href":"https:\/\/istoledo-cba.infd.edu.ar\/sitio\/wp-json\/wp\/v2\/pages\/1713\/revisions\/3613"}],"wp:attachment":[{"href":"https:\/\/istoledo-cba.infd.edu.ar\/sitio\/wp-json\/wp\/v2\/media?parent=1713"}],"curies":[{"name":"wp","href":"https:\/\/api.w.org\/{rel}","templated":true}]}}