{"id":1715,"date":"2020-03-09T19:34:45","date_gmt":"2020-03-09T22:34:45","guid":{"rendered":"https:\/\/istoledo-cba.infd.edu.ar\/sitio\/?page_id=1715"},"modified":"2021-10-14T11:08:59","modified_gmt":"2021-10-14T14:08:59","slug":"quien-fue-zarela-moyano-de-toledo","status":"publish","type":"page","link":"https:\/\/istoledo-cba.infd.edu.ar\/sitio\/quien-fue-zarela-moyano-de-toledo\/","title":{"rendered":"\u00bfQui\u00e9n fue Zarela Moyano de Toledo?"},"content":{"rendered":"<p><a href=\"https:\/\/istoledo-cba.infd.edu.ar\/sitio\/wp-content\/uploads\/2020\/03\/Zarela-Dar\u00eda-Moyano-de-Toledo.jpg\"><img decoding=\"async\" loading=\"lazy\" class=\"aligncenter  wp-image-1719\" src=\"https:\/\/istoledo-cba.infd.edu.ar\/sitio\/wp-content\/uploads\/2020\/03\/Zarela-Dar\u00eda-Moyano-de-Toledo.jpg\" alt=\"\" width=\"416\" height=\"522\" \/><\/a><\/p>\n<p>Zarela Dar\u00eda Moyano de Toledo naci\u00f3 el 25 de octubre de 1882.\u00a0\u00a0<\/p>\n<p>Curs\u00f3 sus primeras letras en su pueblo natal, Villa del Totoral y\u00a0 continu\u00f3 sus estudios en la Escuela 25 de Mayo de la ciudad de C\u00f3rdoba. Posteriormente, ingres\u00f3 a la\u00a0 Escuela Normal Nacional de Maestras &#8211; hoy Escuela Normal Superior \u00abDr. Alejandro Carb\u00f3\u00bb-.\u00a0 Durante su formaci\u00f3n tuvo contacto con las maestras norteamericanas tra\u00eddas al pa\u00eds por Domingo Faustino Sarmiento y, tambi\u00e9n fue disc\u00edpula de Rosario Vera Pe\u00f1aloza. En 1903, obtuvo el t\u00edtulo de Maestra Normal Nacional.<\/p>\n<p>En los inicios de su carrera docente -desde 1904 a 1912-\u00a0 se desempe\u00f1\u00f3 en Luxardo, al sur de C\u00f3rdoba. Luego, solicit\u00f3 traslado de su cargo a una escuela primaria en Jes\u00fas Mar\u00eda. Entre los a\u00f1os 1913 y 1939, se desempe\u00f1\u00f3 primero como maestra y posteriormente como la directora de la actual Escuela N\u00ba 21 Gendarmer\u00eda Nacional. Fue durante su gesti\u00f3n en 1938 que se convirti\u00f3 en escuela mixta.<\/p>\n<p>Despu\u00e9s de jubilarse se dedic\u00f3 a tareas de beneficencia y form\u00f3 la Comisi\u00f3n de Damas Vicentinas y particip\u00f3 de la Acci\u00f3n Cat\u00f3lica. Ayudaba a los enfermos y buscaba los medios para trasladarlos a la ciudad a los m\u00e1s graves, recib\u00eda a sus ex alumnos y les brindaba apoyo y concejos.<\/p>\n<p>Muri\u00f3 el 12 de noviembre de 1969 luego de dedicar gran parte de su vida a la educaci\u00f3n. Sus restos descansan en el Cementerio Municipal de Jes\u00fas Mar\u00eda.<\/p>\n<p>Algunas palabras que dan cuenta de su pensamiento:<\/p>\n<blockquote>\n<pre><em>\"Una vocaci\u00f3n por la ense\u00f1anza es una vocaci\u00f3n por la vida.\n Hay que sembrar con la educaci\u00f3n, hay que instruir. \nTodos los ni\u00f1os son sus ni\u00f1os, todas las rondas sus sus rondas,\ntodas las cuentas son que el \u00e1baco con que educar se hace un sue\u00f1o\"<\/em><\/pre>\n<\/blockquote>\n<p>\u00a0<\/p>\n\n\n<div class=\"wp-block-image\"><figure class=\"aligncenter size-large is-resized\"><img decoding=\"async\" loading=\"lazy\" src=\"https:\/\/istoledo-cba.infd.edu.ar\/sitio\/wp-content\/uploads\/2021\/10\/IMG_20190930_191425733-1900x1069.jpg\" alt=\"\" class=\"wp-image-2233\" width=\"736\" height=\"413\" srcset=\"https:\/\/istoledo-cba.infd.edu.ar\/sitio\/wp-content\/uploads\/2021\/10\/IMG_20190930_191425733-1900x1069.jpg 1900w, https:\/\/istoledo-cba.infd.edu.ar\/sitio\/wp-content\/uploads\/2021\/10\/IMG_20190930_191425733-1000x563.jpg 1000w, https:\/\/istoledo-cba.infd.edu.ar\/sitio\/wp-content\/uploads\/2021\/10\/IMG_20190930_191425733-768x432.jpg 768w, https:\/\/istoledo-cba.infd.edu.ar\/sitio\/wp-content\/uploads\/2021\/10\/IMG_20190930_191425733-1536x864.jpg 1536w, https:\/\/istoledo-cba.infd.edu.ar\/sitio\/wp-content\/uploads\/2021\/10\/IMG_20190930_191425733-2048x1152.jpg 2048w\" sizes=\"(max-width: 736px) 100vw, 736px\" \/><figcaption>Prof. Susana Tobin- docente jubilada de este Instituto- junto a su primo. Ambos Nietos de Zarela Moyano de Toledo (2019)<\/figcaption><\/figure><\/div>\n\n\n\n<p><\/p>\n","protected":false},"excerpt":{"rendered":"<p>Zarela Dar\u00eda Moyano de Toledo naci\u00f3 el 25 de octubre de 1882.\u00a0\u00a0 Curs\u00f3 sus primeras letras en su pueblo natal, Villa del Totoral y\u00a0 continu\u00f3 sus estudios en la Escuela 25 de Mayo de la ciudad de C\u00f3rdoba. Posteriormente, ingres\u00f3 a la\u00a0 Escuela Normal Nacional de Maestras &#8211; hoy Escuela Normal Superior \u00abDr. Alejandro Carb\u00f3\u00bb-.\u00a0 &#8230; <a title=\"\u00bfQui\u00e9n fue Zarela Moyano de Toledo?\" class=\"read-more\" href=\"https:\/\/istoledo-cba.infd.edu.ar\/sitio\/quien-fue-zarela-moyano-de-toledo\/\" aria-label=\"More on \u00bfQui\u00e9n fue Zarela Moyano de Toledo?\">[+]<\/a><\/p>\n","protected":false},"author":753,"featured_media":0,"parent":0,"menu_order":0,"comment_status":"closed","ping_status":"closed","template":"","meta":[],"acf":[],"_links":{"self":[{"href":"https:\/\/istoledo-cba.infd.edu.ar\/sitio\/wp-json\/wp\/v2\/pages\/1715"}],"collection":[{"href":"https:\/\/istoledo-cba.infd.edu.ar\/sitio\/wp-json\/wp\/v2\/pages"}],"about":[{"href":"https:\/\/istoledo-cba.infd.edu.ar\/sitio\/wp-json\/wp\/v2\/types\/page"}],"author":[{"embeddable":true,"href":"https:\/\/istoledo-cba.infd.edu.ar\/sitio\/wp-json\/wp\/v2\/users\/753"}],"replies":[{"embeddable":true,"href":"https:\/\/istoledo-cba.infd.edu.ar\/sitio\/wp-json\/wp\/v2\/comments?post=1715"}],"version-history":[{"count":5,"href":"https:\/\/istoledo-cba.infd.edu.ar\/sitio\/wp-json\/wp\/v2\/pages\/1715\/revisions"}],"predecessor-version":[{"id":2234,"href":"https:\/\/istoledo-cba.infd.edu.ar\/sitio\/wp-json\/wp\/v2\/pages\/1715\/revisions\/2234"}],"wp:attachment":[{"href":"https:\/\/istoledo-cba.infd.edu.ar\/sitio\/wp-json\/wp\/v2\/media?parent=1715"}],"curies":[{"name":"wp","href":"https:\/\/api.w.org\/{rel}","templated":true}]}}