{"id":1966,"date":"2020-11-24T18:50:50","date_gmt":"2020-11-24T21:50:50","guid":{"rendered":"https:\/\/istoledo-cba.infd.edu.ar\/sitio\/?page_id=1966"},"modified":"2022-03-23T09:17:57","modified_gmt":"2022-03-23T12:17:57","slug":"dia-internacional-por-la-no-violencia-contra-las-mujeres","status":"publish","type":"page","link":"https:\/\/istoledo-cba.infd.edu.ar\/sitio\/dia-internacional-por-la-no-violencia-contra-las-mujeres\/","title":{"rendered":"D\u00eda Internacional por la NO VIOLENCIA contra las mujeres"},"content":{"rendered":"<p><img decoding=\"async\" loading=\"lazy\" class=\"wp-image-2348  aligncenter\" src=\"https:\/\/istoledo-cba.infd.edu.ar\/sitio\/wp-content\/uploads\/2021\/11\/violencia_de_genero-1000x621.png\" alt=\"\" width=\"532\" height=\"330\" srcset=\"https:\/\/istoledo-cba.infd.edu.ar\/sitio\/wp-content\/uploads\/2021\/11\/violencia_de_genero-1000x621.png 1000w, https:\/\/istoledo-cba.infd.edu.ar\/sitio\/wp-content\/uploads\/2021\/11\/violencia_de_genero-768x477.png 768w, https:\/\/istoledo-cba.infd.edu.ar\/sitio\/wp-content\/uploads\/2021\/11\/violencia_de_genero-1536x954.png 1536w, https:\/\/istoledo-cba.infd.edu.ar\/sitio\/wp-content\/uploads\/2021\/11\/violencia_de_genero.png 1600w\" sizes=\"(max-width: 532px) 100vw, 532px\" \/><\/p>\n<p>El 25 de noviembre se conmemora el <strong>D\u00eda Internacional por la NO VIOLENCIA contra la Mujer<\/strong>. El hecho que da nacimiento a esta conmemoraci\u00f3n ocurri\u00f3 en 1960 Rep\u00fablica Dominicana, cuando las hermanas Patria, Minerva y Mar\u00eda Teresa Mirabal\u00a0<strong>fueron brutalmente asesinadas por orden del dictador Rafael Le\u00f3nidas Trujillo.<\/strong><\/p>\n<p>Desde entonces, se conmemora anualmente el 25 de noviembre para denunciar la violencia que se ejerce sobre las mujeres en todo el mundo y reclamar pol\u00edticas en todos los pa\u00edses para su erradicaci\u00f3n.<\/p>\n<p><img decoding=\"async\" loading=\"lazy\" class=\"wp-image-1972 aligncenter\" src=\"https:\/\/istoledo-cba.infd.edu.ar\/sitio\/wp-content\/uploads\/2020\/11\/hermanas-mirabal-1000x563.jpg\" alt=\"\" width=\"430\" height=\"242\" srcset=\"https:\/\/istoledo-cba.infd.edu.ar\/sitio\/wp-content\/uploads\/2020\/11\/hermanas-mirabal-1000x563.jpg 1000w, https:\/\/istoledo-cba.infd.edu.ar\/sitio\/wp-content\/uploads\/2020\/11\/hermanas-mirabal-768x432.jpg 768w, https:\/\/istoledo-cba.infd.edu.ar\/sitio\/wp-content\/uploads\/2020\/11\/hermanas-mirabal.jpg 1600w\" sizes=\"(max-width: 430px) 100vw, 430px\" \/><\/p>\n<h4><span style=\"color: #800080;\">-Las Huellas de las Mariposas-<\/span><\/h4>\n<p>Los nuevos escenarios habilitados a partir de las condiciones actuales por Pandemia por COVID-19, nos han llevado a pensar nuevos modos de intervenci\u00f3n y de participaci\u00f3n colectiva. En el marco del Proyecto Institucional de E.S.I esta fecha se convierte en una oportunidad para <strong>HACER MEMORIA y HACER P\u00daBLICO nuestro posicionamiento en relaci\u00f3n con\u00a0 la Educaci\u00f3n Sexual Integral para el Nivel Superior, con Perspectiva de G\u00e9nero y de DDHH,<\/strong>\u00a0bajo la consigna <strong><span style=\"color: #800080;\">\u00abNO M\u00c1S VIOLENCIA DE G\u00c9NERO\u00bb<\/span><\/strong>, a trav\u00e9s de distintas propuestas bajo el nombre <span style=\"color: #800080;\"><strong>\u00abLAS HUELLAS DE LAS MARIPOSAS\u00bb<\/strong>.\u00a0<span style=\"color: #000000;\">A continuaci\u00f3n algunos registros de los actividades en torno a la fecha.<\/span><\/span><\/p>\n<h4>Ciclo Lectivo 2021<\/h4>\n<p><img decoding=\"async\" loading=\"lazy\" class=\"wp-image-2350 aligncenter\" src=\"https:\/\/istoledo-cba.infd.edu.ar\/sitio\/wp-content\/uploads\/2021\/11\/WhatsApp-Image-2021-11-25-at-20.56.30-658x1000.jpeg\" alt=\"\" width=\"419\" height=\"637\" srcset=\"https:\/\/istoledo-cba.infd.edu.ar\/sitio\/wp-content\/uploads\/2021\/11\/WhatsApp-Image-2021-11-25-at-20.56.30-658x1000.jpeg 658w, https:\/\/istoledo-cba.infd.edu.ar\/sitio\/wp-content\/uploads\/2021\/11\/WhatsApp-Image-2021-11-25-at-20.56.30-768x1167.jpeg 768w, https:\/\/istoledo-cba.infd.edu.ar\/sitio\/wp-content\/uploads\/2021\/11\/WhatsApp-Image-2021-11-25-at-20.56.30.jpeg 841w\" sizes=\"(max-width: 419px) 100vw, 419px\" \/><\/p>\n<p><span style=\"font-weight: 400;\">El 25 de Noviembre nos conmina m\u00e1s all\u00e1 de la fecha en el calendario escolar. Nos invita una vez m\u00e1s a tejer palabras en el sentir-pensar\u00a0 junto a otr@s voces, a hacer praxis, ejercicio necesario al que contin\u00faan convocando \u201cLas Mariposas\u201d.<\/span><\/p>\n<p><span style=\"font-weight: 400;\">De este modo, una vez m\u00e1s vuelan y se posan las memorias de tantas que nos habitan&#8230; esas huellas que transitamos desde tantas historias personales para hacer pol\u00edtico el gesto de construcci\u00f3n colectiva de pensar nuestras identidades, los cuerpos, las subjetividades y las territorialidades.<\/span><\/p>\n<p><span style=\"font-weight: 400;\">Cada 25 de noviembre, entonces es ejercicio de militancia en y desde la voz escrita, narrativa de devenires\u00a0 de todo aquello silenciado, sometido, amordazado, aniquilado, y tambi\u00e9n lo sutilmente invisibilizado.\u00a0<\/span><\/p>\n<p><span style=\"font-weight: 400;\">En este ejercicio aprendemos cotidianamente a transitar desde cada quien en la trama colectiva esto que da forma a nuestro ser en tanto humanidades (m\u00e1s ac\u00e1 y m\u00e1s all\u00e1 de los roles \u00e9ticos, pol\u00edticos, pedag\u00f3gicos) Nos volvemos unx en la trama de desandar la historia y los sucesos, lo dom\u00e9stico\u00a0 privado y lo p\u00fablico callejero. Desaf\u00eda a hacer calle y camino, a validar huellas, palabras, marcas, a ponerle voz al silencio mientras vamos construyendo nuevas herramientas\u00a0 que no son las del amo, para poder habitarnos y habilitarnos dignamente: develando, previniendo, desmantelando y sobreviviendo a las violencias.<\/span><\/p>\n<p><span style=\"font-weight: 400;\">Cada 25 de noviembre, nos llama a pensarnos colectivamente validando otredades y en interlocuci\u00f3n \u2013como nos ense\u00f1a Rita Segato en su pregunta-: <\/span><\/p>\n<p style=\"text-align: center;\"><strong><i>\u00bfD\u00f3nde se encuentra al otrx cuando unx sujetx de su cultura y de su tiempo enuncia su presencia en el mundo?<\/i><\/strong><\/p>\n<pre style=\"text-align: right;\">Texto de Creaci\u00f3n Colectiva.<br \/> <br \/><strong>Comisi\u00f3n de G\u00e9nero y DD.HH  -I.S. ZARELA MOYANO DE TOLEDO-<\/strong><br \/>(Sol Altamira, Ma. Virginia Saint Bonnet, Manuela Doli\u00f1ski, N\u00e9stor Enr\u00edquez- <br \/>Adri\u00e1n Costanzi- Samanta Levet- Laura C\u00f3rdova- Mariana Ju\u00e1rez- Leticia de la Fuente)<br \/><br \/>25 de noviembre\/2021<\/pre>\n<h5>\u00a0<\/h5>\n<h6>Invitamos a recorrer el MURAL COLECTIVO elaborado por estudiantes pertenecientes a la formaci\u00f3n docente en conmemoraci\u00f3n de este d\u00eda en el marco de la E.S.I.<\/h6>\n<h5 class=\"title-heading break-words\" style=\"text-align: center;\"><a href=\"https:\/\/padlet.com\/solaltamir\/4nozzli4qwx5rxhn\" target=\"_blank\" rel=\"noopener\">\u201cEducar en igualdad, prevenci\u00f3n y erradicaci\u00f3n de las violencias de G\u00e9nero\u00bb<\/a><\/h5>\n<p>\u00a0<\/p>\n<h5><img decoding=\"async\" loading=\"lazy\" class=\"wp-image-2262 aligncenter\" src=\"https:\/\/istoledo-cba.infd.edu.ar\/sitio\/wp-content\/uploads\/2021\/10\/WhatsApp-Image-2021-09-14-at-09.36.37.jpeg\" alt=\"\" width=\"114\" height=\"114\" \/><\/h5>\n<h4>Ciclo Lectivo 2020<\/h4>\n<p>Trabajamos en la confecci\u00f3n de un Mural Colectivo, en el que se resignific\u00f3 nuestra construcci\u00f3n en una <strong>2da Edici\u00f3n de la Jornada \u00a8Las Huellas de las Mariposas\u00a8. De este modo, se<\/strong> invit\u00f3 a poner VOZ EN FORMA DE MARIPOSA para simbolizar nuestro vuelo y la construcci\u00f3n institucional. COMPARTIMOS CON UDS. EL RESULTADO DE ESTA PARTICIPACI\u00d3N COLECTIVA 2020<\/p>\n<p><img decoding=\"async\" loading=\"lazy\" class=\"wp-image-1973 aligncenter\" src=\"https:\/\/istoledo-cba.infd.edu.ar\/sitio\/wp-content\/uploads\/2020\/11\/processed-1-1000x710.jpeg\" alt=\"\" width=\"454\" height=\"323\" srcset=\"https:\/\/istoledo-cba.infd.edu.ar\/sitio\/wp-content\/uploads\/2020\/11\/processed-1-1000x710.jpeg 1000w, https:\/\/istoledo-cba.infd.edu.ar\/sitio\/wp-content\/uploads\/2020\/11\/processed-1-768x545.jpeg 768w, https:\/\/istoledo-cba.infd.edu.ar\/sitio\/wp-content\/uploads\/2020\/11\/processed-1.jpeg 1746w\" sizes=\"(max-width: 454px) 100vw, 454px\" \/><\/p>\n<p style=\"text-align: center;\"><a href=\"https:\/\/istoledo-cba.infd.edu.ar\/sitio\/wp-content\/uploads\/2021\/06\/La-huella-de-las-mariposas.pdf\" target=\"_blank\" rel=\"noopener\"><span style=\"color: #800080;\"><strong>LAS HUELLAS DE LAS MARIPOSAS 2020- Mural Padlet<\/strong><\/span><\/a><\/p>\n\n\n<h4 class=\"wp-block-heading\">Ciclo Lectivo 2019<\/h4>\n\n\n\n<div class=\"wp-block-image\"><figure class=\"aligncenter size-large is-resized\"><img decoding=\"async\" loading=\"lazy\" src=\"https:\/\/istoledo-cba.infd.edu.ar\/sitio\/wp-content\/uploads\/2018\/08\/Violentometro.jpg\" alt=\"\" class=\"wp-image-983\" width=\"511\" height=\"639\" srcset=\"https:\/\/istoledo-cba.infd.edu.ar\/sitio\/wp-content\/uploads\/2018\/08\/Violentometro.jpg 1022w, https:\/\/istoledo-cba.infd.edu.ar\/sitio\/wp-content\/uploads\/2018\/08\/Violentometro-798x1000.jpg 798w, https:\/\/istoledo-cba.infd.edu.ar\/sitio\/wp-content\/uploads\/2018\/08\/Violentometro-768x962.jpg 768w\" sizes=\"(max-width: 511px) 100vw, 511px\" \/><\/figure><\/div>\n\n\n\n<p>\u00abIm\u00e1genes de ayer\u2026<br>un ratito, un alto en el camino cotidiano del \u00abZarela \u2026<br>Nos permitimos encontrarnos para poner palabras al registro de dolor del cuerpo social que duele por la vida arrebatada de una adolescente camino a la escuela\u2026<br>Nos sentamos a pensarnos, somos escuela y hacemos escuela, nos posicionamos ante la vulneraci\u00f3n de la vida y la dignidad.<br>Nos paramos , ponemos voz y canto, sabemos que el camino es hacia adelante, avanzar en una educaci\u00f3n de calidad con la mirada puesta en la construcci\u00f3n colectiva de sentido, los derechos humanos y la educaci\u00f3n sexual integral con perspectiva de g\u00e9nero .\u00bb<\/p>\n\n\n\n<p class=\"has-text-align-right\">Cr\u00f3nica acerca de la intervenci\u00f3n institucional en clave de E.S.I. -Lic. Mar\u00eda Sol Altamira<\/p>\n","protected":false},"excerpt":{"rendered":"<p>El 25 de noviembre se conmemora el D\u00eda Internacional por la NO VIOLENCIA contra la Mujer. El hecho que da nacimiento a esta conmemoraci\u00f3n ocurri\u00f3 en 1960 Rep\u00fablica Dominicana, cuando las hermanas Patria, Minerva y Mar\u00eda Teresa Mirabal\u00a0fueron brutalmente asesinadas por orden del dictador Rafael Le\u00f3nidas Trujillo. Desde entonces, se conmemora anualmente el 25 de &#8230; <a title=\"D\u00eda Internacional por la NO VIOLENCIA contra las mujeres\" class=\"read-more\" href=\"https:\/\/istoledo-cba.infd.edu.ar\/sitio\/dia-internacional-por-la-no-violencia-contra-las-mujeres\/\" aria-label=\"More on D\u00eda Internacional por la NO VIOLENCIA contra las mujeres\">[+]<\/a><\/p>\n","protected":false},"author":7,"featured_media":0,"parent":0,"menu_order":0,"comment_status":"closed","ping_status":"closed","template":"","meta":[],"acf":[],"_links":{"self":[{"href":"https:\/\/istoledo-cba.infd.edu.ar\/sitio\/wp-json\/wp\/v2\/pages\/1966"}],"collection":[{"href":"https:\/\/istoledo-cba.infd.edu.ar\/sitio\/wp-json\/wp\/v2\/pages"}],"about":[{"href":"https:\/\/istoledo-cba.infd.edu.ar\/sitio\/wp-json\/wp\/v2\/types\/page"}],"author":[{"embeddable":true,"href":"https:\/\/istoledo-cba.infd.edu.ar\/sitio\/wp-json\/wp\/v2\/users\/7"}],"replies":[{"embeddable":true,"href":"https:\/\/istoledo-cba.infd.edu.ar\/sitio\/wp-json\/wp\/v2\/comments?post=1966"}],"version-history":[{"count":7,"href":"https:\/\/istoledo-cba.infd.edu.ar\/sitio\/wp-json\/wp\/v2\/pages\/1966\/revisions"}],"predecessor-version":[{"id":2537,"href":"https:\/\/istoledo-cba.infd.edu.ar\/sitio\/wp-json\/wp\/v2\/pages\/1966\/revisions\/2537"}],"wp:attachment":[{"href":"https:\/\/istoledo-cba.infd.edu.ar\/sitio\/wp-json\/wp\/v2\/media?parent=1966"}],"curies":[{"name":"wp","href":"https:\/\/api.w.org\/{rel}","templated":true}]}}