{"id":2863,"date":"2022-10-19T15:17:38","date_gmt":"2022-10-19T18:17:38","guid":{"rendered":"https:\/\/istoledo-cba.infd.edu.ar\/sitio\/?page_id=2863"},"modified":"2023-06-14T19:09:52","modified_gmt":"2023-06-14T22:09:52","slug":"asamblea-general-ordinaria-2022","status":"publish","type":"page","link":"https:\/\/istoledo-cba.infd.edu.ar\/sitio\/asamblea-general-ordinaria-2022\/","title":{"rendered":"Asamblea General Ordinaria 2023"},"content":{"rendered":"\n<figure class=\"wp-block-gallery has-nested-images columns-default is-cropped wp-block-gallery-1 is-layout-flex\">\n<figure class=\"wp-block-image size-large\"><img decoding=\"async\" loading=\"lazy\" width=\"1280\" height=\"963\" data-id=\"3386\"  src=\"https:\/\/istoledo-cba.infd.edu.ar\/sitio\/wp-content\/uploads\/2023\/06\/WhatsApp-Image-2023-06-14-at-18.48.58-1.jpeg\" alt=\"\" class=\"wp-image-3386\" srcset=\"https:\/\/istoledo-cba.infd.edu.ar\/sitio\/wp-content\/uploads\/2023\/06\/WhatsApp-Image-2023-06-14-at-18.48.58-1.jpeg 1280w, https:\/\/istoledo-cba.infd.edu.ar\/sitio\/wp-content\/uploads\/2023\/06\/WhatsApp-Image-2023-06-14-at-18.48.58-1-1000x752.jpeg 1000w, https:\/\/istoledo-cba.infd.edu.ar\/sitio\/wp-content\/uploads\/2023\/06\/WhatsApp-Image-2023-06-14-at-18.48.58-1-768x578.jpeg 768w\" sizes=\"(max-width: 1280px) 100vw, 1280px\" \/><\/figure>\n\n\n\n<figure class=\"wp-block-image size-large\"><img decoding=\"async\" loading=\"lazy\" width=\"1280\" height=\"963\" data-id=\"3387\"  src=\"https:\/\/istoledo-cba.infd.edu.ar\/sitio\/wp-content\/uploads\/2023\/06\/WhatsApp-Image-2023-06-14-at-18.48.59.jpeg\" alt=\"\" class=\"wp-image-3387\" srcset=\"https:\/\/istoledo-cba.infd.edu.ar\/sitio\/wp-content\/uploads\/2023\/06\/WhatsApp-Image-2023-06-14-at-18.48.59.jpeg 1280w, https:\/\/istoledo-cba.infd.edu.ar\/sitio\/wp-content\/uploads\/2023\/06\/WhatsApp-Image-2023-06-14-at-18.48.59-1000x752.jpeg 1000w, https:\/\/istoledo-cba.infd.edu.ar\/sitio\/wp-content\/uploads\/2023\/06\/WhatsApp-Image-2023-06-14-at-18.48.59-768x578.jpeg 768w\" sizes=\"(max-width: 1280px) 100vw, 1280px\" \/><\/figure>\n\n\n\n<figure class=\"wp-block-image size-large\"><img decoding=\"async\" loading=\"lazy\" width=\"1280\" height=\"963\" data-id=\"3388\"  src=\"https:\/\/istoledo-cba.infd.edu.ar\/sitio\/wp-content\/uploads\/2023\/06\/WhatsApp-Image-2023-06-14-at-18.48.58-1-1.jpeg\" alt=\"\" class=\"wp-image-3388\" srcset=\"https:\/\/istoledo-cba.infd.edu.ar\/sitio\/wp-content\/uploads\/2023\/06\/WhatsApp-Image-2023-06-14-at-18.48.58-1-1.jpeg 1280w, https:\/\/istoledo-cba.infd.edu.ar\/sitio\/wp-content\/uploads\/2023\/06\/WhatsApp-Image-2023-06-14-at-18.48.58-1-1-1000x752.jpeg 1000w, https:\/\/istoledo-cba.infd.edu.ar\/sitio\/wp-content\/uploads\/2023\/06\/WhatsApp-Image-2023-06-14-at-18.48.58-1-1-768x578.jpeg 768w\" sizes=\"(max-width: 1280px) 100vw, 1280px\" \/><\/figure>\n\n\n\n<figure class=\"wp-block-image size-large\"><img decoding=\"async\" loading=\"lazy\" width=\"1280\" height=\"720\" data-id=\"3389\"  src=\"https:\/\/istoledo-cba.infd.edu.ar\/sitio\/wp-content\/uploads\/2023\/06\/WhatsApp-Image-2023-06-14-at-18.52.30.jpeg\" alt=\"\" class=\"wp-image-3389\" srcset=\"https:\/\/istoledo-cba.infd.edu.ar\/sitio\/wp-content\/uploads\/2023\/06\/WhatsApp-Image-2023-06-14-at-18.52.30.jpeg 1280w, https:\/\/istoledo-cba.infd.edu.ar\/sitio\/wp-content\/uploads\/2023\/06\/WhatsApp-Image-2023-06-14-at-18.52.30-1000x563.jpeg 1000w, https:\/\/istoledo-cba.infd.edu.ar\/sitio\/wp-content\/uploads\/2023\/06\/WhatsApp-Image-2023-06-14-at-18.52.30-768x432.jpeg 768w\" sizes=\"(max-width: 1280px) 100vw, 1280px\" \/><\/figure>\n\n\n\n<figure class=\"wp-block-image size-large\"><img decoding=\"async\" loading=\"lazy\" width=\"1280\" height=\"963\" data-id=\"3391\"  src=\"https:\/\/istoledo-cba.infd.edu.ar\/sitio\/wp-content\/uploads\/2023\/06\/WhatsApp-Image-2023-06-14-at-18.55.12.jpeg\" alt=\"\" class=\"wp-image-3391\" srcset=\"https:\/\/istoledo-cba.infd.edu.ar\/sitio\/wp-content\/uploads\/2023\/06\/WhatsApp-Image-2023-06-14-at-18.55.12.jpeg 1280w, https:\/\/istoledo-cba.infd.edu.ar\/sitio\/wp-content\/uploads\/2023\/06\/WhatsApp-Image-2023-06-14-at-18.55.12-1000x752.jpeg 1000w, https:\/\/istoledo-cba.infd.edu.ar\/sitio\/wp-content\/uploads\/2023\/06\/WhatsApp-Image-2023-06-14-at-18.55.12-768x578.jpeg 768w\" sizes=\"(max-width: 1280px) 100vw, 1280px\" \/><\/figure>\n<\/figure>\n\n\n\n<p>En el marco de la CELEBRACI\u00d3N DE LOS 40 A\u00d1OS DE DEMOCRACIA EN NUESTRO PA\u00cdS , queremos reafirmar nuestro lema de \u00ab<strong>SER ARTE Y PARTE\u00bb<\/strong> a trav\u00e9s de <strong>la posibilidad de PARTICIPACI\u00d3N INSTITUCIONAL<\/strong> que representa la ASOCIACI\u00d3N COOPERADORA, as\u00ed como el COMPROMISO POR HACER REALIDAD UNA SOCIEDAD M\u00c1S JUSTA E IGUALITARIA. Con este prop\u00f3sito se llev\u00f3 a cabo el 14 de junio la ASAMBLEA GENERAL ORDINARIA 2023, en las instalaciones de nuestra Sede en la ciudad de Jes\u00fas Mar\u00eda.<\/p>\n\n\n\n<p>En esta oportunidad el Orden del d\u00eda a tratar fue:<\/p>\n\n\n\n<ul>\n<li>Lectura y Consideraci\u00f3n para aprobaci\u00f3n de BALANCES, MEMORIA ANUAL e INFORME DE LA COMISI\u00d3N <strong>Periodo 20<\/strong>22.<\/li>\n\n\n\n<li>Presentaci\u00f3n de FONDOS DISPONIBLES e INVENTARIO DE BIENES.<\/li>\n\n\n\n<li>DELEGACI\u00d3N DE ATRIBUCIONES A LA COMISI\u00d3N DE COMISI\u00d3N DIRECTIVA y COMISI\u00d3N REVISORA DE CUENTAS <strong>Periodo 2022-2024<\/strong>.<\/li>\n<\/ul>\n\n\n\n<p>A continuaci\u00f3n para mayor informaci\u00f3n ponemos a disposici\u00f3n los <strong><a href=\"https:\/\/istoledo-cba.infd.edu.ar\/sitio\/estado-de-recursos-y-gastos\/\" data-type=\"URL\" data-id=\"https:\/\/istoledo-cba.infd.edu.ar\/sitio\/estado-de-recursos-y-gastos\/\" target=\"_blank\" rel=\"noreferrer noopener\">DOCUMENTOS APROBADOS POR ESTA ASAMBLEA DEL EJERCICIO 2022.<\/a><\/strong> <\/p>\n\n\n\n<p>Agradecemos una vez m\u00e1s la participaci\u00f3n de quienes se sintieron convocados para <strong>SER ARTE Y PARTE<\/strong> de esta historia institucional.<\/p>\n\n\n<div class=\"wp-block-image\">\n<figure class=\"aligncenter size-large is-resized\"><img decoding=\"async\" loading=\"lazy\" src=\"https:\/\/istoledo-cba.infd.edu.ar\/sitio\/wp-content\/uploads\/2022\/10\/LOGO-IS-ZMT-40-anos.jpg\" alt=\"\" class=\"wp-image-2869\" width=\"219\" height=\"164\" srcset=\"https:\/\/istoledo-cba.infd.edu.ar\/sitio\/wp-content\/uploads\/2022\/10\/LOGO-IS-ZMT-40-anos.jpg 960w, https:\/\/istoledo-cba.infd.edu.ar\/sitio\/wp-content\/uploads\/2022\/10\/LOGO-IS-ZMT-40-anos-768x576.jpg 768w\" sizes=\"(max-width: 219px) 100vw, 219px\" \/><\/figure><\/div>\n\n\n<p><\/p>\n","protected":false},"excerpt":{"rendered":"<p>En el marco de la CELEBRACI\u00d3N DE LOS 40 A\u00d1OS DE DEMOCRACIA EN NUESTRO PA\u00cdS , queremos reafirmar nuestro lema de \u00abSER ARTE Y PARTE\u00bb a trav\u00e9s de la posibilidad de PARTICIPACI\u00d3N INSTITUCIONAL que representa la ASOCIACI\u00d3N COOPERADORA, as\u00ed como el COMPROMISO POR HACER REALIDAD UNA SOCIEDAD M\u00c1S JUSTA E IGUALITARIA. Con este prop\u00f3sito se &#8230; <a title=\"Asamblea General Ordinaria 2023\" class=\"read-more\" href=\"https:\/\/istoledo-cba.infd.edu.ar\/sitio\/asamblea-general-ordinaria-2022\/\" aria-label=\"More on Asamblea General Ordinaria 2023\">[+]<\/a><\/p>\n","protected":false},"author":7,"featured_media":0,"parent":0,"menu_order":0,"comment_status":"closed","ping_status":"closed","template":"","meta":[],"acf":[],"_links":{"self":[{"href":"https:\/\/istoledo-cba.infd.edu.ar\/sitio\/wp-json\/wp\/v2\/pages\/2863"}],"collection":[{"href":"https:\/\/istoledo-cba.infd.edu.ar\/sitio\/wp-json\/wp\/v2\/pages"}],"about":[{"href":"https:\/\/istoledo-cba.infd.edu.ar\/sitio\/wp-json\/wp\/v2\/types\/page"}],"author":[{"embeddable":true,"href":"https:\/\/istoledo-cba.infd.edu.ar\/sitio\/wp-json\/wp\/v2\/users\/7"}],"replies":[{"embeddable":true,"href":"https:\/\/istoledo-cba.infd.edu.ar\/sitio\/wp-json\/wp\/v2\/comments?post=2863"}],"version-history":[{"count":7,"href":"https:\/\/istoledo-cba.infd.edu.ar\/sitio\/wp-json\/wp\/v2\/pages\/2863\/revisions"}],"predecessor-version":[{"id":3394,"href":"https:\/\/istoledo-cba.infd.edu.ar\/sitio\/wp-json\/wp\/v2\/pages\/2863\/revisions\/3394"}],"wp:attachment":[{"href":"https:\/\/istoledo-cba.infd.edu.ar\/sitio\/wp-json\/wp\/v2\/media?parent=2863"}],"curies":[{"name":"wp","href":"https:\/\/api.w.org\/{rel}","templated":true}]}}