{"id":2917,"date":"2022-10-28T08:56:58","date_gmt":"2022-10-28T11:56:58","guid":{"rendered":"https:\/\/istoledo-cba.infd.edu.ar\/sitio\/?page_id=2917"},"modified":"2025-11-28T09:08:00","modified_gmt":"2025-11-28T12:08:00","slug":"convocatoria-cargos-nivel-superior","status":"publish","type":"page","link":"https:\/\/istoledo-cba.infd.edu.ar\/sitio\/convocatoria-cargos-nivel-superior\/","title":{"rendered":"Convocatoria Cargos Nivel Superior"},"content":{"rendered":"\n<h2 class=\"wp-block-heading\"><strong>Cobertura para&nbsp;Coordinador de Ense\u00f1anza Superior (13-210)<\/strong><\/h2>\n\n\n\n<p><strong>La <a rel=\"noreferrer noopener\" href=\"\/Desktop\/ResMin-1138-2015.pdf\" target=\"_blank\">Res. Min. 1138-2015<\/a><\/strong>, en su Art. 4., &nbsp;dispone que el<strong> &nbsp;PROCEDIMIENTO DE COBERTURA<\/strong> del cargo de <strong>Coordinador\/a &nbsp;de Ense\u00f1anza Superior (13-210<\/strong>) -con car\u00e1cter <strong>INTERINO O SUPLENTE<\/strong>&#8211; se lleve a cabo por medio de <strong>dos instancias<\/strong>:<\/p>\n\n\n\n<ul>\n<li>PONDERACI\u00d3N de t\u00edtulos y antecedentes.<\/li>\n\n\n\n<li>Instancia de PROPUESTA y ENTREVISTA, en la que el postulante deber\u00e1 desarrollar y defender\u00e1 una <strong>PROPUESTA INSTITUCIONAL que deber\u00e1 ser adjuntada a su C.V al momento de su postulaci\u00f3n<\/strong>.<br><br>En tal sentido, el <strong><a rel=\"noreferrer noopener\" href=\"https:\/\/dges-cba.infd.edu.ar\/sitio\/upload\/Mem_Conj_DGES_DGETyFP_03-2015.PDF\" target=\"_blank\">Memor\u00e1ndum Conjunto 03-2015<\/a> de la D.G.E.S y D.G.E.TyF.P. <\/strong>, determina que&nbsp;con el fin de la elaboraci\u00f3n de una <strong>PROPUESTA INSTITUCIONAL<\/strong> los\/as aspirantes accedan al <strong>INFORME CON DATOS INSTITUCIONALES B\u00c1SICOS<\/strong> elaborado por el Equipo Directivo, seg\u00fan los requerimientos del cargo en referencia a lo dispuesto por el <strong>REGLAMENTO ORG\u00c1NICO MARCO<\/strong> (<strong><a rel=\"noreferrer noopener\" href=\"https:\/\/dges-cba.infd.edu.ar\/sitio\/resoluciones-ministerio-de-educacion\/upload\/75011.PDF\" target=\"_blank\">Res. Min. N\u00ba 750\/2011<\/a><\/strong>&#8211; Art. 23) y conforme las especificidades y necesidades determinadas y\/o priorizadas por la instituci\u00f3n.<\/li>\n<\/ul>\n\n\n\n<h2 class=\"wp-block-heading\">Aclaraci\u00f3n importante<\/h2>\n\n\n<div class=\"wp-block-image\">\n<figure class=\"alignleft\"><img decoding=\"async\" src=\"https:\/\/istoledo-cba.infd.edu.ar\/sitio\/wp-content\/uploads\/2022\/10\/image.png\" alt=\"La imagen tiene un atributo ALT vac\u00edo; su nombre de archivo es image.png\"\/><\/figure><\/div>\n\n\n<p>Cuando la vacante corresponda a un CARGO vinculado con <strong>LA FORMACI\u00d3N DOCENTE<\/strong>, la INSCRIPCI\u00d3N ser\u00e1 ON LINE en la secci\u00f3n&nbsp;<strong><a rel=\"noreferrer noopener\" href=\"http:\/\/dges-cba.edu.ar\/wp\/index.php\/coordinador-de-ensenanza-superior-13-210\/\" target=\"_blank\">CONVOCATORIAS&nbsp;de la p\u00e1gina Web de la&nbsp;D.G.E.S<\/a><\/strong>, por el t\u00e9rmino de&nbsp;<strong>3 (tres) d\u00edas h\u00e1biles inmediatos y consecutivos.<\/strong><\/p>\n\n\n\n<p>Por otra parte,&nbsp;para&nbsp;la cobertura de un CARGO vinculado con <strong>LA FORMACI\u00d3N T\u00c9CNICA PROFESIONAL<\/strong>,&nbsp;<strong><a rel=\"noreferrer noopener\" href=\"https:\/\/www.cba.gov.ar\/convocatoria-para-la-cobertura-de-cargos-no-directivos\/?csrt=3613951272860996030\" target=\"_blank\">la publicaci\u00f3n se realiza en la p\u00e1gina de la D.G.E.T.yF.P<\/a><\/strong>. Sin embargo,&nbsp;la documentaci\u00f3n requerida <strong>DEBER\u00c1 SER ENVIADA AL CORREO DE SECRETAR\u00cdA DEL INSTITUTO<\/strong>,&nbsp;en el tiempo y el formato establecido<strong>.<\/strong><\/p>\n\n\n\n<h2 class=\"wp-block-heading has-text-align-center\"><a href=\"https:\/\/istoledo-cba.infd.edu.ar\/sitio\/informacion-complementaria-2\/\" data-type=\"URL\" data-id=\"https:\/\/istoledo-cba.infd.edu.ar\/sitio\/informacion-complementaria-2\/\" target=\"_blank\" rel=\"noreferrer noopener\">Informaci\u00f3n complementaria<\/a><\/h2>\n\n\n<div class=\"wp-block-image\">\n<figure class=\"aligncenter size-large is-resized\"><img decoding=\"async\" loading=\"lazy\" src=\"https:\/\/istoledo-cba.infd.edu.ar\/sitio\/wp-content\/uploads\/2022\/11\/new.gif\" alt=\"\" class=\"wp-image-2989\" width=\"75\" height=\"42\"\/><\/figure><\/div>\n\n\n<h5 class=\"wp-block-heading has-text-align-center\"><a rel=\"noreferrer noopener\" href=\"https:\/\/www.cba.gov.ar\/convocatoria-para-la-cobertura-de-cargos-no-directivos\/?csrt=3613951272860996030\" data-type=\"URL\" data-id=\"https:\/\/www.cba.gov.ar\/convocatoria-para-la-cobertura-de-cargos-no-directivos\/?csrt=3613951272860996030\" target=\"_blank\">Actas Dictamen Convocatoria para la cobertura de Cargos no Directivos DGETyFP<\/a><\/h5>\n\n\n\n<p><strong><a href=\"https:\/\/drive.google.com\/file\/d\/1T4u7rzkrrC15SLSg5VRl0L_RuVCTGyt8\/view?usp=sharing\" target=\"_blank\" rel=\"noreferrer noopener\">ACTA DICTAMEN Cargo COORDINADOR DE CURSO -NIVEL SUPERIOR- DGETyFP<\/a><\/strong><\/p>\n","protected":false},"excerpt":{"rendered":"<p>Cobertura para&nbsp;Coordinador de Ense\u00f1anza Superior (13-210) La Res. Min. 1138-2015, en su Art. 4., &nbsp;dispone que el &nbsp;PROCEDIMIENTO DE COBERTURA del cargo de Coordinador\/a &nbsp;de Ense\u00f1anza Superior (13-210) -con car\u00e1cter INTERINO O SUPLENTE&#8211; se lleve a cabo por medio de dos instancias: Aclaraci\u00f3n importante Cuando la vacante corresponda a un CARGO vinculado con LA FORMACI\u00d3N &#8230; <a title=\"Convocatoria Cargos Nivel Superior\" class=\"read-more\" href=\"https:\/\/istoledo-cba.infd.edu.ar\/sitio\/convocatoria-cargos-nivel-superior\/\" aria-label=\"More on Convocatoria Cargos Nivel Superior\">[+]<\/a><\/p>\n","protected":false},"author":7,"featured_media":0,"parent":0,"menu_order":0,"comment_status":"closed","ping_status":"closed","template":"","meta":[],"acf":[],"_links":{"self":[{"href":"https:\/\/istoledo-cba.infd.edu.ar\/sitio\/wp-json\/wp\/v2\/pages\/2917"}],"collection":[{"href":"https:\/\/istoledo-cba.infd.edu.ar\/sitio\/wp-json\/wp\/v2\/pages"}],"about":[{"href":"https:\/\/istoledo-cba.infd.edu.ar\/sitio\/wp-json\/wp\/v2\/types\/page"}],"author":[{"embeddable":true,"href":"https:\/\/istoledo-cba.infd.edu.ar\/sitio\/wp-json\/wp\/v2\/users\/7"}],"replies":[{"embeddable":true,"href":"https:\/\/istoledo-cba.infd.edu.ar\/sitio\/wp-json\/wp\/v2\/comments?post=2917"}],"version-history":[{"count":6,"href":"https:\/\/istoledo-cba.infd.edu.ar\/sitio\/wp-json\/wp\/v2\/pages\/2917\/revisions"}],"predecessor-version":[{"id":4031,"href":"https:\/\/istoledo-cba.infd.edu.ar\/sitio\/wp-json\/wp\/v2\/pages\/2917\/revisions\/4031"}],"wp:attachment":[{"href":"https:\/\/istoledo-cba.infd.edu.ar\/sitio\/wp-json\/wp\/v2\/media?parent=2917"}],"curies":[{"name":"wp","href":"https:\/\/api.w.org\/{rel}","templated":true}]}}