{"id":2941,"date":"2022-10-28T14:06:58","date_gmt":"2022-10-28T17:06:58","guid":{"rendered":"https:\/\/istoledo-cba.infd.edu.ar\/sitio\/?page_id=2941"},"modified":"2025-09-24T09:50:30","modified_gmt":"2025-09-24T12:50:30","slug":"informacion-complementaria-2","status":"publish","type":"page","link":"https:\/\/istoledo-cba.infd.edu.ar\/sitio\/informacion-complementaria-2\/","title":{"rendered":"Informaci\u00f3n complementaria"},"content":{"rendered":"\n<h4 class=\"wp-block-heading\"><strong><span class=\"has-inline-color has-vivid-cyan-blue-color\">Sobre la Documentaci\u00f3n a enviar al correo de secretar\u00eda:<\/span><\/strong><\/h4>\n\n\n<div class=\"wp-block-image\">\n<figure class=\"aligncenter size-large\"><img decoding=\"async\" loading=\"lazy\" width=\"110\" height=\"110\" src=\"https:\/\/istoledo-cba.infd.edu.ar\/sitio\/wp-content\/uploads\/2022\/10\/image-7.png\" alt=\"\" class=\"wp-image-2947\"\/><\/figure><\/div>\n\n\n<p class=\"has-text-align-center\"><strong>CORREO DE SECRETAR\u00cdA INSTITUTO:<\/strong>  <a href=\"mailto:zmdetoledo@yahoo.com.ar\"><strong>zmdetoledo@yahoo.com.ar<\/strong><\/a><\/p>\n\n\n\n<p>El\/la postulante habr\u00e1 de <strong><span class=\"has-inline-color has-vivid-red-color\">ENVIAR UN MAIL<\/span><\/strong> al correo de secretar\u00eda, en cuyo <span class=\"has-inline-color has-vivid-red-color\">ASUNTO COLOCAR\u00c1<\/span>:<\/p>\n\n\n\n<p class=\"has-text-align-center\"><strong>CONVOCATORIA<\/strong><strong> COORDINADOR\/A NIVEL SUPERIOR- APELLIDO Y NOMBRE DEL\/A POSTULANTE<\/strong><\/p>\n\n\n\n<p>En el <strong><mark style=\"background-color:rgba(0, 0, 0, 0)\" class=\"has-inline-color has-vivid-red-color\">CUERPO DEL MAIL<\/mark><\/strong> deber\u00e1 consignar:<\/p>\n\n\n\n<p><strong>POSTULANTE CONVOCATORIA COORDINADOR\/A NIVEL SUPERIOR<\/strong><\/p>\n\n\n\n<p><strong><u>Postulante convocatoria coordinador\/a nivel superior<\/u><\/strong><\/p>\n\n\n\n<ul>\n<li>Apellido y Nombre<\/li>\n\n\n\n<li>DNI<\/li>\n\n\n\n<li>Domicilio<\/li>\n\n\n\n<li>Celular de contacto\/ tel\u00e9fono fijo (colocar prefijo)<\/li>\n<\/ul>\n\n\n\n<p><strong><u>Adjuntar en un \u00fanico documento (PDF):<\/u><\/strong><\/p>\n\n\n\n<ul>\n<li><a href=\"https:\/\/educaciontecnica.cba.gov.ar\/wp-content\/uploads\/2023\/02\/202302-24-Formulario-online-de-inscripcion-para-Horas-Catedra1.pdf\">Formulario de inscripci\u00f3n on-line<\/a><\/li>\n\n\n\n<li>CV con la documentaci\u00f3n de respaldo correspondiente.<\/li>\n\n\n\n<li>Copia de DNI.<\/li>\n\n\n\n<li>Proyecto de abordaje (solo para cargos de coordinaci\u00f3n).<\/li>\n<\/ul>\n\n\n\n<p><\/p>\n\n\n\n<p><\/p>\n\n\n\n<p><\/p>\n\n\n\n<h4 class=\"wp-block-heading\"><strong><span class=\"has-inline-color has-vivid-cyan-blue-color\">Sobre los ARCHIVOS ADJUNTOS<\/span><\/strong><\/h4>\n\n\n\n<p>El mail enviado a secretar\u00eda<strong> contendr\u00e1 1 (uno y SOLO UNO)<\/strong>\u00a0ARCHIVO ADJUNTO <strong><u>EN FORMATO PDF<\/u><\/strong> que contendr\u00e1n:<\/p>\n\n\n\n<p><strong>ARCHIVO PDF \u00a0\u2013 Con copias PERFECTAMENTE LEGIBLES<\/strong><\/p>\n\n\n\n<ul>\n<li>Formulario de Inscripci\u00f3n online<\/li>\n\n\n\n<li>Curr\u00edculum\u00a0 Vitae Nominal (<strong><a rel=\"noreferrer noopener\" href=\"https:\/\/dges-cba.infd.edu.ar\/sitio\/upload\/Mem_Conj_DGES_DGETyFP_03-2015.PDF\" data-type=\"URL\" data-id=\"https:\/\/dges-cba.infd.edu.ar\/sitio\/upload\/Mem_Conj_DGES_DGETyFP_03-2015.PDF\" target=\"_blank\">Ver Formato Memor\u00e1ndum Conjunto 03\/2015 Anexo IV<\/a><\/strong>)<\/li>\n\n\n\n<li>Copia del D.N.I. en anverso y reverso.<\/li>\n\n\n\n<li>Copia del anverso y reverso del T\u00cdTULO y\/o CERTIFICADO ANAL\u00cdTICO.<\/li>\n\n\n\n<li>Copias de las CERTIFICACIONES DE FORMACI\u00d3N de los \u00faltimos 10 a\u00f1os.<\/li>\n\n\n\n<li>Constancia de servicios actualizada. (NO HISTORIA LABORAL)<\/li>\n<\/ul>\n\n\n\n<p><strong>\u00a0\u2013 PROPUESTA INSTITUCIONAL <\/strong>basada en el <strong><mark style=\"background-color:rgba(0, 0, 0, 0)\" class=\"has-inline-color has-vivid-red-color\"><a href=\"https:\/\/drive.google.com\/file\/d\/14ms31eVupgGOTtsw2M4exf_z-85HSI_H\/view?usp=drive_link\">INFORME INSTITUCIONAL<\/a><\/mark><\/strong> elaborado por el Equipo Directivo- (<strong><a rel=\"noreferrer noopener\" href=\"https:\/\/dges-cba.infd.edu.ar\/sitio\/upload\/Mem_Conj_DGES_DGETyFP_03-2015.PDF\" data-type=\"URL\" data-id=\"https:\/\/dges-cba.infd.edu.ar\/sitio\/upload\/Mem_Conj_DGES_DGETyFP_03-2015.PDF\" target=\"_blank\">Ver Formato Memor\u00e1ndum Conjunto 03\/2015 Anexo V<\/a><\/strong>) :<\/p>\n\n\n\n<h1 class=\"wp-block-heading\">Observaci\u00f3n:<\/h1>\n\n\n\n<ul>\n<li>Tener en cuenta, al momento de PRESENTAR LA POSTULACI\u00d3N, que el C.V debe confeccionarse siguiendo el modelo en <strong>FORMA CLARA, PROLIJA Y ORDENADAMENTE<\/strong>. Adem\u00e1s al adjuntar el CV con la documentaci\u00f3n escaneada o fotos, estas deben ser claras y legibles, a los fines de que puedan ser valoradas.<br><\/li>\n\n\n\n<li>La recepci\u00f3n de la <strong>INSCRIPCI\u00d3N A TRAV\u00c9S DEL CORREO DE SECRETAR\u00cdA<\/strong> ser\u00e1 hasta el &nbsp;t\u00e9rmino de 3 (tres) d\u00edas h\u00e1biles inmediatos y consecutivos; y\/o&nbsp; la PRIMERA HORA LABORAL DEL 4TO D\u00cdA (hasta las 9:00 h)<br><\/li>\n\n\n\n<li>Los procedimientos, <strong>requisitos de inscripci\u00f3n, modelo de CV nominativo<\/strong> como tambi\u00e9n los criterios de valoraci\u00f3n de las postulaciones se encuentran en la siguiente Resoluci\u00f3n Ministerial 1138-2015 y en el Memor\u00e1ndum Conjunto 03-2015.<\/li>\n<\/ul>\n","protected":false},"excerpt":{"rendered":"<p>Sobre la Documentaci\u00f3n a enviar al correo de secretar\u00eda: CORREO DE SECRETAR\u00cdA INSTITUTO: zmdetoledo@yahoo.com.ar El\/la postulante habr\u00e1 de ENVIAR UN MAIL al correo de secretar\u00eda, en cuyo ASUNTO COLOCAR\u00c1: CONVOCATORIA COORDINADOR\/A NIVEL SUPERIOR- APELLIDO Y NOMBRE DEL\/A POSTULANTE En el CUERPO DEL MAIL deber\u00e1 consignar: POSTULANTE CONVOCATORIA COORDINADOR\/A NIVEL SUPERIOR Postulante convocatoria coordinador\/a nivel superior &#8230; <a title=\"Informaci\u00f3n complementaria\" class=\"read-more\" href=\"https:\/\/istoledo-cba.infd.edu.ar\/sitio\/informacion-complementaria-2\/\" aria-label=\"More on Informaci\u00f3n complementaria\">[+]<\/a><\/p>\n","protected":false},"author":7,"featured_media":0,"parent":0,"menu_order":0,"comment_status":"closed","ping_status":"closed","template":"","meta":[],"acf":[],"_links":{"self":[{"href":"https:\/\/istoledo-cba.infd.edu.ar\/sitio\/wp-json\/wp\/v2\/pages\/2941"}],"collection":[{"href":"https:\/\/istoledo-cba.infd.edu.ar\/sitio\/wp-json\/wp\/v2\/pages"}],"about":[{"href":"https:\/\/istoledo-cba.infd.edu.ar\/sitio\/wp-json\/wp\/v2\/types\/page"}],"author":[{"embeddable":true,"href":"https:\/\/istoledo-cba.infd.edu.ar\/sitio\/wp-json\/wp\/v2\/users\/7"}],"replies":[{"embeddable":true,"href":"https:\/\/istoledo-cba.infd.edu.ar\/sitio\/wp-json\/wp\/v2\/comments?post=2941"}],"version-history":[{"count":7,"href":"https:\/\/istoledo-cba.infd.edu.ar\/sitio\/wp-json\/wp\/v2\/pages\/2941\/revisions"}],"predecessor-version":[{"id":3979,"href":"https:\/\/istoledo-cba.infd.edu.ar\/sitio\/wp-json\/wp\/v2\/pages\/2941\/revisions\/3979"}],"wp:attachment":[{"href":"https:\/\/istoledo-cba.infd.edu.ar\/sitio\/wp-json\/wp\/v2\/media?parent=2941"}],"curies":[{"name":"wp","href":"https:\/\/api.w.org\/{rel}","templated":true}]}}