{"id":2960,"date":"2022-10-31T19:28:23","date_gmt":"2022-10-31T22:28:23","guid":{"rendered":"https:\/\/istoledo-cba.infd.edu.ar\/sitio\/?page_id=2960"},"modified":"2026-02-23T08:30:47","modified_gmt":"2026-02-23T11:30:47","slug":"pre-matricula-ingresantes-2026","status":"publish","type":"page","link":"https:\/\/istoledo-cba.infd.edu.ar\/sitio\/pre-matricula-ingresantes-2026\/","title":{"rendered":"CONFIRMACI\u00d3N DE PRE-MATR\u00cdCULA"},"content":{"rendered":"\n<figure class=\"wp-block-image size-full is-resized\"><img decoding=\"async\" loading=\"lazy\" src=\"https:\/\/istoledo-cba.infd.edu.ar\/sitio\/wp-content\/uploads\/2026\/02\/WhatsApp-Image-2026-02-18-at-13.19.33-1.jpeg\" alt=\"\" class=\"wp-image-4081\" width=\"1021\" height=\"1815\" srcset=\"https:\/\/istoledo-cba.infd.edu.ar\/sitio\/wp-content\/uploads\/2026\/02\/WhatsApp-Image-2026-02-18-at-13.19.33-1.jpeg 900w, https:\/\/istoledo-cba.infd.edu.ar\/sitio\/wp-content\/uploads\/2026\/02\/WhatsApp-Image-2026-02-18-at-13.19.33-1-563x1000.jpeg 563w, https:\/\/istoledo-cba.infd.edu.ar\/sitio\/wp-content\/uploads\/2026\/02\/WhatsApp-Image-2026-02-18-at-13.19.33-1-768x1365.jpeg 768w, https:\/\/istoledo-cba.infd.edu.ar\/sitio\/wp-content\/uploads\/2026\/02\/WhatsApp-Image-2026-02-18-at-13.19.33-1-864x1536.jpeg 864w\" sizes=\"(max-width: 1021px) 100vw, 1021px\" \/><\/figure>\n\n\n\n<p><\/p>\n\n\n\n<p>Periodo de Pre-Matr\u00edcula<\/p>\n\n\n\n<p>La PRE-MATR\u00cdCULA es el PRIMER PASO necesario para QUIEN DESEE CURSAR UNA CARRERA DE NIVEL SUPERIOR, en cualquier Instituto Superior de GESTI\u00d3N P\u00daBLICA de la Provincia de C\u00f3rdoba. En nuestro Instituto, comprende a las carreras de <strong>FORMACI\u00d3N DOCENTE<\/strong> y <strong>FORMACI\u00d3N T\u00c9CNICA PROFESIONAL<\/strong> que se ofrecen en Sede Jes\u00fas Mar\u00eda y Anexos S. Elcano y Salsipuedes.<\/p>\n\n\n\n<figure class=\"wp-block-image size-full is-resized\"><img decoding=\"async\" loading=\"lazy\" src=\"https:\/\/istoledo-cba.infd.edu.ar\/sitio\/wp-content\/uploads\/2025\/11\/image-1.png\" alt=\"\" class=\"wp-image-3988\" width=\"1018\" height=\"573\"\/><\/figure>\n\n\n<div class=\"wp-block-image\">\n<figure class=\"aligncenter size-full is-resized\"><img decoding=\"async\" loading=\"lazy\" src=\"https:\/\/istoledo-cba.infd.edu.ar\/sitio\/wp-content\/uploads\/2023\/10\/danger-5732_128.gif\" alt=\"\" class=\"wp-image-3454\" width=\"60\" height=\"54\"\/><\/figure><\/div>\n\n\n<p class=\"has-text-align-center has-text-color has-medium-font-size\" style=\"color:#c90a3e\"><strong>EL PERIODO DE PRE- MATR\u00cdCULA SER\u00c1 <\/strong><br><strong>A PARTIR DEL 17 DE NOVIEMBRE\/2025 HASTA EL 31 DE DICIEMBRE\/2025<\/strong> (y se reabre en febrero\/2026)<\/p>\n\n\n\n<p>El&nbsp;<strong>procedimiento<\/strong>&nbsp;de PRE-MATRICULA consta de&nbsp;<strong>dos pasos, que deben cumplimentarse en los plazos establecidos.<\/strong><\/p>\n\n\n\n<h4 class=\"wp-block-heading\"><strong><u>PASO 1 &#8211; PREMATRICULACI\u00d3N-:<\/u><\/strong><\/h4>\n\n\n\n<p>Se realizar\u00e1 a trav\u00e9s de la P\u00e1gina Oficial del Gobierno de la Provincia.<\/p>\n\n\n<div class=\"wp-block-image\">\n<figure class=\"aligncenter size-full\"><a href=\"https:\/\/gestionestudiantes.cba.gov.ar\/NoUsuario\/ConsultaSuperior.aspx\" target=\"_blank\" rel=\"noreferrer noopener\"><img decoding=\"async\" loading=\"lazy\" width=\"362\" height=\"147\" src=\"https:\/\/istoledo-cba.infd.edu.ar\/sitio\/wp-content\/uploads\/2023\/11\/image.png\" alt=\"\" class=\"wp-image-3520\"\/><\/a><\/figure><\/div>\n\n\n<p class=\"has-text-align-center\"><a href=\"https:\/\/www.cba.gov.ar\/gestion-estudiantes\" target=\"_blank\" rel=\"noreferrer noopener\">https:\/\/www.cba.gov.ar\/gestion-estudiantes<\/a><\/p>\n\n\n\n<p>Deber\u00e1n completar virtualmente su pre matriculaci\u00f3n en la&nbsp;<strong>Plataforma de Digital del Ministerio de Educaci\u00f3n \u00abCIDI\u00bb&nbsp;y DESCARGAR comprobante de PRE-MATRICULACI\u00d3N.<\/strong><\/p>\n\n\n<div class=\"wp-block-image\">\n<figure class=\"alignleft size-large is-resized\"><img decoding=\"async\" loading=\"lazy\" src=\"https:\/\/istoledo-cba.infd.edu.ar\/sitio\/wp-content\/uploads\/2022\/10\/image-10.png\" alt=\"\" class=\"wp-image-2968\" width=\"196\" height=\"196\"\/><\/figure><\/div>\n\n\n<p>Tenga en cuenta que para completar la pre matricula debe utilizar su <strong><mark style=\"background-color:rgba(0, 0, 0, 0)\" class=\"has-inline-color has-vivid-red-color\">USUARIO DE CIUDADANO DIGITAL<\/mark><\/strong> (CIDI), que consiste en su n\u00famero de CUIL, y su clave personal. Recomendamos que est\u00e9 vinculado con un correo de uso habitual y sus datos de contacto actualizados.<\/p>\n\n\n\n<p>Para la PRE-MATR\u00cdCULA seleccionar\u00e1 el C\u00d3DIGO DE EMPRESA que Sede Jes\u00fas Mar\u00eda: <br><strong>C\u00d3DIGO ESCUELA: &nbsp; EE0310111<\/strong><\/p>\n\n\n\n<p>Anexo S. Elcano: <strong>C\u00d3DIGO ESCUELA EE0313007<\/strong><\/p>\n\n\n\n<p>                                                  Anexo Salsipuedes: <strong>EE0310111<\/strong><\/p>\n\n\n\n<p><\/p>\n\n\n\n<h4 class=\"wp-block-heading\"><strong><u>PASO 2 &#8211; CONFIRMACI\u00d3N DE PREMATRICULA-:<\/u><\/strong><\/h4>\n\n\n\n<p>Una vez realizado el PASO 1 (PREMATRICULACI\u00d3N NIVEL SUPERIOR) a trav\u00e9s del CIDI, <mark style=\"background-color:rgba(0, 0, 0, 0)\" class=\"has-inline-color has-vivid-red-color\"> <strong><u>DEBER\u00c1N CONFIRMAR SU PRE-INSCRIPCI\u00d3N EN MODO PRESENCIAL<\/u><\/strong><\/mark>, en los horarios establecidos para CADA CARRERA, en el lugar (Sede y\/o Anexo) donde se dicta. <\/p>\n\n\n\n<figure class=\"wp-block-image size-full is-resized\"><img decoding=\"async\" loading=\"lazy\" src=\"https:\/\/istoledo-cba.infd.edu.ar\/sitio\/wp-content\/uploads\/2025\/11\/image-2.png\" alt=\"\" class=\"wp-image-3989\" width=\"1020\" height=\"574\"\/><\/figure>\n\n\n\n<figure class=\"wp-block-image size-full is-resized\"><img decoding=\"async\" loading=\"lazy\" src=\"https:\/\/istoledo-cba.infd.edu.ar\/sitio\/wp-content\/uploads\/2025\/11\/image-3.png\" alt=\"\" class=\"wp-image-3990\" width=\"1020\" height=\"574\"\/><\/figure>\n\n\n\n<figure class=\"wp-block-image size-full is-resized\"><img decoding=\"async\" loading=\"lazy\" src=\"https:\/\/istoledo-cba.infd.edu.ar\/sitio\/wp-content\/uploads\/2025\/12\/TSMD-MARQUESINA-2.png\" alt=\"\" class=\"wp-image-4069\" width=\"1018\" height=\"573\"\/><\/figure>\n\n\n\n<figure class=\"wp-block-image size-full is-resized\"><img decoding=\"async\" loading=\"lazy\" src=\"https:\/\/istoledo-cba.infd.edu.ar\/sitio\/wp-content\/uploads\/2025\/12\/image-1.png\" alt=\"\" class=\"wp-image-4051\" width=\"1020\" height=\"574\"\/><\/figure>\n\n\n\n<figure class=\"wp-block-image size-full is-resized\"><img decoding=\"async\" loading=\"lazy\" src=\"https:\/\/istoledo-cba.infd.edu.ar\/sitio\/wp-content\/uploads\/2025\/12\/PROF-INGLES-MARQUESINA-1.png\" alt=\"\" class=\"wp-image-4066\" width=\"1019\" height=\"573\"\/><\/figure>\n\n\n<div class=\"wp-block-image\">\n<figure class=\"aligncenter size-full is-resized\"><img decoding=\"async\" loading=\"lazy\" src=\"https:\/\/istoledo-cba.infd.edu.ar\/sitio\/wp-content\/uploads\/2023\/11\/giphy.gif\" alt=\"\" class=\"wp-image-3530\" width=\"202\" height=\"83\"\/><\/figure><\/div>\n\n\n<h5 class=\"wp-block-heading has-text-align-center has-text-color\" style=\"color:#f70303\"><\/h5>\n\n\n<div class=\"wp-block-image\">\n<figure class=\"aligncenter size-large\"><img decoding=\"async\" loading=\"lazy\" width=\"242\" height=\"177\" src=\"https:\/\/istoledo-cba.infd.edu.ar\/sitio\/wp-content\/uploads\/2022\/10\/image-11.png\" alt=\"\" class=\"wp-image-2970\"\/><\/figure><\/div>\n\n\n<h5 class=\"wp-block-heading has-text-align-center\">DOCUMENTACI\u00d3N PARA CONFIRMAR LA PREMATR\u00cdCULA<\/h5>\n\n\n\n<p>PARA CONFIRMAR PRE-INSCRIPCI\u00d3N DEBER\u00c1 PRESENTAR:<\/p>\n\n\n\n<ul>\n<li><strong>Constancia de pre inscripci\u00f3n digital<\/strong> emitida por CIDI.<\/li>\n\n\n\n<li>Copia <strong>DNI de ambos lados<\/strong>.<\/li>\n\n\n\n<li>Copia de <strong>Constancia de Estudios Secundarios<\/strong> o <strong>Constancia de Certificado Anal\u00edtico en Tr\u00e1mite<\/strong> o <strong>Certificado Anal\u00edtico<\/strong>.<\/li>\n\n\n\n<li>Abonar <strong>CONTRIBUCI\u00d3N PRE-MATR\u00cdCULA 2026 ASOC. COOPERADORA<\/strong> (Consultar en Secretar\u00eda del Instituto)<\/li>\n<\/ul>\n\n\n\n<p><strong><mark style=\"background-color:rgba(0, 0, 0, 0)\" class=\"has-inline-color has-vivid-red-color\">Esta instancia de confirmaci\u00f3n podr\u00e1 ser realizada por un TERCERO, siempre y cuando, SE PRESENTE CON TODA LA DOCUMENTACI\u00d3N REQUERIDA COMPLETA.<\/mark><\/strong><\/p>\n\n\n<div class=\"wp-block-image\">\n<figure class=\"aligncenter size-full is-resized\"><img decoding=\"async\" loading=\"lazy\" src=\"https:\/\/istoledo-cba.infd.edu.ar\/sitio\/wp-content\/uploads\/2023\/04\/AVISO.gif\" alt=\"\" class=\"wp-image-3275\" width=\"328\" height=\"157\"\/><\/figure><\/div>\n\n\n<h3 class=\"wp-block-heading\">Seminario de INGRESO AL NIVEL SUPERIOR<\/h3>\n\n\n\n<p>Todas las Carreras, ya sean de FORMACI\u00d3N DOCENTE y\/o FORMACI\u00d3N T\u00c9CNICA PROFESIONAL tienen una INSTANCIA DE INGRESO.  <strong><mark style=\"background-color:rgba(0, 0, 0, 0)\" class=\"has-inline-color has-vivid-red-color\">El CURSADO ES OBLIGATORIO y UN REQUISITO PARA LA POSTERIOR MATRICULACI\u00d3N AL CURSADO ANUAL<\/mark><\/strong>. <\/p>\n\n\n\n<p>Las<strong> actividades de Apertura del Ciclo de Ingreso 2026<\/strong> se desarrollar\u00e1n en <strong><mark style=\"background-color:rgba(0, 0, 0, 0)\" class=\"has-inline-color has-vivid-red-color\">MODALIDAD COMBINADA <\/mark><\/strong>, a partir del <strong><mark style=\"background-color:rgba(0, 0, 0, 0)\" class=\"has-inline-color has-vivid-red-color\"> 02 de marzo al 30 de marzo<\/mark><\/strong> (se incluye la presentaci\u00f3n de las carreras, talleres sobre el uso de las aulas virtuales, jornadas informativas, entre otras).<\/p>\n\n\n\n<p><\/p>\n","protected":false},"excerpt":{"rendered":"<p>Periodo de Pre-Matr\u00edcula La PRE-MATR\u00cdCULA es el PRIMER PASO necesario para QUIEN DESEE CURSAR UNA CARRERA DE NIVEL SUPERIOR, en cualquier Instituto Superior de GESTI\u00d3N P\u00daBLICA de la Provincia de C\u00f3rdoba. En nuestro Instituto, comprende a las carreras de FORMACI\u00d3N DOCENTE y FORMACI\u00d3N T\u00c9CNICA PROFESIONAL que se ofrecen en Sede Jes\u00fas Mar\u00eda y Anexos S. &#8230; <a title=\"CONFIRMACI\u00d3N DE PRE-MATR\u00cdCULA\" class=\"read-more\" href=\"https:\/\/istoledo-cba.infd.edu.ar\/sitio\/pre-matricula-ingresantes-2026\/\" aria-label=\"More on CONFIRMACI\u00d3N DE PRE-MATR\u00cdCULA\">[+]<\/a><\/p>\n","protected":false},"author":1158,"featured_media":0,"parent":0,"menu_order":0,"comment_status":"closed","ping_status":"closed","template":"","meta":[],"acf":[],"_links":{"self":[{"href":"https:\/\/istoledo-cba.infd.edu.ar\/sitio\/wp-json\/wp\/v2\/pages\/2960"}],"collection":[{"href":"https:\/\/istoledo-cba.infd.edu.ar\/sitio\/wp-json\/wp\/v2\/pages"}],"about":[{"href":"https:\/\/istoledo-cba.infd.edu.ar\/sitio\/wp-json\/wp\/v2\/types\/page"}],"author":[{"embeddable":true,"href":"https:\/\/istoledo-cba.infd.edu.ar\/sitio\/wp-json\/wp\/v2\/users\/1158"}],"replies":[{"embeddable":true,"href":"https:\/\/istoledo-cba.infd.edu.ar\/sitio\/wp-json\/wp\/v2\/comments?post=2960"}],"version-history":[{"count":49,"href":"https:\/\/istoledo-cba.infd.edu.ar\/sitio\/wp-json\/wp\/v2\/pages\/2960\/revisions"}],"predecessor-version":[{"id":4082,"href":"https:\/\/istoledo-cba.infd.edu.ar\/sitio\/wp-json\/wp\/v2\/pages\/2960\/revisions\/4082"}],"wp:attachment":[{"href":"https:\/\/istoledo-cba.infd.edu.ar\/sitio\/wp-json\/wp\/v2\/media?parent=2960"}],"curies":[{"name":"wp","href":"https:\/\/api.w.org\/{rel}","templated":true}]}}