{"id":3306,"date":"2023-05-12T18:57:20","date_gmt":"2023-05-12T21:57:20","guid":{"rendered":"https:\/\/istoledo-cba.infd.edu.ar\/sitio\/?page_id=3306"},"modified":"2025-05-27T23:59:37","modified_gmt":"2025-05-28T02:59:37","slug":"convocatoria-horas-formacion-docente","status":"publish","type":"page","link":"https:\/\/istoledo-cba.infd.edu.ar\/sitio\/convocatoria-horas-formacion-docente\/","title":{"rendered":"Convocatoria Horas Formaci\u00f3n Docente"},"content":{"rendered":"<div class=\"wp-block-image\">\n<figure class=\"alignleft size-full is-resized\"><img decoding=\"async\" loading=\"lazy\" src=\"https:\/\/istoledo-cba.infd.edu.ar\/sitio\/wp-content\/uploads\/2023\/05\/image-2.png\" alt=\"\" class=\"wp-image-3330\" width=\"127\" height=\"127\" srcset=\"https:\/\/istoledo-cba.infd.edu.ar\/sitio\/wp-content\/uploads\/2023\/05\/image-2.png 512w, https:\/\/istoledo-cba.infd.edu.ar\/sitio\/wp-content\/uploads\/2023\/05\/image-2-500x500.png 500w\" sizes=\"(max-width: 127px) 100vw, 127px\" \/><\/figure><\/div>\n\n\n<p>En el caso de las&nbsp;<strong>HORAS C\u00c1TEDRAS PERTENECIENTES A LA FORMACI\u00d3N DOCENTE<\/strong>, la INSCRIPCI\u00d3N ser\u00e1 ON LINE en la secci\u00f3n&nbsp;<a rel=\"noreferrer noopener\" href=\"http:\/\/dges-cba.edu.ar\/wp\/index.php\/convocatorias-a-horas-catedra-acceso-a-aspirantes\/\" target=\"_blank\">CONVOCATORIA<\/a>&nbsp;de la p\u00e1gina Web de la&nbsp;<strong>D.G.E.S<\/strong>, por el t\u00e9rmino de&nbsp;<strong>3 (tres) d\u00edas h\u00e1biles.&nbsp;<\/strong><\/p>\n\n\n<div class=\"wp-block-image\">\n<figure class=\"aligncenter size-large is-resized\"><img decoding=\"async\" loading=\"lazy\" src=\"https:\/\/istoledo-cba.infd.edu.ar\/sitio\/wp-content\/uploads\/2024\/03\/varias-1343x1900.jpg\" alt=\"\" class=\"wp-image-3621\" width=\"465\" height=\"656\"\/><\/figure><\/div>\n\n\n<p> Se r<span style=\"font-size: revert;\">ecomienda la lectura de la NORMATIVA VIGENTE para tomar conocimiento de: <\/span>   <figure class=\"wp-block-image alignleft is-resized\"><img decoding=\"async\" loading=\"lazy\" width=\"88\" height=\"88\" class=\"wp-image-2341\" src=\"https:\/\/istoledo-cba.infd.edu.ar\/sitio\/wp-content\/uploads\/2021\/11\/icono-tramite-1.png\" alt=\"\"><\/figure>   <p>Los procedimientos, formularios, modelo de CV nominativo, requisitos de inscripci\u00f3n, como tambi\u00e9n los criterios de valoraci\u00f3n de las postulaciones se encuentran en la <a rel=\"noreferrer noopener\" href=\"https:\/\/istoledo-cba.infd.edu.ar\/sitio\/wp-content\/uploads\/2022\/04\/RES-M-197-22-procedimiento-cobertura-de-cargos-virtual-de-SUPERIOR-Y-TECNICA-1-1.pdf\" target=\"_blank\"><strong>Resoluci\u00f3n Minist. 197\/2022<\/strong> y<\/a> en las <a rel=\"noreferrer noopener\" href=\"http:\/\/dges-cba.edu.ar\/wp\/wp-content\/uploads\/2022\/03\/Orientaciones_y_criterios_para-proyecto_RM_197-22.pdf\" target=\"_blank\"><strong>Orientaciones y criterios para la valoraci\u00f3n del proyecto de abordaje del espacio curricular<\/strong><\/a> <strong>que contemple virtualidad en el marco de la RM 197\/22<\/strong><\/p>. <\/p>\n\n\n\n<h4 class=\"wp-block-heading has-text-align-center\">Convocatorias Cobertura Horas C\u00e1tedras para la Formaci\u00f3n DOCENTE (DGES)<\/h4>\n\n\n\n<p class=\"has-text-align-center\">\u2013<strong><a href=\"http:\/\/dges-cba.edu.ar\/wp\/index.php\/horas-catedra-listado-de-convocatorias-vigentes\/\" target=\"_blank\" rel=\"noreferrer noopener\">VER PUBLICACI\u00d3N CONVOCATORIAS VIGENTE EN P\u00c1GINA DE DGES.-<\/a><\/strong><\/p>\n\n\n<div class=\"wp-block-image\">\n<figure class=\"aligncenter size-full is-resized\"><img decoding=\"async\" loading=\"lazy\" src=\"https:\/\/istoledo-cba.infd.edu.ar\/sitio\/wp-content\/uploads\/2023\/05\/image-1.png\" alt=\"\" class=\"wp-image-3319\" width=\"141\" height=\"141\"\/><figcaption class=\"wp-element-caption\"><strong>Dise\u00f1os Curriculares<\/strong><\/figcaption><\/figure><\/div>\n\n\n<p class=\"has-text-align-center\"><a rel=\"noreferrer noopener\" href=\"https:\/\/dges-cba.infd.edu.ar\/sitio\/curriculares\/\" target=\"_blank\"><strong>ACCESO A DISE\u00d1OS CURRICULARES CARRERAS DE FORMACI\u00d3N DOCENTE<\/strong><\/a>&#8211;<\/p>\n\n\n\n<p class=\"has-text-align-center\"><a href=\"https:\/\/istoledo-cba.infd.edu.ar\/sitio\/wp-content\/uploads\/2023\/07\/UNIDAD-DE-DEFINICION-INSTITUCIONAL-ORATORIA-Y-COMUNICACION-ISZMT.pdf\" data-type=\"URL\" data-id=\"https:\/\/istoledo-cba.infd.edu.ar\/sitio\/wp-content\/uploads\/2023\/07\/UNIDAD-DE-DEFINICION-INSTITUCIONAL-ORATORIA-Y-COMUNICACION-ISZMT.pdf\" target=\"_blank\" rel=\"noreferrer noopener\">&#8211;<strong>ESPACIO DE DEFINICI\u00d3N INSTITUCIONAL  (UDI) EN PROFESORADO EDUCACI\u00d3N SECUNDARIA-<\/strong><\/a><\/p>\n\n\n\n<p class=\"has-text-align-center\"><a href=\"https:\/\/drive.google.com\/file\/d\/1U6fb2yfpli_2pEYORCKt8LPIBe9Ijwxr\/view?usp=sharing\" data-type=\"URL\" data-id=\"https:\/\/istoledo-cba.infd.edu.ar\/sitio\/wp-content\/uploads\/2023\/07\/UNIDAD-DE-DEFINICION-INSTITUCIONAL-ORATORIA-Y-COMUNICACION-ISZMT.pdf\" target=\"_blank\" rel=\"noreferrer noopener\">&#8211;<strong>ESPACIO DE DEFINICI\u00d3N INSTITUCIONAL  (UDI) EN PROFESORADO EDUCACI\u00d3N SECUNDARIA EN GEOGRAF\u00cdA-<\/strong><\/a><\/p>\n\n\n<div class=\"wp-block-image\">\n<figure class=\"aligncenter size-full is-resized\"><img decoding=\"async\" loading=\"lazy\" src=\"https:\/\/istoledo-cba.infd.edu.ar\/sitio\/wp-content\/uploads\/2022\/10\/LOGO-IS-ZMT-40-anos.jpg\" alt=\"\" class=\"wp-image-2869\" width=\"233\" height=\"175\" srcset=\"https:\/\/istoledo-cba.infd.edu.ar\/sitio\/wp-content\/uploads\/2022\/10\/LOGO-IS-ZMT-40-anos.jpg 960w, https:\/\/istoledo-cba.infd.edu.ar\/sitio\/wp-content\/uploads\/2022\/10\/LOGO-IS-ZMT-40-anos-768x576.jpg 768w\" sizes=\"(max-width: 233px) 100vw, 233px\" \/><\/figure><\/div>","protected":false},"excerpt":{"rendered":"<p>En el caso de las&nbsp;HORAS C\u00c1TEDRAS PERTENECIENTES A LA FORMACI\u00d3N DOCENTE, la INSCRIPCI\u00d3N ser\u00e1 ON LINE en la secci\u00f3n&nbsp;CONVOCATORIA&nbsp;de la p\u00e1gina Web de la&nbsp;D.G.E.S, por el t\u00e9rmino de&nbsp;3 (tres) d\u00edas h\u00e1biles.&nbsp; Se recomienda la lectura de la NORMATIVA VIGENTE para tomar conocimiento de: Los procedimientos, formularios, modelo de CV nominativo, requisitos de inscripci\u00f3n, como tambi\u00e9n &#8230; <a title=\"Convocatoria Horas Formaci\u00f3n Docente\" class=\"read-more\" href=\"https:\/\/istoledo-cba.infd.edu.ar\/sitio\/convocatoria-horas-formacion-docente\/\" aria-label=\"More on Convocatoria Horas Formaci\u00f3n Docente\">[+]<\/a><\/p>\n","protected":false},"author":7,"featured_media":0,"parent":0,"menu_order":0,"comment_status":"closed","ping_status":"closed","template":"","meta":[],"acf":[],"_links":{"self":[{"href":"https:\/\/istoledo-cba.infd.edu.ar\/sitio\/wp-json\/wp\/v2\/pages\/3306"}],"collection":[{"href":"https:\/\/istoledo-cba.infd.edu.ar\/sitio\/wp-json\/wp\/v2\/pages"}],"about":[{"href":"https:\/\/istoledo-cba.infd.edu.ar\/sitio\/wp-json\/wp\/v2\/types\/page"}],"author":[{"embeddable":true,"href":"https:\/\/istoledo-cba.infd.edu.ar\/sitio\/wp-json\/wp\/v2\/users\/7"}],"replies":[{"embeddable":true,"href":"https:\/\/istoledo-cba.infd.edu.ar\/sitio\/wp-json\/wp\/v2\/comments?post=3306"}],"version-history":[{"count":8,"href":"https:\/\/istoledo-cba.infd.edu.ar\/sitio\/wp-json\/wp\/v2\/pages\/3306\/revisions"}],"predecessor-version":[{"id":3950,"href":"https:\/\/istoledo-cba.infd.edu.ar\/sitio\/wp-json\/wp\/v2\/pages\/3306\/revisions\/3950"}],"wp:attachment":[{"href":"https:\/\/istoledo-cba.infd.edu.ar\/sitio\/wp-json\/wp\/v2\/media?parent=3306"}],"curies":[{"name":"wp","href":"https:\/\/api.w.org\/{rel}","templated":true}]}}