{"id":3310,"date":"2023-05-12T19:33:22","date_gmt":"2023-05-12T22:33:22","guid":{"rendered":"https:\/\/istoledo-cba.infd.edu.ar\/sitio\/?page_id=3310"},"modified":"2026-04-06T14:41:07","modified_gmt":"2026-04-06T17:41:07","slug":"convocatoria-horas-formacion-tecnica-profesional","status":"publish","type":"page","link":"https:\/\/istoledo-cba.infd.edu.ar\/sitio\/convocatoria-horas-formacion-tecnica-profesional\/","title":{"rendered":"Convocatoria Horas Formaci\u00f3n T\u00e9cnica Profesional"},"content":{"rendered":"\n<p class=\"has-text-color\" style=\"color:#151414\">Para&nbsp;<strong>HORAS PERTENECIENTES A LA FORMACI\u00d3N T\u00c9CNICA PROFESIONAL,<\/strong>&nbsp;&nbsp;deber\u00e1  completar el formulario de registro y ENVIAR AL CORREO INSTITUCIONAL UN <mark style=\"background-color:rgba(0, 0, 0, 0);color:#f30707\" class=\"has-inline-color\"><strong>MAIL CON ASUNTO \u00abCONVOCATORIA _nombre de la unidad curricular\u00bb; en el cuerpo del mensaje consignar (nombre y apellido completo y DNI , en adjunto enviar en un \u00daNICO ARCHIVO PDF<\/strong><\/mark>, durante los&nbsp;<strong>3 (tres) d\u00edas h\u00e1biles, <\/strong> que se encuentre ACTIVA LA CONVOCATORIA, la siguiente documentaci\u00f3n: <\/p>\n\n\n\n<p>*<strong>FORMULARIO DE INSCRIPCI\u00d3N ONLINE<\/strong> (completar en formato papel y escanear)<\/p>\n\n\n\n<p>*<strong>CV<\/strong> con la documentaci\u00f3n de respaldo correspondiente<\/p>\n\n\n\n<p>*<strong>COPIA DE DNI<\/strong><\/p>\n\n\n\n<p>*<strong>CONSTANCIA DE SERVICIOS ACTUALIZADA<\/strong><\/p>\n\n\n\n<p>*<strong>PROYECTO DE ABORDAJE<\/strong><\/p>\n\n\n\n<p>Se recomienda la lectura de la NORMATIVA VIGENTE para tomar conocimiento de: <\/p>\n\n\n<div class=\"wp-block-image\">\n<figure class=\"alignleft is-resized\"><img decoding=\"async\" loading=\"lazy\" src=\"https:\/\/istoledo-cba.infd.edu.ar\/sitio\/wp-content\/uploads\/2021\/11\/icono-tramite-1.png\" alt=\"\" class=\"wp-image-2341\" width=\"88\" height=\"88\"\/><\/figure><\/div>\n\n\n<p>Los procedimientos, modelo de CV nominativo, requisitos de inscripci\u00f3n, como tambi\u00e9n los criterios de valoraci\u00f3n de las postulaciones se encuentran en la <a rel=\"noreferrer noopener\" href=\"https:\/\/istoledo-cba.infd.edu.ar\/sitio\/wp-content\/uploads\/2022\/04\/RES-M-197-22-procedimiento-cobertura-de-cargos-virtual-de-SUPERIOR-Y-TECNICA-1-1.pdf\" target=\"_blank\"><strong>Resoluci\u00f3n Minist. 197\/2022<\/strong> y<\/a> en las <strong><a rel=\"noreferrer noopener\" href=\"https:\/\/educaciontecnica.cba.gov.ar\/wp-content\/uploads\/2022\/03\/Orientaciones-para-proyecto-de-ensenanza-Hs-Cat.-2022.pdf\" target=\"_blank\">Orientaciones y criterios para la valoraci\u00f3n del proyecto de abordaje del espacio curricular de la Tecnicatura Superior que contemple virtualidad en el marco de la RM 197\/22<\/a><\/strong><\/p>\n\n\n<div class=\"wp-block-image\">\n<figure class=\"aligncenter size-full is-resized\"><img decoding=\"async\" loading=\"lazy\" src=\"https:\/\/istoledo-cba.infd.edu.ar\/sitio\/wp-content\/uploads\/2023\/05\/image.png\" alt=\"\" class=\"wp-image-3316\" width=\"142\" height=\"142\"\/><\/figure><\/div>\n\n\n<p class=\"has-text-align-center has-text-color\" style=\"color:#b60101\"><strong><a href=\"https:\/\/drive.google.com\/file\/d\/1mOkkisWrVNSjnh-i1peExOe6ZhplQgDY\/view?usp=sharing\">LINK AL FORMULARIO DE REGISTRO<\/a><\/strong><\/p>\n\n\n\n<p class=\"has-text-align-center has-text-color\" style=\"color:#b60101\">Enviar toda la documentaci\u00f3n solicitada a<\/p>\n\n\n\n<p class=\"has-text-align-center\"><strong>secretariazarela@iszarelamoyano.edu.ar<\/strong>  <\/p>\n\n\n\n<h3 class=\"wp-block-heading has-text-color\" style=\"color:#f70707\"><img decoding=\"async\" loading=\"lazy\" width=\"121\" height=\"67\" class=\"\" src=\"https:\/\/istoledo-cba.infd.edu.ar\/sitio\/wp-content\/uploads\/2022\/11\/new.gif\">CONVOCATORIAS VIGENTES CICLO 2026<\/h3>\n\n\n\n<h4 class=\"wp-block-heading has-text-align-center has-base-3-background-color has-background\">Convocatoria Cobertura Horas C\u00e1tedras para la Formaci\u00f3n T\u00e9cnica Profesional (DGETyFP)<\/h4>\n\n\n\n<p class=\"has-text-align-center\">\u2013<strong><a href=\"https:\/\/educaciontecnica.cba.gov.ar\/convocatoria-instituto-superior\/\" target=\"_blank\" rel=\"noreferrer noopener\">VER PUBLICACI\u00d3N <\/a>VACANTES EN P\u00c1GINA DE DGETy FP-<\/strong><\/p>\n\n\n<div class=\"wp-block-image\">\n<figure class=\"aligncenter size-full is-resized\"><img decoding=\"async\" loading=\"lazy\" src=\"https:\/\/istoledo-cba.infd.edu.ar\/sitio\/wp-content\/uploads\/2023\/05\/image-1.png\" alt=\"\" class=\"wp-image-3319\" width=\"148\" height=\"148\"\/><figcaption class=\"wp-element-caption\"><strong><a href=\"https:\/\/drive.google.com\/drive\/folders\/151hh52HB6cp_8Af8Du39e-mybIl8BtnE\" target=\"_blank\" rel=\"noreferrer noopener\">DISE\u00d1OS CURRICULARES<\/a><\/strong> <\/figcaption><\/figure><\/div>\n\n\n<p><a href=\"https:\/\/drive.google.com\/drive\/folders\/1RgdyaFShEppQ7Wi5Q1vu9R8CiW_sVbBf\" target=\"_blank\" rel=\"noreferrer noopener\">ACCESO  A RES. 024\/2022<\/a> &#8211; <strong>Plan de Estudio T.S. en ADMINISTRACI\u00d3N<\/strong> (A partir cohorte 2022)<\/p>\n\n\n\n<p><a href=\"https:\/\/docs.google.com\/document\/d\/1qig6eFTSXRCwKAcUEE44WBrNoIPhG2t4jmg5CUQPY3g\/edit\" data-type=\"URL\" data-id=\"https:\/\/docs.google.com\/document\/d\/1qig6eFTSXRCwKAcUEE44WBrNoIPhG2t4jmg5CUQPY3g\/edit\">ACCESO A RES. 1499\/2023<\/a> &#8211; <strong>Plan de Estudio T.S. en ADMINISTRACI\u00d3N<\/strong> (A partir cohorte 2024)<\/p>\n\n\n\n<p><a href=\"https:\/\/drive.google.com\/file\/d\/1Fe0X02C098TceJWwt3TZmsAvw8wjkJml\/view?usp=sharing\" data-type=\"URL\" data-id=\"https:\/\/docs.google.com\/document\/d\/1qig6eFTSXRCwKAcUEE44WBrNoIPhG2t4jmg5CUQPY3g\/edit\">ACCESO A RES. 1000\/2013<\/a> &#8211; <strong>Plan de Estudio T.S. en MAQUINARIA Y EQUIPOS AGROPECUARIOS<\/strong><\/p>\n\n\n\n<p class=\"has-accent-color has-text-color\"><a href=\"https:\/\/drive.google.com\/file\/d\/1BxPSI3Z6OCJQjDUPVavCPYi29TE2ZEvC\/view?usp=sharing\">ACCESO A RES. 1580\/2018<\/a> &#8211; <strong>Plan de estudios T.S. en MARKETING DIGITAL<\/strong><\/p>\n\n\n\n<p><a href=\"https:\/\/drive.google.com\/file\/d\/1IoXw9d4nJcEdXTRasMlJCh6qY-VxlAMO\/view?usp=sharing\">ACCESO A RES. 70\/2015 &#8211; <strong>Plan de Estudios T.S. en GU\u00cdA DE TURISMO<\/strong><\/a><\/p>\n\n\n<div class=\"wp-block-image\">\n<figure class=\"aligncenter is-resized\"><img decoding=\"async\" loading=\"lazy\" src=\"https:\/\/istoledo-cba.infd.edu.ar\/sitio\/wp-content\/uploads\/2022\/08\/logo_pedidook_redondo.png\" alt=\"\" class=\"wp-image-2796\" width=\"114\" height=\"114\"\/><\/figure><\/div>\n\n\n<h4 class=\"wp-block-heading has-text-align-center\" id=\"block-95f84390-7c57-490d-b69a-e6d4ee7d5d64\">Actas Dictamen Comisi\u00f3n Ad Hoc Convocatorias Cobertura Horas C\u00e1tedras<br>para la Formaci\u00f3n T\u00e9cnica Profesional (DGETyFP)<\/h4>\n\n\n\n<p><\/p>\n\n\n\n<figure class=\"wp-block-table aligncenter\"><table><tbody><tr><td class=\"has-text-align-center\" data-align=\"center\"><strong>Carrera<\/strong><strong><\/strong><\/td><td class=\"has-text-align-center\" data-align=\"center\"><strong>Espacio curricular<\/strong>                  <\/td><td class=\"has-text-align-center\" data-align=\"center\"><strong>Curso\/<\/strong>&nbsp;<br><strong>Div<\/strong>.                    <\/td><td class=\"has-text-align-center\" data-align=\"center\"><strong>Cant.<\/strong>&nbsp;<strong>Hs. C\u00e1tedras<\/strong><strong><\/strong><\/td><td class=\"has-text-align-center\" data-align=\"center\">      <strong>Car\u00e1cter<\/strong>                           <\/td><td class=\"has-text-align-center\" data-align=\"center\"><strong>Fecha de<br>Vigencia de<br>Convocatoria<\/strong><\/td><td class=\"has-text-align-center\" data-align=\"center\"><strong>Acta Dictamen Comisi\u00f3n<\/strong>&nbsp;<br><strong>Ad Hoc<\/strong><\/td><\/tr><tr><td class=\"has-text-align-center\" data-align=\"center\">TS en Maquinaria y Equipos Agropecuarios<\/td><td class=\"has-text-align-center\" data-align=\"center\">PORTUGU\u00c9S<\/td><td class=\"has-text-align-center\" data-align=\"center\"> 2\u00b0A<\/td><td class=\"has-text-align-center\" data-align=\"center\">3 (tres)<\/td><td class=\"has-text-align-center\" data-align=\"center\">INTERINO<\/td><td class=\"has-text-align-center\" data-align=\"center\">10\/03\/2026 al 12\/03\/2026<\/td><td class=\"has-text-align-center\" data-align=\"center\"><a href=\"https:\/\/drive.google.com\/file\/d\/18QtQ4XAiiqh1iVr6vsa1CsGad96KUhF-\/view?usp=sharing\">ACTA<\/a><\/td><\/tr><tr><td class=\"has-text-align-center\" data-align=\"center\">TS en Maquinaria y Equipos Agropecuarios<\/td><td class=\"has-text-align-center\" data-align=\"center\">TRANSMISIONES NO MEC\u00c1NICAS<\/td><td class=\"has-text-align-center\" data-align=\"center\">2\u00b0 A<\/td><td class=\"has-text-align-center\" data-align=\"center\">5 (cinco)<\/td><td class=\"has-text-align-center\" data-align=\"center\">INTERINO<\/td><td class=\"has-text-align-center\" data-align=\"center\">10\/03\/2026 al 12\/03\/2026<\/td><td class=\"has-text-align-center\" data-align=\"center\"><a href=\"https:\/\/drive.google.com\/file\/d\/1bq3rpyZqcH8aGT2SyR8zJn-zDRy34yZk\/view?usp=sharing\">ACTA<\/a><\/td><\/tr><tr><td class=\"has-text-align-center\" data-align=\"center\">TS en Maquinaria y  Equipos Agropecuarios<\/td><td class=\"has-text-align-center\" data-align=\"center\">SEGURIDAD E HIGIENE Y MEDIO AMBIENTE<\/td><td class=\"has-text-align-center\" data-align=\"center\">2\u00b0A<\/td><td class=\"has-text-align-center\" data-align=\"center\">4 (cuatro)<\/td><td class=\"has-text-align-center\" data-align=\"center\">INTERINO<\/td><td class=\"has-text-align-center\" data-align=\"center\">10\/03\/2026 al 12\/03\/2026<\/td><td class=\"has-text-align-center\" data-align=\"center\">ACTA<\/td><\/tr><tr><td class=\"has-text-align-center\" data-align=\"center\">TS en Maquinaria y Equipos Agropecuarios<\/td><td class=\"has-text-align-center\" data-align=\"center\">MAQUINARIAS AGROPECUARIAS<\/td><td class=\"has-text-align-center\" data-align=\"center\">2\u00baA<\/td><td class=\"has-text-align-center\" data-align=\"center\">5(cinco)<\/td><td class=\"has-text-align-center\" data-align=\"center\">INTERINO<\/td><td class=\"has-text-align-center\" data-align=\"center\">10\/03\/2026 al 10\/03\/2026<\/td><td class=\"has-text-align-center\" data-align=\"center\">ACTA<\/td><\/tr><tr><td class=\"has-text-align-center\" data-align=\"center\">TS en Maquinarias y Equipos Agropecuarios<\/td><td class=\"has-text-align-center\" data-align=\"center\">PR\u00c1CTICAS PROFESIONALIZANTES I<\/td><td class=\"has-text-align-center\" data-align=\"center\">2\u00baA<\/td><td class=\"has-text-align-center\" data-align=\"center\">9(nueve)<\/td><td class=\"has-text-align-center\" data-align=\"center\">INTERINO<\/td><td class=\"has-text-align-center\" data-align=\"center\">10\/03\/2026 al 12\/03\/2026<\/td><td class=\"has-text-align-center\" data-align=\"center\">ACTA<br><\/td><\/tr><tr><td class=\"has-text-align-center\" data-align=\"center\">TS en Marketing Digital<\/td><td class=\"has-text-align-center\" data-align=\"center\">INGL\u00c9S<\/td><td class=\"has-text-align-center\" data-align=\"center\">1\u00baA<\/td><td class=\"has-text-align-center\" data-align=\"center\">3(tres)<\/td><td class=\"has-text-align-center\" data-align=\"center\">INTERINO<\/td><td class=\"has-text-align-center\" data-align=\"center\">06\/03\/2026 al 10\/03\/2026<br><\/td><td class=\"has-text-align-center\" data-align=\"center\"><a href=\"https:\/\/drive.google.com\/file\/d\/1qlov50pEoImZ3d9UR3zkOU_iZPFJx223\/view?usp=sharing\">ACTA<\/a><\/td><\/tr><tr><td class=\"has-text-align-center\" data-align=\"center\">TS en Marketing Digital<\/td><td class=\"has-text-align-center\" data-align=\"center\">PSICOLOG\u00cdA EN EL PROCESO COMERCIAL<\/td><td class=\"has-text-align-center\" data-align=\"center\">1\u00baA<\/td><td class=\"has-text-align-center\" data-align=\"center\">3 (Tres)<\/td><td class=\"has-text-align-center\" data-align=\"center\">INTERINO<\/td><td class=\"has-text-align-center\" data-align=\"center\">06\/03\/2026 al 10\/03\/2026<\/td><td class=\"has-text-align-center\" data-align=\"center\"><a href=\"https:\/\/drive.google.com\/file\/d\/1PLt7bRzkckSXUVxz-9mWGY7rJ73tbkhL\/view?usp=sharing\">ACTA<\/a><\/td><\/tr><tr><td class=\"has-text-align-center\" data-align=\"center\">TS en Marketing Digital<\/td><td class=\"has-text-align-center\" data-align=\"center\">MARKETING I<\/td><td class=\"has-text-align-center\" data-align=\"center\">1\u00b0A<\/td><td class=\"has-text-align-center\" data-align=\"center\">4(cuatro)<\/td><td class=\"has-text-align-center\" data-align=\"center\">INTERINO<\/td><td class=\"has-text-align-center\" data-align=\"center\">06\/03\/2026 al 10\/03\/2026<\/td><td class=\"has-text-align-center\" data-align=\"center\"><a href=\"https:\/\/drive.google.com\/file\/d\/1KS4If8rLAWc8mN0kBu0MkN7SZDpZW34a\/view?usp=sharing\">ACTA<\/a><\/td><\/tr><tr><td class=\"has-text-align-center\" data-align=\"center\">TS en Marketing Digital<\/td><td class=\"has-text-align-center\" data-align=\"center\">TECNOLOG\u00cdA DIGITAL<\/td><td class=\"has-text-align-center\" data-align=\"center\">1\u00b0A<\/td><td class=\"has-text-align-center\" data-align=\"center\">4(cuatro)<\/td><td class=\"has-text-align-center\" data-align=\"center\">INTERINO<\/td><td class=\"has-text-align-center\" data-align=\"center\">06\/03\/2026 al 10\/03\/2026<\/td><td class=\"has-text-align-center\" data-align=\"center\"><a href=\"https:\/\/drive.google.com\/file\/d\/1Im0VtbOI_-sxgoU5LXt9SIpB8LPizBcS\/view?usp=sharing\">ACTA<\/a><\/td><\/tr><tr><td class=\"has-text-align-center\" data-align=\"center\">TS en Marketing Digital<\/td><td class=\"has-text-align-center\" data-align=\"center\">COMERCIO ELECTR\u00d3NICO<\/td><td class=\"has-text-align-center\" data-align=\"center\">1\u00b0A<\/td><td class=\"has-text-align-center\" data-align=\"center\">4(cuatro)<\/td><td class=\"has-text-align-center\" data-align=\"center\">INTERINO<\/td><td class=\"has-text-align-center\" data-align=\"center\">06\/03\/2026 al 10\/03\/2026<\/td><td class=\"has-text-align-center\" data-align=\"center\"><a href=\"https:\/\/drive.google.com\/file\/d\/122SmV4dTjSyDCxDEAaTmMFhCl2sl-czQ\/view?usp=sharing\">ACTA<\/a><\/td><\/tr><tr><td class=\"has-text-align-center\" data-align=\"center\">TS en Administraci\u00f3n<\/td><td class=\"has-text-align-center\" data-align=\"center\">INNOVACI\u00d3N, DIGITALIZACI\u00d3N Y AMBIENTE<\/td><td class=\"has-text-align-center\" data-align=\"center\">3\u00b0A<\/td><td class=\"has-text-align-center\" data-align=\"center\">5(cinco)<\/td><td class=\"has-text-align-center\" data-align=\"center\">INTERINO<\/td><td class=\"has-text-align-center\" data-align=\"center\">11\/03\/2026 al 13\/03\/2026<\/td><td class=\"has-text-align-center\" data-align=\"center\"><a href=\"https:\/\/drive.google.com\/file\/d\/1LUXhUKKcNNR5xuez9DmNJyR04WQqfgr0\/view?usp=sharing\">ACTA<\/a><\/td><\/tr><tr><td class=\"has-text-align-center\" data-align=\"center\">TS en Gu\u00eda de Turismo<\/td><td class=\"has-text-align-center\" data-align=\"center\">INTERPRETACI\u00d3N DEL PATRIMONIO CULTURAL<\/td><td class=\"has-text-align-center\" data-align=\"center\">1\u00b0A<\/td><td class=\"has-text-align-center\" data-align=\"center\">4(cuatro)<\/td><td class=\"has-text-align-center\" data-align=\"center\">INTERINO<\/td><td class=\"has-text-align-center\" data-align=\"center\">11\/03\/2026 al 13\/03\/2026<\/td><td class=\"has-text-align-center\" data-align=\"center\">ACTA<\/td><\/tr><tr><td class=\"has-text-align-center\" data-align=\"center\">TS en Gu\u00eda de Turismo<\/td><td class=\"has-text-align-center\" data-align=\"center\">INTRODUCCI\u00d3N AL TURISMO Y DERECHO APLICABLE<\/td><td class=\"has-text-align-center\" data-align=\"center\">1\u00b0A<\/td><td class=\"has-text-align-center\" data-align=\"center\">3(tres)<\/td><td class=\"has-text-align-center\" data-align=\"center\">INTERINO<\/td><td class=\"has-text-align-center\" data-align=\"center\">11\/03\/2026 al 13\/03\/2026<\/td><td class=\"has-text-align-center\" data-align=\"center\"><a href=\"https:\/\/drive.google.com\/file\/d\/1tVromIXKfsaGL1yNwMsf6UU0xWpHR9hS\/view?usp=sharing\">ACTA<\/a><\/td><\/tr><tr><td class=\"has-text-align-center\" data-align=\"center\">TS en Gu\u00eda de Turismo<\/td><td class=\"has-text-align-center\" data-align=\"center\">INTERPRETACI\u00d3N DEL ESPACIO TUR\u00cdSTICO DE CBA.<\/td><td class=\"has-text-align-center\" data-align=\"center\">1\u00b0A<\/td><td class=\"has-text-align-center\" data-align=\"center\">3(tres)<\/td><td class=\"has-text-align-center\" data-align=\"center\">INTERINO<\/td><td class=\"has-text-align-center\" data-align=\"center\">11\/03\/2026 al 13\/03\/2026<\/td><td class=\"has-text-align-center\" data-align=\"center\"><a href=\"https:\/\/drive.google.com\/file\/d\/1Fp_RL5CSydPJXAaUndVblAyT3xBoxchu\/view?usp=sharing\">ACTA<\/a><\/td><\/tr><tr><td class=\"has-text-align-center\" data-align=\"center\">TS en Gu\u00eda de Turismo<\/td><td class=\"has-text-align-center\" data-align=\"center\">T\u00c9CNICAS DE COMUNICACI\u00d3N<\/td><td class=\"has-text-align-center\" data-align=\"center\">1\u00b0A<\/td><td class=\"has-text-align-center\" data-align=\"center\">3(tres)<\/td><td class=\"has-text-align-center\" data-align=\"center\">INTERINO<\/td><td class=\"has-text-align-center\" data-align=\"center\">11\/03\/2026 al 13\/03\/2026<\/td><td class=\"has-text-align-center\" data-align=\"center\">ACTA<\/td><\/tr><tr><td class=\"has-text-align-center\" data-align=\"center\">TS en Gu\u00eda de Turismo<\/td><td class=\"has-text-align-center\" data-align=\"center\">PSICOLOG\u00cdA SOCIAL Y RELACIONES HUMANAS<\/td><td class=\"has-text-align-center\" data-align=\"center\">1\u00b0A<\/td><td class=\"has-text-align-center\" data-align=\"center\">3(tres)<\/td><td class=\"has-text-align-center\" data-align=\"center\">INTERINO<\/td><td class=\"has-text-align-center\" data-align=\"center\">11\/03\/2026 al 13\/03\/2026<\/td><td class=\"has-text-align-center\" data-align=\"center\"><a href=\"https:\/\/drive.google.com\/file\/d\/1_cMFrWIBkhumowfFrfMiZVCL98vuDk4U\/view?usp=sharing\">ACTA<\/a><\/td><\/tr><tr><td class=\"has-text-align-center\" data-align=\"center\">TS en Gu\u00eda de Turismo<\/td><td class=\"has-text-align-center\" data-align=\"center\">INGL\u00c9S I<\/td><td class=\"has-text-align-center\" data-align=\"center\">1\u00b0A<\/td><td class=\"has-text-align-center\" data-align=\"center\">3(tres)<\/td><td class=\"has-text-align-center\" data-align=\"center\">INTERINO<\/td><td class=\"has-text-align-center\" data-align=\"center\">11\/03\/2026 al 13\/03\/2026<\/td><td class=\"has-text-align-center\" data-align=\"center\"><a href=\"https:\/\/drive.google.com\/file\/d\/1dzrq8ROIa8hb_ugiX-mjd1DuAnV_iv1D\/view?usp=sharing\">ACTA<\/a><\/td><\/tr><tr><td class=\"has-text-align-center\" data-align=\"center\">TS en Gu\u00eda de Turismo<\/td><td class=\"has-text-align-center\" data-align=\"center\">T\u00c9CNICAS, PR\u00c1CTICAS Y ORIENTACI\u00d3N DE GUIADO<\/td><td class=\"has-text-align-center\" data-align=\"center\">1\u00b0A<\/td><td class=\"has-text-align-center\" data-align=\"center\">8(ocho)<\/td><td class=\"has-text-align-center\" data-align=\"center\">INTERINO<\/td><td class=\"has-text-align-center\" data-align=\"center\">11\/03\/2026 al 13\/03\/2026<\/td><td class=\"has-text-align-center\" data-align=\"center\"><a href=\"https:\/\/drive.google.com\/file\/d\/1ZlW6ftWA9-NlZ1DJQn0PQkjMpUdYninp\/view?usp=sharing\">ACTA<\/a><\/td><\/tr><\/tbody><\/table><\/figure>\n\n\n\n<p><\/p>\n\n\n\n<p><\/p>\n\n\n\n<p><\/p>\n\n\n\n<p><\/p>\n","protected":false},"excerpt":{"rendered":"<p>Para&nbsp;HORAS PERTENECIENTES A LA FORMACI\u00d3N T\u00c9CNICA PROFESIONAL,&nbsp;&nbsp;deber\u00e1 completar el formulario de registro y ENVIAR AL CORREO INSTITUCIONAL UN MAIL CON ASUNTO \u00abCONVOCATORIA _nombre de la unidad curricular\u00bb; en el cuerpo del mensaje consignar (nombre y apellido completo y DNI , en adjunto enviar en un \u00daNICO ARCHIVO PDF, durante los&nbsp;3 (tres) d\u00edas h\u00e1biles, que se &#8230; <a title=\"Convocatoria Horas Formaci\u00f3n T\u00e9cnica Profesional\" class=\"read-more\" href=\"https:\/\/istoledo-cba.infd.edu.ar\/sitio\/convocatoria-horas-formacion-tecnica-profesional\/\" aria-label=\"More on Convocatoria Horas Formaci\u00f3n T\u00e9cnica Profesional\">[+]<\/a><\/p>\n","protected":false},"author":7,"featured_media":0,"parent":0,"menu_order":0,"comment_status":"closed","ping_status":"closed","template":"","meta":[],"acf":[],"_links":{"self":[{"href":"https:\/\/istoledo-cba.infd.edu.ar\/sitio\/wp-json\/wp\/v2\/pages\/3310"}],"collection":[{"href":"https:\/\/istoledo-cba.infd.edu.ar\/sitio\/wp-json\/wp\/v2\/pages"}],"about":[{"href":"https:\/\/istoledo-cba.infd.edu.ar\/sitio\/wp-json\/wp\/v2\/types\/page"}],"author":[{"embeddable":true,"href":"https:\/\/istoledo-cba.infd.edu.ar\/sitio\/wp-json\/wp\/v2\/users\/7"}],"replies":[{"embeddable":true,"href":"https:\/\/istoledo-cba.infd.edu.ar\/sitio\/wp-json\/wp\/v2\/comments?post=3310"}],"version-history":[{"count":61,"href":"https:\/\/istoledo-cba.infd.edu.ar\/sitio\/wp-json\/wp\/v2\/pages\/3310\/revisions"}],"predecessor-version":[{"id":4161,"href":"https:\/\/istoledo-cba.infd.edu.ar\/sitio\/wp-json\/wp\/v2\/pages\/3310\/revisions\/4161"}],"wp:attachment":[{"href":"https:\/\/istoledo-cba.infd.edu.ar\/sitio\/wp-json\/wp\/v2\/media?parent=3310"}],"curies":[{"name":"wp","href":"https:\/\/api.w.org\/{rel}","templated":true}]}}