{"id":3649,"date":"2024-03-29T16:45:29","date_gmt":"2024-03-29T19:45:29","guid":{"rendered":"https:\/\/istoledo-cba.infd.edu.ar\/sitio\/?page_id=3649"},"modified":"2024-06-06T19:48:16","modified_gmt":"2024-06-06T22:48:16","slug":"trayecto-pedagogico-para-graduados-as-no-docentes","status":"publish","type":"page","link":"https:\/\/istoledo-cba.infd.edu.ar\/sitio\/trayecto-pedagogico-para-graduados-as-no-docentes\/","title":{"rendered":"Trayecto Pedag\u00f3gico para Graduados\/as No Docentes"},"content":{"rendered":"<div class=\"wp-block-image\">\n<figure class=\"aligncenter size-large is-resized\"><img decoding=\"async\" loading=\"lazy\" src=\"https:\/\/istoledo-cba.infd.edu.ar\/sitio\/wp-content\/uploads\/2024\/03\/CONFIRMAC.-PREMATRICULA--1900x1069.jpg\" alt=\"\" class=\"wp-image-3648\" width=\"743\" height=\"417\" srcset=\"https:\/\/istoledo-cba.infd.edu.ar\/sitio\/wp-content\/uploads\/2024\/03\/CONFIRMAC.-PREMATRICULA--1900x1069.jpg 1900w, https:\/\/istoledo-cba.infd.edu.ar\/sitio\/wp-content\/uploads\/2024\/03\/CONFIRMAC.-PREMATRICULA--1000x563.jpg 1000w, https:\/\/istoledo-cba.infd.edu.ar\/sitio\/wp-content\/uploads\/2024\/03\/CONFIRMAC.-PREMATRICULA--768x432.jpg 768w, https:\/\/istoledo-cba.infd.edu.ar\/sitio\/wp-content\/uploads\/2024\/03\/CONFIRMAC.-PREMATRICULA--1536x864.jpg 1536w, https:\/\/istoledo-cba.infd.edu.ar\/sitio\/wp-content\/uploads\/2024\/03\/CONFIRMAC.-PREMATRICULA-.jpg 1920w\" sizes=\"(max-width: 743px) 100vw, 743px\" \/><\/figure><\/div>\n\n\n<p class=\"has-text-align-center\"><strong><mark style=\"background-color:rgba(0, 0, 0, 0)\" class=\"has-inline-color has-accent-color\"><a href=\"https:\/\/drive.google.com\/file\/d\/1zVdCquHOhQ8HzmBqZTvy777VDB-fpGW0\/view?usp=sharing\" target=\"_blank\" rel=\"noreferrer noopener\">INFORMACI\u00d3N IMPORTANTE SOBRE CUESTIONES ADMINISTRATIVAS\/PEDAG\u00d3GICAS<\/a><\/mark><\/strong><\/p>\n\n\n\n<p>Nuestro Instituto&nbsp;ser\u00e1 oferente en este CICLO LECTIVO 2024, de una COHORTE para el&nbsp;<strong>Trayecto Pedag\u00f3gico para Graduados\/as No Docentes<\/strong>&nbsp;(Plan de Estudio <strong><a rel=\"noreferrer noopener\" href=\"https:\/\/istoledo-cba.infd.edu.ar\/sitio\/wp-content\/uploads\/2024\/03\/RESOLUCION-N\u00b0-104-2-TRAYECTO-PEDAGOGICO.pdf\" data-type=\"URL\" data-id=\"https:\/\/istoledo-cba.infd.edu.ar\/sitio\/wp-content\/uploads\/2024\/03\/RESOLUCION-N\u00b0-104-2-TRAYECTO-PEDAGOGICO.pdf\" target=\"_blank\">Res. Min. 104\/2022<\/a><\/strong>) cuyo cursado ser\u00e1 en MODALIDAD COMBINADA.<\/p>\n\n\n\n<p>Dicha propuesta formativa se inscribe dentro de una<strong> OFERTA DE FORMACI\u00d3N CONTINUA<\/strong> que responde a las demandas y problem\u00e1ticas propias del sistema educativo de nuestra provincia: la gran cantidad de cargos docentes asignados a profesionales que no cuentan con la formaci\u00f3n pedag\u00f3gico-did\u00e1ctica correspondiente para la Educaci\u00f3n Secundaria.&nbsp;&nbsp;<\/p>\n\n\n\n<p>En tal sentido, se pretende <strong>aportar a la profesionalidad docente<\/strong>, con la <strong>construcci\u00f3n de un sistema de saberes de diverso orden<\/strong>, que nutra el <strong>an\u00e1lisis de la realidad educativa y escolar<\/strong>; a la vez que aporte a<strong> la construcci\u00f3n de propuestas de intervenci\u00f3n docente<\/strong>. Este proceso requiere <strong>poner en tensi\u00f3n las propias formas de pensar, de sentir y de actuar<\/strong> que se han formado en la propia experiencia docente (H\u00e1bitus docente)<\/p>\n\n\n\n<h5 class=\"wp-block-heading\"><strong>CERTIFICACI\u00d3N&nbsp;&nbsp;<\/strong><\/h5>\n\n\n\n<p>Esta certificaci\u00f3n, junto con el t\u00edtulo profesional o T\u00e9cnico\/a Superior de base, <strong>TRANSFORMA EL ALCANCE DEL T\u00cdTULO HABILITANTE DE NIVEL SUPERIOR A DOCENTE<\/strong>, en la provincia de C\u00f3rdoba.<br><\/p>\n\n\n\n<h5 class=\"wp-block-heading\">CARGA HORARIA<\/h5>\n\n\n\n<figure class=\"wp-block-image size-full is-resized\"><img decoding=\"async\" loading=\"lazy\" src=\"https:\/\/istoledo-cba.infd.edu.ar\/sitio\/wp-content\/uploads\/2024\/03\/image.png\" alt=\"\" class=\"wp-image-3655\" width=\"915\" height=\"92\"\/><\/figure>\n\n\n\n<h5 class=\"wp-block-heading\">MODALIDAD DE CURSADO<\/h5>\n\n\n\n<p>Se prev\u00e9 una <strong>modalidad combinada<\/strong> <strong>de cursado<\/strong>. Las instancias sincr\u00f3nicas y asincr\u00f3nicas (de car\u00e1cter obligatorio) se implementar\u00e1n en entornos virtuales. Los trabajos de campo y pr\u00e1cticas ser\u00e1n realizados en las instituciones de Educaci\u00f3n Secundaria asociadas.<\/p>\n\n\n\n<p>Las aulas virtuales estar\u00e1n dise\u00f1adas para el acceso a materiales en diversos soportes y lenguajes, procurando el acercamiento a los diferentes temas y a propuestas pedag\u00f3gicas y did\u00e1cticas vinculadas con las cuestiones centrales de la tarea docente en la Educaci\u00f3n Secundaria. El cursado propone la producci\u00f3n individual y colectiva de actividades, mediante las cuales se promueve la apropiaci\u00f3n de saberes y la reflexi\u00f3n sobre la pr\u00e1ctica docente.<\/p>\n\n\n\n<p>Las instancias sincr\u00f3nicas y\/o presenciales se constituyen en momentos de socializaci\u00f3n y producci\u00f3n colectiva a partir de la recuperaci\u00f3n de aportes te\u00f3ricos, del an\u00e1lisis de las experiencias pedag\u00f3gicas y de la generaci\u00f3n de propuestas.<\/p>\n\n\n\n<h5 class=\"wp-block-heading\">DESTINATARIOS\/AS<\/h5>\n\n\n\n<p>Tal como lo expresa la Res. Min. 104\/2022, ser\u00e1n destinatarios\/as aquellos\/as <strong>PROFESIONALES Y\/O T\u00c9CNICOS\/AS SUPERIORES NO DOCENTES<\/strong> que cuenten con una T\u00cdTULACI\u00d3N INSCRIPTA EN <strong><a rel=\"noreferrer noopener\" href=\"https:\/\/drive.google.com\/drive\/u\/4\/my-drive\" data-type=\"URL\" data-id=\"https:\/\/drive.google.com\/drive\/u\/4\/my-drive\" target=\"_blank\">LISTADO DE T\u00cdTULOS REGLAMENTARIOS PARA LA L.O.M 2024<\/a><\/strong>, es decir que est\u00e9 categorizada con alcance \u201c<strong>habilitante de nivel Superior<\/strong>\u201d para alg\u00fan espacio curricular en la Educaci\u00f3n Secundaria de la Provincia de C\u00f3rdoba. <\/p>\n\n\n\n<p>Asimismo, debido a la demanda de nuestra zona de influencia y teniendo en cuenta <strong>el CUPO LIMITADO (55 cursantes)<\/strong>,  es requisito que cumplan con alguna de las siguientes condiciones:<\/p>\n\n\n\n<h6 class=\"wp-block-heading\">Perfil A: <\/h6>\n\n\n\n<p>Que se encuentre <strong>en actividad frente al aula en Instituciones de Educaci\u00f3n Secundaria<\/strong> -en sus diferentes modalidades y programas- <strong>y\/o de Educaci\u00f3n Superior<\/strong>, dependientes del Ministerio de Educaci\u00f3n de la provincia de C\u00f3rdoba.<\/p>\n\n\n\n<h6 class=\"wp-block-heading\">Perfil B:<\/h6>\n\n\n\n<p><strong>Aspirantes a ingresar <\/strong>al Sistema Educativo de la provincia de C\u00f3rdoba<strong>,<\/strong> y cuya <strong>FECHA DE EGRESO Y TITULACI\u00d3N sea de 3 (tres) a\u00f1os y\/o mayor, al momento de la PREMATRICULACI\u00d3N.<\/strong><\/p>\n\n\n\n<p><\/p>\n\n\n<div class=\"wp-block-image\">\n<figure class=\"alignleft size-full is-resized\"><img decoding=\"async\" loading=\"lazy\" src=\"https:\/\/istoledo-cba.infd.edu.ar\/sitio\/wp-content\/uploads\/2023\/10\/NUEVO.gif\" alt=\"\" class=\"wp-image-3450\" width=\"162\" height=\"90\"\/><\/figure><\/div>\n\n\n<h5 class=\"wp-block-heading\">PASOS PARA LA POSTULARSE A LA PREMATRICULACI\u00d3N<\/h5>\n\n\n\n<p><strong>PASO 1 &#8211;<\/strong>Completar el <strong><a rel=\"noreferrer noopener\" href=\"https:\/\/forms.gle\/LveXd4z44sATQNVz6\" data-type=\"URL\" data-id=\"https:\/\/forms.gle\/LveXd4z44sATQNVz6\" target=\"_blank\">FORMULARIO DE POSTULACI\u00d3N A PREMATR\u00cdCULA<\/a><\/strong> en l\u00ednea. <br>A partir de los datos brindados el EQUIPO INSTITUCIONAL evaluar\u00e1 si cumple con las condiciones de los PERFILES antes descriptos. Posteriormente, se le enviar\u00e1 una comunicaci\u00f3n al mail de inscripci\u00f3n con el resultado de la valoraci\u00f3n.<\/p>\n\n\n\n<p>PASO 2- <strong>CONFIRMAR LA POSTULACI\u00d3N EN MODO PRESENCIAL<\/strong> en Sede Jes\u00fas Mar\u00eda.<\/p>\n\n\n\n<p>Para <strong>CONFIRMAR SU POSTULACI\u00d3N, y realizar la PREMATR\u00cdCULA<\/strong> deber\u00e1 presentar la siguiente documentaci\u00f3n en ORIGINAL Y COPIA:<\/p>\n\n\n\n<ul>\n<li>DNI <\/li>\n\n\n\n<li>T\u00edtulo Profesional o T\u00e9cnico Superior emitido por instituciones de Educaci\u00f3n Superior con reconocimiento oficial. <\/li>\n\n\n\n<li>Abonar CONTRIBUCI\u00d3N COOPERADORA 2024<\/li>\n<\/ul>\n\n\n<div class=\"wp-block-image\">\n<figure class=\"aligncenter size-full is-resized\"><img decoding=\"async\" loading=\"lazy\" src=\"https:\/\/istoledo-cba.infd.edu.ar\/sitio\/wp-content\/uploads\/2023\/11\/giphy.gif\" alt=\"\" class=\"wp-image-3530\" width=\"155\" height=\"64\"\/><\/figure><\/div>\n\n\n<h5 class=\"wp-block-heading has-text-align-center\">El Instituto dar\u00e1 a conocer a trav\u00e9s de este medio y\/o sus redes sociales <br>el CRONOGRAMA DE POSTULACI\u00d3N Y CONFIRMACI\u00d3N DE PREMATR\u00cdCULA<\/h5>\n\n\n<div class=\"wp-block-image\">\n<figure class=\"aligncenter size-full is-resized\"><img decoding=\"async\" loading=\"lazy\" src=\"https:\/\/istoledo-cba.infd.edu.ar\/sitio\/wp-content\/uploads\/2022\/10\/LOGO-IS-ZMT-40-anos.jpg\" alt=\"\" class=\"wp-image-2869\" width=\"320\" height=\"240\" srcset=\"https:\/\/istoledo-cba.infd.edu.ar\/sitio\/wp-content\/uploads\/2022\/10\/LOGO-IS-ZMT-40-anos.jpg 960w, https:\/\/istoledo-cba.infd.edu.ar\/sitio\/wp-content\/uploads\/2022\/10\/LOGO-IS-ZMT-40-anos-768x576.jpg 768w\" sizes=\"(max-width: 320px) 100vw, 320px\" \/><\/figure><\/div>","protected":false},"excerpt":{"rendered":"<p>INFORMACI\u00d3N IMPORTANTE SOBRE CUESTIONES ADMINISTRATIVAS\/PEDAG\u00d3GICAS Nuestro Instituto&nbsp;ser\u00e1 oferente en este CICLO LECTIVO 2024, de una COHORTE para el&nbsp;Trayecto Pedag\u00f3gico para Graduados\/as No Docentes&nbsp;(Plan de Estudio Res. Min. 104\/2022) cuyo cursado ser\u00e1 en MODALIDAD COMBINADA. Dicha propuesta formativa se inscribe dentro de una OFERTA DE FORMACI\u00d3N CONTINUA que responde a las demandas y problem\u00e1ticas propias del &#8230; <a title=\"Trayecto Pedag\u00f3gico para Graduados\/as No Docentes\" class=\"read-more\" href=\"https:\/\/istoledo-cba.infd.edu.ar\/sitio\/trayecto-pedagogico-para-graduados-as-no-docentes\/\" aria-label=\"More on Trayecto Pedag\u00f3gico para Graduados\/as No Docentes\">[+]<\/a><\/p>\n","protected":false},"author":7,"featured_media":0,"parent":0,"menu_order":0,"comment_status":"closed","ping_status":"closed","template":"","meta":[],"acf":[],"_links":{"self":[{"href":"https:\/\/istoledo-cba.infd.edu.ar\/sitio\/wp-json\/wp\/v2\/pages\/3649"}],"collection":[{"href":"https:\/\/istoledo-cba.infd.edu.ar\/sitio\/wp-json\/wp\/v2\/pages"}],"about":[{"href":"https:\/\/istoledo-cba.infd.edu.ar\/sitio\/wp-json\/wp\/v2\/types\/page"}],"author":[{"embeddable":true,"href":"https:\/\/istoledo-cba.infd.edu.ar\/sitio\/wp-json\/wp\/v2\/users\/7"}],"replies":[{"embeddable":true,"href":"https:\/\/istoledo-cba.infd.edu.ar\/sitio\/wp-json\/wp\/v2\/comments?post=3649"}],"version-history":[{"count":10,"href":"https:\/\/istoledo-cba.infd.edu.ar\/sitio\/wp-json\/wp\/v2\/pages\/3649\/revisions"}],"predecessor-version":[{"id":3711,"href":"https:\/\/istoledo-cba.infd.edu.ar\/sitio\/wp-json\/wp\/v2\/pages\/3649\/revisions\/3711"}],"wp:attachment":[{"href":"https:\/\/istoledo-cba.infd.edu.ar\/sitio\/wp-json\/wp\/v2\/media?parent=3649"}],"curies":[{"name":"wp","href":"https:\/\/api.w.org\/{rel}","templated":true}]}}