{"id":878,"date":"2018-08-30T11:44:13","date_gmt":"2018-08-30T14:44:13","guid":{"rendered":"https:\/\/istoledo-cba.infd.edu.ar\/sitio\/informacion-para-estudiantes\/"},"modified":"2023-02-23T10:18:45","modified_gmt":"2023-02-23T13:18:45","slug":"informacion-para-estudiantes","status":"publish","type":"page","link":"https:\/\/istoledo-cba.infd.edu.ar\/sitio\/informacion-para-estudiantes\/","title":{"rendered":"ESTUDIANTES"},"content":{"rendered":"<p><a href=\"https:\/\/istoledo-cba.infd.edu.ar\/sitio\/wp-content\/uploads\/2020\/03\/INICIO-CICLO-2020.jpg\"><img decoding=\"async\" loading=\"lazy\" class=\"aligncenter size-full wp-image-1703\" src=\"https:\/\/istoledo-cba.infd.edu.ar\/sitio\/wp-content\/uploads\/2020\/03\/INICIO-CICLO-2020.jpg\" alt=\"\" width=\"960\" height=\"720\"><\/a><\/p>\n<p><a href=\"https:\/\/istoledo-cba.infd.edu.ar\/sitio\/wp-content\/uploads\/2020\/03\/INSCRIPCIONES-ANUALES-Y-A-CURSADOS-1er-2020..jpg\"><img decoding=\"async\" loading=\"lazy\" class=\"aligncenter size-medium wp-image-1679\" src=\"https:\/\/istoledo-cba.infd.edu.ar\/sitio\/wp-content\/uploads\/2020\/03\/INSCRIPCIONES-ANUALES-Y-A-CURSADOS-1er-2020.-1000x563.jpg\" alt=\"\" width=\"1000\" height=\"563\"><\/a><\/p>\n<p>&nbsp;<\/p>\n<p><a href=\"https:\/\/istoledo-cba.infd.edu.ar\/sitio\/wp-content\/uploads\/2020\/03\/INSCRIPCIONES-ANUALES-Y-A-CURSADOS-2do-a-4to-2020.jpg\"><img decoding=\"async\" loading=\"lazy\" class=\"aligncenter size-medium wp-image-1681\" src=\"https:\/\/istoledo-cba.infd.edu.ar\/sitio\/wp-content\/uploads\/2020\/03\/INSCRIPCIONES-ANUALES-Y-A-CURSADOS-2do-a-4to-2020-1000x563.jpg\" alt=\"\" width=\"1000\" height=\"563\"><\/a><\/p>\n<p>&nbsp;<\/p>\n<h3><span style=\"color: #808000;\"><strong>&#x2666; DOCUMENTACI\u00d3N A PRESENTAR PARA LEGAJOS DE ESTUDIANTES<\/strong><\/span><\/h3>\n<p style=\"text-align: center;\"><a href=\"https:\/\/istoledo-cba.infd.edu.ar\/sitio\/wp-content\/uploads\/2020\/03\/DOCUMENTACI\u00d3N-PARA-PRESENTAR-legajos-estudiantes.pdf\" target=\"_blank\" rel=\"noopener\">DOCUMENTACI\u00d3N PARA PRESENTAR legajos estudiantes<\/a><\/p>\n<p style=\"text-align: center;\"><a href=\"https:\/\/istoledo-cba.infd.edu.ar\/sitio\/wp-content\/uploads\/2020\/03\/CONSTANCIA-DE-ENTREGA-DE-DOCUMENTACI\u00d3N.pdf\" target=\"_blank\" rel=\"noopener\">CONSTANCIA DE ENTREGA DE DOCUMENTACI\u00d3N<\/a><\/p>\n","protected":false},"excerpt":{"rendered":"<p>&nbsp; &nbsp; &#x2666; DOCUMENTACI\u00d3N A PRESENTAR PARA LEGAJOS DE ESTUDIANTES DOCUMENTACI\u00d3N PARA PRESENTAR legajos estudiantes CONSTANCIA DE ENTREGA DE DOCUMENTACI\u00d3N<\/p>\n","protected":false},"author":753,"featured_media":0,"parent":0,"menu_order":0,"comment_status":"closed","ping_status":"closed","template":"","meta":[],"acf":[],"_links":{"self":[{"href":"https:\/\/istoledo-cba.infd.edu.ar\/sitio\/wp-json\/wp\/v2\/pages\/878"}],"collection":[{"href":"https:\/\/istoledo-cba.infd.edu.ar\/sitio\/wp-json\/wp\/v2\/pages"}],"about":[{"href":"https:\/\/istoledo-cba.infd.edu.ar\/sitio\/wp-json\/wp\/v2\/types\/page"}],"author":[{"embeddable":true,"href":"https:\/\/istoledo-cba.infd.edu.ar\/sitio\/wp-json\/wp\/v2\/users\/753"}],"replies":[{"embeddable":true,"href":"https:\/\/istoledo-cba.infd.edu.ar\/sitio\/wp-json\/wp\/v2\/comments?post=878"}],"version-history":[{"count":19,"href":"https:\/\/istoledo-cba.infd.edu.ar\/sitio\/wp-json\/wp\/v2\/pages\/878\/revisions"}],"predecessor-version":[{"id":3194,"href":"https:\/\/istoledo-cba.infd.edu.ar\/sitio\/wp-json\/wp\/v2\/pages\/878\/revisions\/3194"}],"wp:attachment":[{"href":"https:\/\/istoledo-cba.infd.edu.ar\/sitio\/wp-json\/wp\/v2\/media?parent=878"}],"curies":[{"name":"wp","href":"https:\/\/api.w.org\/{rel}","templated":true}]}}