{"id":886,"date":"2018-08-30T11:44:18","date_gmt":"2018-08-30T14:44:18","guid":{"rendered":"https:\/\/istoledo-cba.infd.edu.ar\/sitio\/informacion-para-ingresantes\/"},"modified":"2025-11-25T19:29:54","modified_gmt":"2025-11-25T22:29:54","slug":"informacion-para-ingresantes","status":"publish","type":"page","link":"https:\/\/istoledo-cba.infd.edu.ar\/sitio\/informacion-para-ingresantes\/","title":{"rendered":"INGRESANTES CICLO 2026"},"content":{"rendered":"\n<h1 class=\"wp-block-heading\"><span style=\"color: #99cc00;\"><b><mark style=\"background-color:rgba(0, 0, 0, 0);color:#8507ed\" class=\"has-inline-color\">OFERTA EDUCATIVA COHORTE 2<\/mark><\/b><\/span><mark style=\"background-color:rgba(0, 0, 0, 0);color:#8a0bf2\" class=\"has-inline-color\">026<\/mark><\/h1>\n\n\n\n<h3 class=\"wp-block-heading\"> Sede Jes\u00fas Mar\u00eda<\/h3>\n\n\n\n<div class=\"wp-block-group is-layout-constrained\"><div class=\"wp-block-group__inner-container\">\n<figure class=\"wp-block-gallery has-nested-images columns-default is-cropped wp-block-gallery-1 is-layout-flex\">\n<figure class=\"wp-block-image size-large\"><img decoding=\"async\" loading=\"lazy\" width=\"1900\" height=\"1069\" src=\"https:\/\/istoledo-cba.infd.edu.ar\/sitio\/wp-content\/uploads\/2023\/10\/Inst.-Sup.-Zarela-Moyano-de-Toledo-1900x1069.png\" alt=\"\" class=\"wp-image-3445\" srcset=\"https:\/\/istoledo-cba.infd.edu.ar\/sitio\/wp-content\/uploads\/2023\/10\/Inst.-Sup.-Zarela-Moyano-de-Toledo-1900x1069.png 1900w, https:\/\/istoledo-cba.infd.edu.ar\/sitio\/wp-content\/uploads\/2023\/10\/Inst.-Sup.-Zarela-Moyano-de-Toledo-1000x563.png 1000w, https:\/\/istoledo-cba.infd.edu.ar\/sitio\/wp-content\/uploads\/2023\/10\/Inst.-Sup.-Zarela-Moyano-de-Toledo-768x432.png 768w, https:\/\/istoledo-cba.infd.edu.ar\/sitio\/wp-content\/uploads\/2023\/10\/Inst.-Sup.-Zarela-Moyano-de-Toledo-1536x864.png 1536w, https:\/\/istoledo-cba.infd.edu.ar\/sitio\/wp-content\/uploads\/2023\/10\/Inst.-Sup.-Zarela-Moyano-de-Toledo.png 1920w\" sizes=\"(max-width: 1900px) 100vw, 1900px\" \/><\/figure>\n<\/figure>\n<\/div><\/div>\n\n\n\n<p><a rel=\"noopener\" href=\"https:\/\/istoledo-cba.infd.edu.ar\/sitio\/wp-content\/uploads\/2020\/10\/Plan-de-Estudio-Prof.-Educ.-Inicial-Cohorte-2015.pdf\" target=\"_blank\"><strong>Profesorado de Educaci\u00f3n INICIAL<\/strong><\/a><\/p>\n\n\n\n<p><a rel=\"noopener\" href=\"https:\/\/istoledo-cba.infd.edu.ar\/sitio\/wp-content\/uploads\/2020\/10\/Plan-de-Estudio-Prof.-Educ.-Primaria-cohorte-2015.pdf\" target=\"_blank\"><strong>Profesorado de Educaci\u00f3n PRIMARIA<\/strong><\/a><\/p>\n\n\n\n<p><strong><a href=\"https:\/\/istoledo-cba.infd.edu.ar\/sitio\/wp-content\/uploads\/2019\/03\/Plan-de-Estudio-Prof.-Educ.-Sec.-Matem%C3%A1tica-Cohorte-2015.pdf\" data-type=\"URL\" data-id=\"https:\/\/istoledo-cba.infd.edu.ar\/sitio\/wp-content\/uploads\/2019\/03\/Plan-de-Estudio-Prof.-Educ.-Sec.-Matem%C3%A1tica-Cohorte-2015.pdf\" target=\"_blank\" rel=\"noreferrer noopener\">Profesorado de Educaci\u00f3n Secundaria en MATEM\u00c1TICA<\/a><\/strong><\/p>\n\n\n\n<p><strong><a rel=\"noreferrer noopener\" href=\"https:\/\/istoledo-cba.infd.edu.ar\/sitio\/wp-content\/uploads\/2022\/11\/Plan-de-Estudio-Prof.-EDUC.-SEC.-FISICA-Res.-977-2014.pdf\" data-type=\"URL\" data-id=\"https:\/\/istoledo-cba.infd.edu.ar\/sitio\/wp-content\/uploads\/2022\/11\/Plan-de-Estudio-Prof.-EDUC.-SEC.-FISICA-Res.-977-2014.pdf\" target=\"_blank\">Profesorado de Educaci\u00f3n Secundaria en F\u00cdSICA<\/a><\/strong><\/p>\n\n\n\n<p><\/p>\n\n\n\n<p class=\"has-text-align-center\"><\/p>\n\n\n\n<h3 class=\"wp-block-heading\">Carreras de Formaci\u00f3n T\u00e9cnica Profesional <\/h3>\n\n\n\n<h3 class=\"wp-block-heading\">&#8211; Sede Jes\u00fas Mar\u00eda-<\/h3>\n\n\n\n<figure class=\"wp-block-image size-medium is-resized\"><img decoding=\"async\" loading=\"lazy\" src=\"https:\/\/istoledo-cba.infd.edu.ar\/sitio\/wp-content\/uploads\/2023\/10\/Inst.-Sup.-Zarela-Moyano-de-Toledo-1-1000x563.png\" alt=\"\" class=\"wp-image-3447\" width=\"858\" height=\"483\" srcset=\"https:\/\/istoledo-cba.infd.edu.ar\/sitio\/wp-content\/uploads\/2023\/10\/Inst.-Sup.-Zarela-Moyano-de-Toledo-1-1000x563.png 1000w, https:\/\/istoledo-cba.infd.edu.ar\/sitio\/wp-content\/uploads\/2023\/10\/Inst.-Sup.-Zarela-Moyano-de-Toledo-1-1900x1069.png 1900w, https:\/\/istoledo-cba.infd.edu.ar\/sitio\/wp-content\/uploads\/2023\/10\/Inst.-Sup.-Zarela-Moyano-de-Toledo-1-768x432.png 768w, https:\/\/istoledo-cba.infd.edu.ar\/sitio\/wp-content\/uploads\/2023\/10\/Inst.-Sup.-Zarela-Moyano-de-Toledo-1-1536x864.png 1536w, https:\/\/istoledo-cba.infd.edu.ar\/sitio\/wp-content\/uploads\/2023\/10\/Inst.-Sup.-Zarela-Moyano-de-Toledo-1.png 1920w\" sizes=\"(max-width: 858px) 100vw, 858px\" \/><\/figure>\n\n\n\n<p><strong><a href=\"https:\/\/istoledo-cba.infd.edu.ar\/sitio\/wp-content\/uploads\/2024\/02\/Plan-de-Estudio-TS-ADMINISTRACION-Cohorte-2024-Res.-1499-2023.pdf\" data-type=\"URL\" data-id=\"https:\/\/istoledo-cba.infd.edu.ar\/sitio\/wp-content\/uploads\/2024\/02\/Plan-de-Estudio-TS-ADMINISTRACION-Cohorte-2024-Res.-1499-2023.pdf\" target=\"_blank\" rel=\"noreferrer noopener\">Tecnicatura Superior en Administraci\u00f3n<\/a> <\/strong>&#8211; CON CERTIFICACI\u00d3N INTERMEDIA-<\/p>\n\n\n\n<ul>\n<li><strong>Auxiliar en INFORM\u00c1TICA<\/strong><\/li>\n\n\n\n<li><strong>Operador de INFORM\u00c1TICA PARA LA ADMINISTRACI\u00d3N Y GESTI\u00d3N<\/strong><\/li>\n\n\n\n<li><strong>Asistente ADMINISTRATIVO CONTABLE<\/strong><\/li>\n<\/ul>\n\n\n\n<hr class=\"wp-block-separator has-css-opacity\"\/>\n\n\n<div class=\"wp-block-image\">\n<figure class=\"aligncenter size-full is-resized\"><img decoding=\"async\" loading=\"lazy\" src=\"https:\/\/istoledo-cba.infd.edu.ar\/sitio\/wp-content\/uploads\/2023\/10\/NUEVO.gif\" alt=\"\" class=\"wp-image-3450\" width=\"117\" height=\"65\"\/><\/figure><\/div>\n\n\n<h5 class=\"wp-block-heading has-text-align-center has-text-color\" style=\"color:#ed0c70\"><a href=\"https:\/\/istoledo-cba.infd.edu.ar\/sitio\/pre-matricula-ingresantes-2026\/\" data-type=\"URL\" data-id=\"https:\/\/istoledo-cba.infd.edu.ar\/sitio\/pre-matricula-ingresantes-2023\/\" target=\"_blank\" rel=\"noreferrer noopener\">PERIODO DE PREMATR\u00cdCULA <strong>SER\u00c1 <\/strong><br><strong>A PARTIR DEL 17 DE NOVIEMBRE\/2025 HASTA EL 31 DE DICIEMBRE\/2025 <\/strong><br><\/a>(con reapertura en febrero\/2026)<\/h5>\n","protected":false},"excerpt":{"rendered":"<p>OFERTA EDUCATIVA COHORTE 2026 Sede Jes\u00fas Mar\u00eda Profesorado de Educaci\u00f3n INICIAL Profesorado de Educaci\u00f3n PRIMARIA Profesorado de Educaci\u00f3n Secundaria en MATEM\u00c1TICA Profesorado de Educaci\u00f3n Secundaria en F\u00cdSICA Carreras de Formaci\u00f3n T\u00e9cnica Profesional &#8211; Sede Jes\u00fas Mar\u00eda- Tecnicatura Superior en Administraci\u00f3n &#8211; CON CERTIFICACI\u00d3N INTERMEDIA- PERIODO DE PREMATR\u00cdCULA SER\u00c1 A PARTIR DEL 17 DE NOVIEMBRE\/2025 HASTA &#8230; <a title=\"INGRESANTES CICLO 2026\" class=\"read-more\" href=\"https:\/\/istoledo-cba.infd.edu.ar\/sitio\/informacion-para-ingresantes\/\" aria-label=\"More on INGRESANTES CICLO 2026\">[+]<\/a><\/p>\n","protected":false},"author":753,"featured_media":0,"parent":0,"menu_order":0,"comment_status":"closed","ping_status":"closed","template":"","meta":[],"acf":[],"_links":{"self":[{"href":"https:\/\/istoledo-cba.infd.edu.ar\/sitio\/wp-json\/wp\/v2\/pages\/886"}],"collection":[{"href":"https:\/\/istoledo-cba.infd.edu.ar\/sitio\/wp-json\/wp\/v2\/pages"}],"about":[{"href":"https:\/\/istoledo-cba.infd.edu.ar\/sitio\/wp-json\/wp\/v2\/types\/page"}],"author":[{"embeddable":true,"href":"https:\/\/istoledo-cba.infd.edu.ar\/sitio\/wp-json\/wp\/v2\/users\/753"}],"replies":[{"embeddable":true,"href":"https:\/\/istoledo-cba.infd.edu.ar\/sitio\/wp-json\/wp\/v2\/comments?post=886"}],"version-history":[{"count":71,"href":"https:\/\/istoledo-cba.infd.edu.ar\/sitio\/wp-json\/wp\/v2\/pages\/886\/revisions"}],"predecessor-version":[{"id":4029,"href":"https:\/\/istoledo-cba.infd.edu.ar\/sitio\/wp-json\/wp\/v2\/pages\/886\/revisions\/4029"}],"wp:attachment":[{"href":"https:\/\/istoledo-cba.infd.edu.ar\/sitio\/wp-json\/wp\/v2\/media?parent=886"}],"curies":[{"name":"wp","href":"https:\/\/api.w.org\/{rel}","templated":true}]}}