{"id":900,"date":"2018-08-30T11:44:24","date_gmt":"2018-08-30T14:44:24","guid":{"rendered":"https:\/\/istoledo-cba.infd.edu.ar\/sitio\/centro-de-estudiantes\/"},"modified":"2024-12-18T11:56:11","modified_gmt":"2024-12-18T14:56:11","slug":"centro-de-estudiantes","status":"publish","type":"page","link":"https:\/\/istoledo-cba.infd.edu.ar\/sitio\/centro-de-estudiantes\/","title":{"rendered":"Participaci\u00f3n Estudiantil"},"content":{"rendered":"<h5><strong><em>\u00abLa participaci\u00f3n estudiantil no solo enriquece aulas, sino que tambi\u00e9n nutre el alma educativa, creando un tejido de intercambio activo que da vida al aprendizaje y forma ciudadanos comprometidos con la construcci\u00f3n de un futuro mejor.\u00bb<\/em><\/strong><\/h5>\n\n\n<div class=\"wp-block-columns is-layout-flex wp-container-2\">\n<div class=\"wp-block-column is-layout-flow\" style=\"flex-basis:100%\">\n<p>Seg\u00fan la Resol. 412\/10 Reglamento Acad\u00e9mico Marco, <em>la participaci\u00f3n de los\/as estudiantes en la vida institucional es un contenido a incluir en las trayectorias formativas. <\/em>Por ello,<strong> la Instituci\u00f3n garantiza la participaci\u00f3n estudiantil en distintos espacios acad\u00e9micos y\/u organismos colegiados <\/strong>como: Consejo Institucional, Asociaci\u00f3n Cooperadora, Centro de Estudiantes.<\/p>\n\n\n\n<p class=\"has-text-align-left\">En relaci\u00f3n a los CENTROS DE ESTUDIANTES, se conciben como <strong>espacios de representaci\u00f3n democr\u00e1tica y leg\u00edtima del estudiantado<\/strong>. Es el \u00f3rgano que lleva la voz de las y&nbsp;los estudiantes a distintos espacios, tanto dentro como fuera de la instituci\u00f3n. <\/p>\n\n\n\n<p class=\"has-text-align-left\">La Resol. 124\/10 establece como finalidad que <em>los\/as estudiantes inicien y consoliden pr\u00e1cticas ciudadanas que apunten al desarrollo de una conciencia democr\u00e1tica y republicana<\/em>,  a la vez que autoriza la constituci\u00f3n y funcionamiento de un organismo de representaci\u00f3n estudiantil. <\/p>\n\n\n\n<p>Actualmente el colectivo estudiantil est\u00e1 representado por el CUERPO DE DELEGADOS, sin embargo es un desaf\u00edo para el  ciclo lectivo 2025 <strong>la constituci\u00f3n definitiva del CENTRO DE ESTUDIANTES, tan necesario e importante para todos\/as los\/as estudiantes que se forman en nuestro Instituto.<\/strong><\/p>\n\n\n\n<div class=\"wp-block-cover\"><span aria-hidden=\"true\" class=\"wp-block-cover__background has-background-dim\"><\/span><img decoding=\"async\" loading=\"lazy\" width=\"1200\" height=\"1800\" class=\"wp-block-cover__image-background wp-image-3496\" alt=\"\" src=\"https:\/\/istoledo-cba.infd.edu.ar\/sitio\/wp-content\/uploads\/2023\/11\/1098be06673d3090d433583cc744f02f-1.jpg\" data-object-fit=\"cover\" srcset=\"https:\/\/istoledo-cba.infd.edu.ar\/sitio\/wp-content\/uploads\/2023\/11\/1098be06673d3090d433583cc744f02f-1.jpg 1200w, https:\/\/istoledo-cba.infd.edu.ar\/sitio\/wp-content\/uploads\/2023\/11\/1098be06673d3090d433583cc744f02f-1-667x1000.jpg 667w, https:\/\/istoledo-cba.infd.edu.ar\/sitio\/wp-content\/uploads\/2023\/11\/1098be06673d3090d433583cc744f02f-1-768x1152.jpg 768w, https:\/\/istoledo-cba.infd.edu.ar\/sitio\/wp-content\/uploads\/2023\/11\/1098be06673d3090d433583cc744f02f-1-1024x1536.jpg 1024w\" sizes=\"(max-width: 1200px) 100vw, 1200px\" \/><div class=\"wp-block-cover__inner-container\">\n<p class=\"has-text-align-center has-large-font-size\">PARTICIPACI\u00d3N<\/p>\n<\/div><\/div>\n<\/div>\n<\/div>\n","protected":false},"excerpt":{"rendered":"<p>\u00abLa participaci\u00f3n estudiantil no solo enriquece aulas, sino que tambi\u00e9n nutre el alma educativa, creando un tejido de intercambio activo que da vida al aprendizaje y forma ciudadanos comprometidos con la construcci\u00f3n de un futuro mejor.\u00bb Seg\u00fan la Resol. 412\/10 Reglamento Acad\u00e9mico Marco, la participaci\u00f3n de los\/as estudiantes en la vida institucional es un contenido &#8230; <a title=\"Participaci\u00f3n Estudiantil\" class=\"read-more\" href=\"https:\/\/istoledo-cba.infd.edu.ar\/sitio\/centro-de-estudiantes\/\" aria-label=\"More on Participaci\u00f3n Estudiantil\">[+]<\/a><\/p>\n","protected":false},"author":753,"featured_media":0,"parent":0,"menu_order":0,"comment_status":"closed","ping_status":"closed","template":"","meta":[],"acf":[],"_links":{"self":[{"href":"https:\/\/istoledo-cba.infd.edu.ar\/sitio\/wp-json\/wp\/v2\/pages\/900"}],"collection":[{"href":"https:\/\/istoledo-cba.infd.edu.ar\/sitio\/wp-json\/wp\/v2\/pages"}],"about":[{"href":"https:\/\/istoledo-cba.infd.edu.ar\/sitio\/wp-json\/wp\/v2\/types\/page"}],"author":[{"embeddable":true,"href":"https:\/\/istoledo-cba.infd.edu.ar\/sitio\/wp-json\/wp\/v2\/users\/753"}],"replies":[{"embeddable":true,"href":"https:\/\/istoledo-cba.infd.edu.ar\/sitio\/wp-json\/wp\/v2\/comments?post=900"}],"version-history":[{"count":11,"href":"https:\/\/istoledo-cba.infd.edu.ar\/sitio\/wp-json\/wp\/v2\/pages\/900\/revisions"}],"predecessor-version":[{"id":3813,"href":"https:\/\/istoledo-cba.infd.edu.ar\/sitio\/wp-json\/wp\/v2\/pages\/900\/revisions\/3813"}],"wp:attachment":[{"href":"https:\/\/istoledo-cba.infd.edu.ar\/sitio\/wp-json\/wp\/v2\/media?parent=900"}],"curies":[{"name":"wp","href":"https:\/\/api.w.org\/{rel}","templated":true}]}}