{"id":904,"date":"2018-08-30T11:44:25","date_gmt":"2018-08-30T14:44:25","guid":{"rendered":"https:\/\/istoledo-cba.infd.edu.ar\/sitio\/informacion-para-egresados\/"},"modified":"2023-02-23T09:16:18","modified_gmt":"2023-02-23T12:16:18","slug":"informacion-para-egresados","status":"publish","type":"page","link":"https:\/\/istoledo-cba.infd.edu.ar\/sitio\/informacion-para-egresados\/","title":{"rendered":"EGRESAD@S"},"content":{"rendered":"<div class=\"wp-block-image\">\n<figure class=\"aligncenter size-large is-resized\"><img decoding=\"async\" loading=\"lazy\" src=\"https:\/\/istoledo-cba.infd.edu.ar\/sitio\/wp-content\/uploads\/2022\/11\/egresados-1.jpg\" alt=\"\" class=\"wp-image-3026\" width=\"402\" height=\"402\" srcset=\"https:\/\/istoledo-cba.infd.edu.ar\/sitio\/wp-content\/uploads\/2022\/11\/egresados-1.jpg 626w, https:\/\/istoledo-cba.infd.edu.ar\/sitio\/wp-content\/uploads\/2022\/11\/egresados-1-500x500.jpg 500w\" sizes=\"(max-width: 402px) 100vw, 402px\" \/><\/figure><\/div>\n\n<p><\/p>\n<h2><span style=\"color: #0000ff;\">Certificado de Finalizaci\u00f3n de Estudios<\/span><\/h2>\n<p>Al culminar el cursado y haber aprobado todos los Espacios Curriculares que componen el Plan de Estudio (incluyendo los cr\u00e9ditos), se encuentra en condiciones de <strong>iniciar&nbsp;el tr\u00e1mite de Certificado de finalizaci\u00f3n de estudios<\/strong>.<\/p>\n<p>Este tr\u00e1mite se realiza v\u00eda correo electr\u00f3nico de contacto de la SECRETAR\u00cdA.<\/p>\n<h5 style=\"text-align: center;\"><span style=\"color: #0000ff;\">zmdetoledo@yahoo.com.ar<\/span><\/h5>\n<p>Deber\u00e1 enviar un correo informando su situaci\u00f3n acad\u00e9mica de Egreso,&nbsp; a trav\u00e9s de la presentaci\u00f3n de una NOTA para el <a href=\"https:\/\/istoledo-cba.infd.edu.ar\/sitio\/wp-content\/uploads\/2020\/12\/NOTA-INICIO-TR\u00c1MITE-CERTIFICADO-FINALIZACI\u00d3N-CARRERA.docx\" target=\"_blank\" rel=\"noopener\"><strong>INICIO TR\u00c1MITE FINALIZACI\u00d3N DE CARRERA,<\/strong><\/a>&nbsp;donde consignar\u00e1 l<strong>a CARRERA de la cual egresa<\/strong>, <strong>la fecha en la aprob\u00f3 el \u00faltimo espacio curricular<\/strong> (inclusive Cr\u00e9ditos) y sus <strong>datos personales de contacto<\/strong> <strong>actualizados.<\/strong><\/p>\n<p>Asimismo DEBER\u00c1 ADJUNTAR.<\/p>\n<ul>\n<li>1 (un) archivo FORMATO PDF con&nbsp;<strong><u>Foto digital DNI<\/u><\/strong>&nbsp;(ambos lados)<\/li>\n<li>1 (un) archivo FORMATO PDF con <a href=\"https:\/\/istoledo-cba.infd.edu.ar\/sitio\/ficha-actualizacion-academica\/\" target=\"_blank\" rel=\"noopener\"><strong><span style=\"color: #000000;\">Ficha de Situaci\u00f3n Acad\u00e9mica<\/span> <\/strong><\/a>COMPLETA Y ACTUALIZADA.<\/li>\n<\/ul>\n<h5><span style=\"color: #800080;\"><img decoding=\"async\" loading=\"lazy\" class=\"wp-image-2032 alignleft\" src=\"https:\/\/istoledo-cba.infd.edu.ar\/sitio\/wp-content\/uploads\/2020\/12\/aviso-importante-e1608728364712.jpg\" alt=\"\" width=\"395\" height=\"238\"><span style=\"color: #000000;\">La obtenci\u00f3n del <span style=\"color: #0000ff;\"><span style=\"color: #ff0000;\">CERTIFICADO DE FINALIZACI\u00d3N DE CARRERA<\/span>,<\/span> requiere de un proceso exhaustivo y minucioso de revisi\u00f3n de la informaci\u00f3n brindada por cada Egresad@ en los distintos archivos de Actas de I.E.F.I, Coloquios y\/o Ex\u00e1menes. En consecuencia, este tr\u00e1mite <span style=\"color: #3366ff;\">tiene una DEMORA de 10 (diez) d\u00edas h\u00e1biles<\/span>.<\/span><\/span><\/h5>\n<h5>Por otra parte, <span style=\"color: #ff0000;\">TODO EL TR\u00c1MITE DE OBTENCI\u00d3N DEL T\u00cdTULO DEFINITIVO, es un proceso con una duraci\u00f3n aproximada de entre 6 meses y 1 a\u00f1o<\/span>&nbsp; Durante este tiempo, PODR\u00c1N SOLICITAR A SECRETAR\u00cdA la emisi\u00f3n sin costo, de CERTIFICADOS ACTUALIZADOS que den cuenta del T\u00cdTULO EN TR\u00c1MITE.<\/h5>\n<p><\/p>\n<p><span class=\"Texto_resaltado\" style=\"font-size: 14pt;\"><img decoding=\"async\" loading=\"lazy\" class=\"size-full wp-image-2034 alignleft\" src=\"https:\/\/istoledo-cba.infd.edu.ar\/sitio\/wp-content\/uploads\/2020\/12\/CONECTAR-IGUALDAD.jpg\" alt=\"\" width=\"307\" height=\"164\"><\/span><\/p>\n<h4><span style=\"color: #0000ff;\">NEETBOOK del PROGRAMA CONECTAR IGUALDAD&#8230;<\/span><\/h4>\n<p>Para poder desbloquear su Neetbook al concluir el cursado, descargue y complete el formulario adjunto.&nbsp;<a title=\"Constancia Conectar Igualdad\" href=\"upload\/CONSTANCIA_DE_CESION_PARA_ALUMNOS-_CONECTAR_IGUALDAD.pdf\" target=\"_blank\" rel=\"noopener\">Constancia Conectar Igualdad<img decoding=\"async\" src=\"https:\/\/goo.gl\/images\/LZwpMQ%20\" alt=\"\" border=\"0\"><\/a><\/p>\n<p style=\"text-align: left;\">&nbsp;<img decoding=\"async\" src=\"https:\/\/www.politecnicoags.edu.co\/2017\/10\/02\/formulario-egresados\/\" alt=\"\" border=\"0\"><img decoding=\"async\" src=\"https:\/\/goo.gl\/forms\/pxsgQ7CpZwCbmzsW2\" alt=\"\" border=\"0\">Deber\u00e1 ser enviado a Secretar\u00eda&nbsp; junto a la documentaci\u00f3n para el TR\u00c1MITE DE TITULACI\u00d3N.<\/p>\n<hr>\n<h4 style=\"text-align: center;\"><span style=\"color: #ff0000;\">Ante alguna duda puedes consultar telef\u00f3nicamente en los horarios de Atenci\u00f3n dispuestos<\/span><\/h4>\n<p><img decoding=\"async\" loading=\"lazy\" class=\"wp-image-1992 aligncenter\" src=\"https:\/\/istoledo-cba.infd.edu.ar\/sitio\/wp-content\/uploads\/2020\/12\/LOGO-ZARELA.png\" alt=\"\" width=\"79\" height=\"75\"><\/p>\n\n\n<p><\/p>\n","protected":false},"excerpt":{"rendered":"<p>Certificado de Finalizaci\u00f3n de Estudios Al culminar el cursado y haber aprobado todos los Espacios Curriculares que componen el Plan de Estudio (incluyendo los cr\u00e9ditos), se encuentra en condiciones de iniciar&nbsp;el tr\u00e1mite de Certificado de finalizaci\u00f3n de estudios. Este tr\u00e1mite se realiza v\u00eda correo electr\u00f3nico de contacto de la SECRETAR\u00cdA. zmdetoledo@yahoo.com.ar Deber\u00e1 enviar un correo &#8230; <a title=\"EGRESAD@S\" class=\"read-more\" href=\"https:\/\/istoledo-cba.infd.edu.ar\/sitio\/informacion-para-egresados\/\" aria-label=\"More on EGRESAD@S\">[+]<\/a><\/p>\n","protected":false},"author":753,"featured_media":0,"parent":0,"menu_order":0,"comment_status":"closed","ping_status":"closed","template":"","meta":[],"acf":[],"_links":{"self":[{"href":"https:\/\/istoledo-cba.infd.edu.ar\/sitio\/wp-json\/wp\/v2\/pages\/904"}],"collection":[{"href":"https:\/\/istoledo-cba.infd.edu.ar\/sitio\/wp-json\/wp\/v2\/pages"}],"about":[{"href":"https:\/\/istoledo-cba.infd.edu.ar\/sitio\/wp-json\/wp\/v2\/types\/page"}],"author":[{"embeddable":true,"href":"https:\/\/istoledo-cba.infd.edu.ar\/sitio\/wp-json\/wp\/v2\/users\/753"}],"replies":[{"embeddable":true,"href":"https:\/\/istoledo-cba.infd.edu.ar\/sitio\/wp-json\/wp\/v2\/comments?post=904"}],"version-history":[{"count":7,"href":"https:\/\/istoledo-cba.infd.edu.ar\/sitio\/wp-json\/wp\/v2\/pages\/904\/revisions"}],"predecessor-version":[{"id":3182,"href":"https:\/\/istoledo-cba.infd.edu.ar\/sitio\/wp-json\/wp\/v2\/pages\/904\/revisions\/3182"}],"wp:attachment":[{"href":"https:\/\/istoledo-cba.infd.edu.ar\/sitio\/wp-json\/wp\/v2\/media?parent=904"}],"curies":[{"name":"wp","href":"https:\/\/api.w.org\/{rel}","templated":true}]}}