{"id":906,"date":"2018-08-30T11:44:26","date_gmt":"2018-08-30T14:44:26","guid":{"rendered":"https:\/\/istoledo-cba.infd.edu.ar\/sitio\/convocatorias\/"},"modified":"2026-03-06T06:39:58","modified_gmt":"2026-03-06T09:39:58","slug":"convocatorias","status":"publish","type":"page","link":"https:\/\/istoledo-cba.infd.edu.ar\/sitio\/convocatorias\/","title":{"rendered":"Convocatorias Horas C\u00e1tedras Nivel Superior"},"content":{"rendered":"<h2 style=\"text-align: center;\"><span style=\"color: #3366ff;\"><strong>Convocatoria a Cobertura de Horas C\u00e1tedras <\/strong><strong>en el<br \/>marco de la Modalidad Combinada<\/strong><\/span><\/h2>\n<p>La <a href=\"https:\/\/istoledo-cba.infd.edu.ar\/sitio\/wp-content\/uploads\/2022\/04\/RES-M-197-22-procedimiento-cobertura-de-cargos-virtual-de-SUPERIOR-Y-TECNICA-1-1.pdf\" target=\"_blank\" rel=\"noopener\"><strong>RES. MIN.N\u00ba 197\/2022<\/strong><\/a>, PRORROGA las medidas dispuestas en las <strong>RES. MIN. N\u00ba 194\/2020 y RES. N\u00b0 96\/2021<\/strong>, para el ciclo lectivo 2022, a partir de la experiencia acumulada durante la EMERGENCIA SANITARIA POR PANDEMIA COVID-19, en los Ciclos 2020\/2021.<\/p>\n<p>Esta resoluci\u00f3n habilita\u00a0\u00a0la <strong>cobertura de horas c\u00e1tedra -interinas o suplentes-<\/strong> de <strong>todos los\u00a0cursos<\/strong> de las Carreras de <strong>Formaci\u00f3n Docente<\/strong> y <strong>Tecnicaturas<\/strong> que se\u00a0dictan en el \u00e1mbito de la <a href=\"https:\/\/educaciontecnica.cba.gov.ar\/institutos-tecnicos-superiores\/\" target=\"_blank\" rel=\"noopener\"><strong>Direcci\u00f3n General de Educaci\u00f3n T\u00e9cnica y\u00a0Formaci\u00f3n Profesional<\/strong><\/a> y de la <a href=\"http:\/\/dges-cba.edu.ar\/wp\/\" target=\"_blank\" rel=\"noopener\"><strong>Direcci\u00f3n General de Educaci\u00f3n Superior<\/strong><\/a>.<\/p>\n<p>Se recomienda la lectura de la normativa vigente para tomar conocimiento del PROCEDIMIENTO DE CONVOCATORIA A COBERTURA DE HORAS C\u00c1TEDRAS:<\/p>\n<h3><img decoding=\"async\" loading=\"lazy\" class=\"wp-image-2033 alignleft\" src=\"https:\/\/istoledo-cba.infd.edu.ar\/sitio\/wp-content\/uploads\/2020\/12\/recordatorio.jpg\" alt=\"\" width=\"150\" height=\"150\" \/><\/h3>\n<h3>\u00a0<\/h3>\n<h3 style=\"text-align: center;\"><span style=\"color: #000080;\"><strong>Procedimiento para la Inscripci\u00f3n a una Convocatoria<br \/><\/strong><\/span><span style=\"color: #000080;\"><strong>CICLO LECTIVO 2026<\/strong><\/span><\/h3>\n<p>\u00a0<\/p>\n<h3 style=\"text-align: center;\">Documentaci\u00f3n a Presentar al momento de la Postulaci\u00f3n:<\/h3>\n<p>El\/la POSTULANTE habr\u00e1 de <strong>SUBIR A LA PLATAFORMA (DGES)<\/strong> o al <strong>FORMULARIO GOOGLE INSTITUCIONAL\u00a0(DGETYP)<\/strong> seg\u00fan sea la convocatoria a la que se postule- <span style=\"color: #ff0000;\"><strong>\u00a02 (dos y SOLO DOS)<\/strong><\/span> ARCHIVOS EN FORMATO PDF que contendr\u00e1n:<\/p>\n<ol>\n<li><strong><span style=\"color: #ff0000;\">ARCHIVO PDF 1<\/span> &#8211; Con copias PERFECTAMENTE LEGIBLES-:<\/strong><\/li>\n<\/ol>\n<ul type=\"disc\">\n<li>Curriculum\u00a0 Vitae (CV) completo (<a href=\"https:\/\/istoledo-cba.infd.edu.ar\/sitio\/wp-content\/uploads\/2024\/03\/FormatoCV_Res194-2020_HsCat.doc\" target=\"_blank\" rel=\"noopener\"><strong>Ver modelo de presentaci\u00f3n<\/strong><\/a>)<\/li>\n<li><span lang=\"ES-AR\">Copia del D.N.I. en anverso y reverso.<\/span><\/li>\n<li class=\"x_MsoNormal\"><span lang=\"ES-AR\">Copia del anverso y reverso de <span style=\"color: #0000ff;\"><strong>T\u00cdTULOS COMPLETOS\u00a0 (DIPLOMA<\/strong> y <strong>CERTIFICADO ANAL\u00cdTICO.)<\/strong><\/span><\/span><\/li>\n<li class=\"x_MsoNormal\"><span lang=\"ES-AR\">Copias de las CERTIFICACIONES DE FORMACI\u00d3N de los \u00faltimos 10 a\u00f1os.<\/span><\/li>\n<li>Constancia de servicios actualizada. <span style=\"color: #0000ff;\"><strong>(NO HISTORIA LABORAL)<\/strong><\/span><\/li>\n<\/ul>\n<p><strong>2. <span style=\"color: #ff0000;\">ARCHIVO PDF 2<\/span>&#8211; Proyecto de ABORDAJE del espacio curricular en el contexto de la<\/strong><strong>\u00a0MODALIDAD COMBINADA<\/strong> (Remoto- Presencialidad Sincr\u00f3nica y Presencialidad F\u00edsica en el lugar de trabajo) para el Nivel Superior,<span style=\"color: #0000ff;\"> <strong>EXTENSI\u00d3N M\u00c1XIMA 5 P\u00c1GINAS.<\/strong>&#8211;<\/span><\/p>\n<p><img decoding=\"async\" loading=\"lazy\" class=\"size-full wp-image-2341 alignleft\" src=\"https:\/\/istoledo-cba.infd.edu.ar\/sitio\/wp-content\/uploads\/2021\/11\/icono-tramite-1.png\" alt=\"\" width=\"200\" height=\"200\" \/><\/p>\n<p>Los procedimientos, formularios, modelo de CV nominativo, requisitos de inscripci\u00f3n, como tambi\u00e9n los criterios de valoraci\u00f3n de las postulaciones se encuentran en:<\/p>\n<ul>\n<li>la <a href=\"https:\/\/istoledo-cba.infd.edu.ar\/sitio\/wp-content\/uploads\/2022\/04\/RES-M-197-22-procedimiento-cobertura-de-cargos-virtual-de-SUPERIOR-Y-TECNICA-1-1.pdf\" target=\"_blank\" rel=\"noopener\"><strong>Resoluci\u00f3n Minist. 197\/2022<\/strong> <span style=\"color: #000000;\">y<\/span><\/a><\/li>\n<li>en las <a href=\"http:\/\/dges-cba.edu.ar\/wp\/wp-content\/uploads\/2022\/03\/Orientaciones_y_criterios_para-proyecto_RM_197-22.pdf\" target=\"_blank\" rel=\"noopener\"><strong>Orientaciones y criterios para la valoraci\u00f3n del proyecto de abordaje del espacio curricular<\/strong><\/a><br \/><strong>que contemple virtualidad en el marco de la RM 197\/22<\/strong><\/li>\n<\/ul>\n<hr \/>\n<h3 style=\"text-align: center;\"><span style=\"color: #800080;\"><img decoding=\"async\" loading=\"lazy\" class=\"\" src=\"https:\/\/istoledo-cba.infd.edu.ar\/sitio\/wp-content\/uploads\/2022\/11\/new.gif\" width=\"121\" height=\"67\" \/>CONVOCATORIAS VIGENTES en nuestro Instituto<\/span><\/h3>\n\n\n<ul>\n<li><strong><a href=\"https:\/\/istoledo-cba.infd.edu.ar\/sitio\/convocatoria-horas-formacion-docente\/\" target=\"_blank\" rel=\"noreferrer noopener\">Convocatorias Cobertura Horas C\u00e1tedras para la Formaci\u00f3n DOCENTE (D.G.E.S.)<\/a><\/strong><\/li>\n\n\n\n<li><mark style=\"background-color:rgba(0, 0, 0, 0)\" class=\"has-inline-color has-black-color\"><strong><a rel=\"noreferrer noopener\" href=\"https:\/\/istoledo-cba.infd.edu.ar\/sitio\/convocatoria-horas-formacion-tecnica-profesional\/\" target=\"_blank\">Convocatorias Cobertura Horas C\u00e1tedras para la Formaci\u00f3n T\u00e9cnica Profesional (DGET y FP)<\/a><\/strong><\/mark><\/li>\n<\/ul>\n","protected":false},"excerpt":{"rendered":"<p>Convocatoria a Cobertura de Horas C\u00e1tedras en elmarco de la Modalidad Combinada La RES. MIN.N\u00ba 197\/2022, PRORROGA las medidas dispuestas en las RES. MIN. N\u00ba 194\/2020 y RES. N\u00b0 96\/2021, para el ciclo lectivo 2022, a partir de la experiencia acumulada durante la EMERGENCIA SANITARIA POR PANDEMIA COVID-19, en los Ciclos 2020\/2021. Esta resoluci\u00f3n habilita\u00a0\u00a0la &#8230; <a title=\"Convocatorias Horas C\u00e1tedras Nivel Superior\" class=\"read-more\" href=\"https:\/\/istoledo-cba.infd.edu.ar\/sitio\/convocatorias\/\" aria-label=\"More on Convocatorias Horas C\u00e1tedras Nivel Superior\">[+]<\/a><\/p>\n","protected":false},"author":753,"featured_media":0,"parent":0,"menu_order":0,"comment_status":"closed","ping_status":"closed","template":"","meta":[],"acf":[],"_links":{"self":[{"href":"https:\/\/istoledo-cba.infd.edu.ar\/sitio\/wp-json\/wp\/v2\/pages\/906"}],"collection":[{"href":"https:\/\/istoledo-cba.infd.edu.ar\/sitio\/wp-json\/wp\/v2\/pages"}],"about":[{"href":"https:\/\/istoledo-cba.infd.edu.ar\/sitio\/wp-json\/wp\/v2\/types\/page"}],"author":[{"embeddable":true,"href":"https:\/\/istoledo-cba.infd.edu.ar\/sitio\/wp-json\/wp\/v2\/users\/753"}],"replies":[{"embeddable":true,"href":"https:\/\/istoledo-cba.infd.edu.ar\/sitio\/wp-json\/wp\/v2\/comments?post=906"}],"version-history":[{"count":117,"href":"https:\/\/istoledo-cba.infd.edu.ar\/sitio\/wp-json\/wp\/v2\/pages\/906\/revisions"}],"predecessor-version":[{"id":4112,"href":"https:\/\/istoledo-cba.infd.edu.ar\/sitio\/wp-json\/wp\/v2\/pages\/906\/revisions\/4112"}],"wp:attachment":[{"href":"https:\/\/istoledo-cba.infd.edu.ar\/sitio\/wp-json\/wp\/v2\/media?parent=906"}],"curies":[{"name":"wp","href":"https:\/\/api.w.org\/{rel}","templated":true}]}}