{"id":916,"date":"2018-08-30T11:44:27","date_gmt":"2018-08-30T14:44:27","guid":{"rendered":"https:\/\/istoledo-cba.infd.edu.ar\/sitio\/datos-institucionales\/"},"modified":"2021-10-14T12:12:58","modified_gmt":"2021-10-14T15:12:58","slug":"datos-institucionales","status":"publish","type":"page","link":"https:\/\/istoledo-cba.infd.edu.ar\/sitio\/datos-institucionales\/","title":{"rendered":"Datos institucionales"},"content":{"rendered":"<blockquote>\n<p style=\"text-align: center;\"><strong><span style=\"font-size: 12pt;\"><span style=\"font-family: verdana,geneva;\">Instituto Superior <\/span><\/span><\/strong><strong><span style=\"font-size: 12pt;\"><span style=\"font-family: verdana,geneva;\">\u00abZarela Moyano de Toledo\u00bb<\/span><\/span><\/strong><\/p>\n<h4>&nbsp;<\/h4>\n<h6><span style=\"font-family: verdana,geneva;\"><span style=\"font-size: x-small;\"><span style=\"font-size: 10pt;\"><strong>Direcci\u00f3n:<\/strong>&nbsp; &nbsp; &nbsp; &nbsp; &nbsp; &nbsp; &nbsp; &nbsp; &nbsp; &nbsp; &nbsp; &nbsp; &nbsp;Gral. Bustos 1336, B\u00b0 17 de Octubre, Jes\u00fas Mar\u00eda, C\u00f3rdoba<\/span><\/span><\/span><\/h6>\n<h6><span style=\"font-family: verdana,geneva;\"><span style=\"font-size: x-small;\"><span style=\"font-size: 10pt;\"><strong>Tel\u00e9fono Contacto:<\/strong>&nbsp; &nbsp; &nbsp; &nbsp; &nbsp; &nbsp; &nbsp; &nbsp; &nbsp; 03525 44-2114<\/span><\/span><\/span><\/h6>\n<h6><span style=\"font-family: verdana,geneva;\"><span style=\"font-size: x-small;\"><span style=\"font-size: 10pt;\"><strong>E-mail de consultas (Secretar\u00eda):<\/strong>&nbsp; &nbsp; &nbsp; <a href=\"mailto:zmdetoledo@yahoo.com.ar\">zmdetoledo@yahoo.com.ar<\/a>&nbsp;<\/span><\/span><\/span><\/h6>\n<\/blockquote>\n\n\n<p><\/p>\n","protected":false},"excerpt":{"rendered":"<p>Instituto Superior \u00abZarela Moyano de Toledo\u00bb &nbsp; Direcci\u00f3n:&nbsp; &nbsp; &nbsp; &nbsp; &nbsp; &nbsp; &nbsp; &nbsp; &nbsp; &nbsp; &nbsp; &nbsp; &nbsp;Gral. Bustos 1336, B\u00b0 17 de Octubre, Jes\u00fas Mar\u00eda, C\u00f3rdoba Tel\u00e9fono Contacto:&nbsp; &nbsp; &nbsp; &nbsp; &nbsp; &nbsp; &nbsp; &nbsp; &nbsp; 03525 44-2114 E-mail de consultas (Secretar\u00eda):&nbsp; &nbsp; &nbsp; zmdetoledo@yahoo.com.ar&nbsp;<\/p>\n","protected":false},"author":753,"featured_media":0,"parent":0,"menu_order":0,"comment_status":"closed","ping_status":"closed","template":"","meta":[],"acf":[],"_links":{"self":[{"href":"https:\/\/istoledo-cba.infd.edu.ar\/sitio\/wp-json\/wp\/v2\/pages\/916"}],"collection":[{"href":"https:\/\/istoledo-cba.infd.edu.ar\/sitio\/wp-json\/wp\/v2\/pages"}],"about":[{"href":"https:\/\/istoledo-cba.infd.edu.ar\/sitio\/wp-json\/wp\/v2\/types\/page"}],"author":[{"embeddable":true,"href":"https:\/\/istoledo-cba.infd.edu.ar\/sitio\/wp-json\/wp\/v2\/users\/753"}],"replies":[{"embeddable":true,"href":"https:\/\/istoledo-cba.infd.edu.ar\/sitio\/wp-json\/wp\/v2\/comments?post=916"}],"version-history":[{"count":5,"href":"https:\/\/istoledo-cba.infd.edu.ar\/sitio\/wp-json\/wp\/v2\/pages\/916\/revisions"}],"predecessor-version":[{"id":2251,"href":"https:\/\/istoledo-cba.infd.edu.ar\/sitio\/wp-json\/wp\/v2\/pages\/916\/revisions\/2251"}],"wp:attachment":[{"href":"https:\/\/istoledo-cba.infd.edu.ar\/sitio\/wp-json\/wp\/v2\/media?parent=916"}],"curies":[{"name":"wp","href":"https:\/\/api.w.org\/{rel}","templated":true}]}}