{"id":918,"date":"2018-08-30T11:44:28","date_gmt":"2018-08-30T14:44:28","guid":{"rendered":"https:\/\/istoledo-cba.infd.edu.ar\/sitio\/personal-del-instituto\/"},"modified":"2024-11-06T10:11:04","modified_gmt":"2024-11-06T13:11:04","slug":"personal-del-instituto","status":"publish","type":"page","link":"https:\/\/istoledo-cba.infd.edu.ar\/sitio\/personal-del-instituto\/","title":{"rendered":"Personal del Instituto"},"content":{"rendered":"<h2><strong>Equipo Directivo:<\/strong><\/h2>\n<ul>\n<li>\n<h5><strong>Directora:<\/strong><\/h5>\n<\/li>\n<\/ul>\n<p>\u00a0 \u00a0 \u00a0 \u00a0 \u00a0 \u00a0 \u00a0 \u00a0 \u00a0 \u00a0 \u00a0 \u00a0 \u00a0 \u00a0 \u00a0 Prof. Viviana Mabel Ramos<\/p>\n<ul>\n<li>\n<h5><strong>Regente:\u00a0<\/strong><\/h5>\n<\/li>\n<\/ul>\n<p>\u00a0 \u00a0 \u00a0 \u00a0 \u00a0 \u00a0 \u00a0 \u00a0 \u00a0 \u00a0 \u00a0 \u00a0 \u00a0 \u00a0 \u00a0Prof. y Lic. Emilse Cruz\u00a0<\/p>\n<h2><strong>Equipo Secretar\u00eda<br \/><\/strong><\/h2>\n<ul>\n<li>\n<p><strong>Secretario\/a:<br \/><\/strong>Lic. Prof. Juan Ignacio Dagostino\u00a0<strong><br \/><\/strong><\/p>\n<\/li>\n<\/ul>\n<ul>\n<li>\n<p><strong>Pro-Secretario\/a<\/strong><strong>:<br \/><\/strong>Prof. Erika Moreno\u00a0<\/p>\n<\/li>\n<\/ul>\n<ul>\n<li>\n<p><strong>Ayudante T\u00e9cnico con Perfil Administrativo:<br \/><\/strong>Lic. Prof. Juan Ignacio Dagostino<\/p>\n<\/li>\n<\/ul>\n<ul>\n<li>\n<p><strong>Auxiliar Administrativo:<br \/><\/strong>Prof. Gustavo L\u00f3ndero<\/p>\n<\/li>\n<\/ul>\n<h2><strong>Equipo Coordinaci\u00f3n<br \/><\/strong><\/h2>\n<ul>\n<li><strong>Coordinadores en Sede Jes\u00fas Mar\u00eda<br \/><\/strong>\u00a0 \u00a0 \u00a0 \u00a0 \u00a0 Prof. Roberto Barbero<br \/>\u00a0 \u00a0 \u00a0 \u00a0 \u00a0 Prof. Tania Biglia<br \/>\u00a0 \u00a0 \u00a0 \u00a0 \u00a0 Lic. Prof. Mar\u00eda Soledad Ferreyra<br \/>\u00a0 \u00a0 \u00a0 \u00a0 \u00a0 Lic. Prof. Pedro Ocampo\u00a0<\/li>\n<li>\u00a0 \u00a0 \u00a0 \u00a0 \u00a0 \u00a0Prof. Cristina Sosa\u00a0 \u00a0 \u00a0 \u00a0<\/li>\n<li><strong>Coordinadora en Extensi\u00f3n \u00c1ulica San Francisco del Cha\u00f1ar<br \/><\/strong>\u00a0 \u00a0 \u00a0 \u00a0 \u00a0 Prof. Anal\u00eda Zelaray\u00e1n<\/li>\n<li><strong>Coordinadora en Anexo Sebasti\u00e1n Elcano<br \/><\/strong>\u00a0 \u00a0 \u00a0 \u00a0 \u00a0 Prof. Mariana Ju\u00e1rez<\/li>\n<\/ul>\n<h2><strong>Equipo Preceptor\u00eda<br \/><\/strong><\/h2>\n<ul>\n<li>Prof. Celia Blanch<\/li>\n<li>Prof. Lidia Campana<\/li>\n<li>Prof. Silvia Tabuada\u00a0<\/li>\n<li>Prof. Gustavo Mercado<\/li>\n<li>Prof. Mar\u00eda In\u00e9s Olmos<\/li>\n<li>Prof. Alicia Feijo\u00f3\u00a0<\/li>\n<li>Prof. Emanuel Etchevest<\/li>\n<\/ul>\n<h2><strong>Biblioteca<\/strong><\/h2>\n<ul>\n<li>Prof. Marcela Pellegrini\u00a0<\/li>\n<\/ul>\n<h2 class=\"MsoNormal\" style=\"margin: 0cm 0cm 0pt;\">\u00a0Ayudante T\u00e9cnico de Laboratorio<\/h2>\n<ul>\n<li>Prof. Pablo Tessino<\/li>\n<\/ul>\n<h2>Auxiliares de Servicio:<\/h2>\n<ul>\n<li>Claudia Ferreyra<\/li>\n<li>Mabel Villalba<\/li>\n<\/ul>\n<h2>\u00a0Equipo de Docentes con Horas C\u00e1tedras<\/h2>\n<p><strong data-rich-text-format-boundary=\"true\">JES\u00daS MAR\u00cdA<\/strong><\/p>\n<ul>\n<li>ACOSTA, Mar\u00eda Jos\u00e9<\/li>\n<li>ACEVEDO, Laura Romina<\/li>\n<li>ALMADA, Evelin Carolina Mirta<\/li>\n<li>ALTAMIRA, Ma. Sol<\/li>\n<li>AMARANTO, Luc\u00eda Valeria<\/li>\n<li>AMEZCUA, Ma. Emilia<\/li>\n<li>AMURRI, Germ\u00e1n V\u00edctor<\/li>\n<li>BATTISTINI, Ma. Natalia<\/li>\n<li>BELMONTE, Ma. de los \u00c1ngeles<\/li>\n<li>BERTINI, Mario Adri\u00e1n<\/li>\n<li>BRACACCINI ACEVEDO, Mar\u00eda<\/li>\n<li>BROLLO, Ma. Daniela<\/li>\n<li>CARRANZA, Mariana<\/li>\n<li>CASTILLO, Ma. Soledad<\/li>\n<li>CORRAL, Ver\u00f3nica Bel\u00e9n<\/li>\n<li>COSTANZI, N\u00e9stor Adri\u00e1n<\/li>\n<li>CRUZ, Emilse Soledad<\/li>\n<li>CHANDOHA, Ma. Laura<\/li>\n<li>CUBAS, Laura<\/li>\n<li>D\u00b4ANDREA, Mart\u00edn Alfredo<\/li>\n<li>DECANINI, Ma. Paula<\/li>\n<li>DELUGO, Sonia Andrea<\/li>\n<li>ENR\u00cdQUEZ, Reinaldo N\u00e9stor<\/li>\n<li>ESCOBAR, Andrea<\/li>\n<li>ESTOF\u00c1N, Ana Mar\u00eda<\/li>\n<li>ETCHEVEST, Jorgelina Carla<\/li>\n<li>FARCY, Emanuel Sebasti\u00e1n<\/li>\n<li>GARC\u00cdA, Fernando<\/li>\n<li>GARC\u00cdA MART\u00cdNEZ, Sebasti\u00e1n Emilio<\/li>\n<li>GIACINTI, Gladys In\u00e9s<\/li>\n<li>GONZ\u00c1LEZ, Jesica Rosina<\/li>\n<li>GORDILLO, Celeste<\/li>\n<li>GORINI SOLER, Natalia Silvana<\/li>\n<li>GREGORIO, Mirta Beatriz<\/li>\n<li>HERRERA, Roc\u00edo<\/li>\n<li>LIMBERTI, Laura Raquel<\/li>\n<li>L\u00d3NDERO, V\u00edctor Hugo<\/li>\n<li>L\u00d3PEZ, Teresita del C.<\/li>\n<li>LUDUE\u00d1A, Ana Laura<\/li>\n<li>MARCUZZI, Mariela Alejandra<\/li>\n<li>MARMAI, Lorena Soledad<\/li>\n<li>MARROCCO, Ma. Celeste<\/li>\n<li>MEDINA, Elsa Raquel<\/li>\n<li>MENGHI, Carla Iv\u00f3n<\/li>\n<li>MOREANO FREIRE, Isaac Emilio<\/li>\n<li>NANINI, Mariano Mart\u00edn<\/li>\n<li>PACCHIOTTI, M\u00f3nica Silvia<\/li>\n<li>PALAVER, Norma Valeria\u00a0<\/li>\n<li>PARIZIA, Natalia Paulina<\/li>\n<li>QUERO, Nancy Cecilia<\/li>\n<li>RAMOS, Viviana Mabel<\/li>\n<li>RIVERO, Karem Eliana<\/li>\n<li>RODRIGUEZ, Mariela Ver\u00f3nica<\/li>\n<li>RODRIGUEZ, Nancy Carina del V.<\/li>\n<li>ROJAS, Paola Eugenia<\/li>\n<li>ROSSI, Marisa del V.<\/li>\n<li>RUIZ, Gustavo Mart\u00edn<\/li>\n<li>SAINT BONNET, Ma. Virginia<\/li>\n<li>SERAFINI, Carina Natalia<\/li>\n<li>SIGISMUNDI, Alejandra<\/li>\n<li>SOSA, Florencia Valentina<\/li>\n<li>SOSA, Paula Irina<\/li>\n<li>TEJEDOR, Dar\u00edo Enrique<\/li>\n<li>TESSINO, Pablo\u00a0<\/li>\n<li>TORCHIO, Carolina Elisa<\/li>\n<li>VARELA, Fabiana Andrea<\/li>\n<li>VIEL, Anal\u00eda Natalina<\/li>\n<li>VILCHEZ, Leticia Ana<\/li>\n<li style=\"text-align: left;\">ZAVARELLA, Arnaldo Hern\u00e1n\u00a0\u00a0<span style=\"color: #000000;\"><span style=\"font-family: verdana,geneva;\"><span style=\"font-size: 10pt;\"><span style=\"font-size: 13.3333px;\"><br \/><\/span><\/span><\/span><\/span><\/li>\n<\/ul>\n\n\n<h3 class=\"wp-block-heading\"><strong>Equipos Docentes en Anexos<\/strong><\/h3>\n\n\n\n<p>Extensi\u00f3n \u00e1ulica <strong>SAN FRANCISCO DEL CHA\u00d1AR<\/strong><\/p>\n\n\n\n<ul>\n<li>CARRIZO, Ma. Elizabeth<\/li>\n\n\n\n<li>FLORES, \u00c1ngela Clara<\/li>\n\n\n\n<li>LUNA, Natalia Jimena<\/li>\n\n\n\n<li>VICENS, Ma. del Pilar<\/li>\n\n\n\n<li>ZORRILLA, Olga Carolina<\/li>\n<\/ul>\n\n\n\n<p><strong>SEBASTI\u00c1N ELCANO<\/strong><\/p>\n\n\n\n<ul>\n<li>AVENDA\u00d1O, Javier Ricardo<\/li>\n\n\n\n<li>BELEN, Vanesa Antonela<\/li>\n\n\n\n<li>OLIVERA, Eliana del V<\/li>\n\n\n\n<li>SALOM\u00d3N, Manuel Alberto<\/li>\n\n\n\n<li>PERAF\u00c1N SILVA, Mariann\u00e9 Soledad<\/li>\n<\/ul>\n","protected":false},"excerpt":{"rendered":"<p>Equipo Directivo: Directora: \u00a0 \u00a0 \u00a0 \u00a0 \u00a0 \u00a0 \u00a0 \u00a0 \u00a0 \u00a0 \u00a0 \u00a0 \u00a0 \u00a0 \u00a0 Prof. Viviana Mabel Ramos Regente:\u00a0 \u00a0 \u00a0 \u00a0 \u00a0 \u00a0 \u00a0 \u00a0 \u00a0 \u00a0 \u00a0 \u00a0 \u00a0 \u00a0 \u00a0 \u00a0Prof. y Lic. Emilse Cruz\u00a0 Equipo Secretar\u00eda Secretario\/a:Lic. Prof. Juan Ignacio Dagostino\u00a0 Pro-Secretario\/a:Prof. Erika Moreno\u00a0 Ayudante T\u00e9cnico con &#8230; <a title=\"Personal del Instituto\" class=\"read-more\" href=\"https:\/\/istoledo-cba.infd.edu.ar\/sitio\/personal-del-instituto\/\" aria-label=\"More on Personal del Instituto\">[+]<\/a><\/p>\n","protected":false},"author":753,"featured_media":0,"parent":0,"menu_order":0,"comment_status":"closed","ping_status":"closed","template":"","meta":[],"acf":[],"_links":{"self":[{"href":"https:\/\/istoledo-cba.infd.edu.ar\/sitio\/wp-json\/wp\/v2\/pages\/918"}],"collection":[{"href":"https:\/\/istoledo-cba.infd.edu.ar\/sitio\/wp-json\/wp\/v2\/pages"}],"about":[{"href":"https:\/\/istoledo-cba.infd.edu.ar\/sitio\/wp-json\/wp\/v2\/types\/page"}],"author":[{"embeddable":true,"href":"https:\/\/istoledo-cba.infd.edu.ar\/sitio\/wp-json\/wp\/v2\/users\/753"}],"replies":[{"embeddable":true,"href":"https:\/\/istoledo-cba.infd.edu.ar\/sitio\/wp-json\/wp\/v2\/comments?post=918"}],"version-history":[{"count":36,"href":"https:\/\/istoledo-cba.infd.edu.ar\/sitio\/wp-json\/wp\/v2\/pages\/918\/revisions"}],"predecessor-version":[{"id":3757,"href":"https:\/\/istoledo-cba.infd.edu.ar\/sitio\/wp-json\/wp\/v2\/pages\/918\/revisions\/3757"}],"wp:attachment":[{"href":"https:\/\/istoledo-cba.infd.edu.ar\/sitio\/wp-json\/wp\/v2\/media?parent=918"}],"curies":[{"name":"wp","href":"https:\/\/api.w.org\/{rel}","templated":true}]}}