{"id":924,"date":"2018-08-30T11:44:30","date_gmt":"2018-08-30T14:44:30","guid":{"rendered":"https:\/\/istoledo-cba.infd.edu.ar\/sitio\/ubicacion\/"},"modified":"2021-10-14T12:15:16","modified_gmt":"2021-10-14T15:15:16","slug":"ubicacion","status":"publish","type":"page","link":"https:\/\/istoledo-cba.infd.edu.ar\/sitio\/ubicacion\/","title":{"rendered":"Ubicaci\u00f3n"},"content":{"rendered":"<p>Direcci\u00f3n: <strong>Gral. Bustos 1336, B\u00b0 17 de Octubre, Jes\u00fas Mar\u00eda, C\u00f3rdoba<\/strong><\/p>\n<p>Tel\u00e9fono:&nbsp;<strong>03525 44-2114<\/strong><\/p>\n<p>Mail de Contacto:<a href=\"mailto:zmdetoledo@yahoo.com.ar\"> zmdetoledo@yahoo.com.ar<\/a><\/p>\n<p style=\"text-align: center;\"><iframe loading=\"lazy\" style=\"border: 0;\" src=\"https:\/\/www.google.com\/maps\/embed?pb=!1m18!1m12!1m3!1d3420.343529883627!2d-64.08684538486236!3d-30.988796981548624!2m3!1f0!2f0!3f0!3m2!1i1024!2i768!4f13.1!3m3!1m2!1s0x0%3A0x91623a040c785e22!2sInstituto+Superior+Zarela+Moyano+de+Toledo!5e0!3m2!1ses!2sar!4v1551137806137\" width=\"600\" height=\"450\" frameborder=\"0\" allowfullscreen=\"allowfullscreen\"><\/iframe><\/p>\n","protected":false},"excerpt":{"rendered":"<p>Direcci\u00f3n: Gral. Bustos 1336, B\u00b0 17 de Octubre, Jes\u00fas Mar\u00eda, C\u00f3rdoba Tel\u00e9fono:&nbsp;03525 44-2114 Mail de Contacto: zmdetoledo@yahoo.com.ar<\/p>\n","protected":false},"author":753,"featured_media":0,"parent":0,"menu_order":0,"comment_status":"closed","ping_status":"closed","template":"","meta":[],"acf":[],"_links":{"self":[{"href":"https:\/\/istoledo-cba.infd.edu.ar\/sitio\/wp-json\/wp\/v2\/pages\/924"}],"collection":[{"href":"https:\/\/istoledo-cba.infd.edu.ar\/sitio\/wp-json\/wp\/v2\/pages"}],"about":[{"href":"https:\/\/istoledo-cba.infd.edu.ar\/sitio\/wp-json\/wp\/v2\/types\/page"}],"author":[{"embeddable":true,"href":"https:\/\/istoledo-cba.infd.edu.ar\/sitio\/wp-json\/wp\/v2\/users\/753"}],"replies":[{"embeddable":true,"href":"https:\/\/istoledo-cba.infd.edu.ar\/sitio\/wp-json\/wp\/v2\/comments?post=924"}],"version-history":[{"count":5,"href":"https:\/\/istoledo-cba.infd.edu.ar\/sitio\/wp-json\/wp\/v2\/pages\/924\/revisions"}],"predecessor-version":[{"id":2253,"href":"https:\/\/istoledo-cba.infd.edu.ar\/sitio\/wp-json\/wp\/v2\/pages\/924\/revisions\/2253"}],"wp:attachment":[{"href":"https:\/\/istoledo-cba.infd.edu.ar\/sitio\/wp-json\/wp\/v2\/media?parent=924"}],"curies":[{"name":"wp","href":"https:\/\/api.w.org\/{rel}","templated":true}]}}