{"id":948,"date":"2018-08-30T11:44:41","date_gmt":"2018-08-30T14:44:41","guid":{"rendered":"https:\/\/istoledo-cba.infd.edu.ar\/sitio\/plan-de-estudios-4\/"},"modified":"2025-11-17T11:15:23","modified_gmt":"2025-11-17T14:15:23","slug":"plan-de-estudios-4","status":"publish","type":"page","link":"https:\/\/istoledo-cba.infd.edu.ar\/sitio\/plan-de-estudios-4\/","title":{"rendered":"Plan de Estudios y Correlativas"},"content":{"rendered":"\n<p><span style=\"color: #000080;\"><strong>Prof. de Educ. Inicial<\/strong><\/span><\/p>\n\n\n\n<ul>\n<li><a href=\"https:\/\/istoledo-cba.infd.edu.ar\/sitio\/wp-content\/uploads\/2020\/10\/Plan-de-Estudio-Prof.-Educ.-Inicial-Cohorte-2015.pdf\" target=\"_blank\" rel=\"noopener\">Plan de Estudio- Prof. Educ. Inicial -Cohorte 2015<\/a><\/li>\n\n\n\n<li><a href=\"https:\/\/istoledo-cba.infd.edu.ar\/sitio\/wp-content\/uploads\/2018\/11\/CORRELATIVAS-PROF.-EDUC.-INICIAL.pdf\" target=\"_blank\" rel=\"noopener\">CORRELATIVAS PROF. EDUC. INICIAL<\/a><\/li>\n<\/ul>\n\n\n\n<p><span style=\"color: #000080;\"><strong>Prof. de Educ. Primaria<\/strong><\/span><\/p>\n\n\n\n<ul>\n<li><a rel=\"noopener\" href=\"https:\/\/istoledo-cba.infd.edu.ar\/sitio\/wp-content\/uploads\/2020\/10\/Plan-de-Estudio-Prof.-Educ.-Primaria-cohorte-2015.pdf\" target=\"_blank\">Plan de Estudio- Prof. Educ. Primaria- cohorte 2015<\/a><\/li>\n<\/ul>\n\n\n<div class=\"wp-block-image\">\n<figure class=\"alignleft size-full is-resized\"><img decoding=\"async\" loading=\"lazy\" src=\"https:\/\/istoledo-cba.infd.edu.ar\/sitio\/wp-content\/uploads\/2023\/04\/image.png\" alt=\"\" class=\"wp-image-3272\" width=\"97\" height=\"53\"\/><\/figure><\/div>\n\n\n<p class=\"has-text-color\" style=\"color:#f60909\"><mark style=\"background-color:rgba(0, 0, 0, 0)\" class=\"has-inline-color has-accent-color\"><a rel=\"noopener\" href=\"https:\/\/istoledo-cba.infd.edu.ar\/sitio\/wp-content\/uploads\/2022\/11\/PROPUESTA-DE-FORTALECIMIENTO-DE-LA-FORMACION-DOCENTE-INICIAL.pdf\" target=\"_blank\">Fo<\/a><\/mark><a rel=\"noopener\" href=\"https:\/\/istoledo-cba.infd.edu.ar\/sitio\/wp-content\/uploads\/2022\/11\/PROPUESTA-DE-FORTALECIMIENTO-DE-LA-FORMACION-DOCENTE-INICIAL.pdf\" target=\"_blank\">rtalecimiento de la Formaci\u00f3n Docente inicial para P.E.P- <strong>A partir de cohorte 2023<\/strong><\/a> &#8211; <br>(<strong><a rel=\"noreferrer noopener\" href=\"https:\/\/istoledo-cba.infd.edu.ar\/sitio\/wp-content\/uploads\/2023\/04\/RES-M-295.pdf\" target=\"_blank\">Res. Min. 295\/2023<\/a><\/strong>) <strong>CURSADO OBLIGATORIO<\/strong><\/p>\n\n\n\n<ul>\n<li><a rel=\"noopener\" href=\"https:\/\/istoledo-cba.infd.edu.ar\/sitio\/wp-content\/uploads\/2018\/11\/CORRELATIVAS-PROF.-EDUC.-PRIMARIA.pdf\" target=\"_blank\">CORRELATIVAS PROF. EDUC. PRIMARIA<\/a><\/li>\n<\/ul>\n\n\n\n<p><span style=\"color: #000080;\"><strong>Prof. de Educ. Sec. Matem\u00e1tica<\/strong><\/span><\/p>\n\n\n\n<ul>\n<li><a href=\"https:\/\/istoledo-cba.infd.edu.ar\/sitio\/wp-content\/uploads\/2019\/03\/Plan-de-Estudio-Prof.-Educ.-Sec.-Matem\u00e1tica-Cohorte-2015.pdf\" target=\"_blank\" rel=\"noopener\">Plan de Estudio- Prof. Educ. Sec. Matem\u00e1tica- Cohorte 2015<\/a><\/li>\n\n\n\n<li><a href=\"https:\/\/istoledo-cba.infd.edu.ar\/sitio\/wp-content\/uploads\/2019\/03\/CORRELATIVAS-PROF.-EDUC.-SEC.-MATEMATICA.pdf\" target=\"_blank\" rel=\"noopener\">CORRELATIVAS PROF. EDUC. SEC. MATEM\u00c1TICA<\/a><\/li>\n<\/ul>\n\n\n\n<p><span style=\"color: #000080;\"><strong>Prof. de Educ. Sec. <strong>F\u00edsica<\/strong> (cohortes 2023, 2024 y 2026) <\/strong><\/span><\/p>\n\n\n\n<ul>\n<li><a rel=\"noopener\" href=\"https:\/\/istoledo-cba.infd.edu.ar\/sitio\/wp-content\/uploads\/2023\/03\/Plan-de-Estudio-Prof.-EDUC.-SEC.-FISICA-Res.-977-2014.pdf\" target=\"_blank\">Plan de Estudio- Prof. Educ. Sec. F\u00edsica-<\/a><\/li>\n\n\n\n<li><a href=\"https:\/\/istoledo-cba.infd.edu.ar\/sitio\/wp-content\/uploads\/2023\/10\/CORRELATIVAS-P.E.S.FISICA.pdf\" data-type=\"URL\" data-id=\"https:\/\/istoledo-cba.infd.edu.ar\/sitio\/wp-content\/uploads\/2023\/10\/CORRELATIVAS-P.E.S.FISICA.pdf\" target=\"_blank\" rel=\"noreferrer noopener\">CORRELATIVAS PROF. EDUC. SEC. F\u00cdSICA<\/a><\/li>\n<\/ul>\n\n\n\n<p><strong>Prof. de Educ. Secundaria en Qu\u00edmica (cohorte 2025)<\/strong><\/p>\n\n\n\n<p><a href=\"https:\/\/drive.google.com\/file\/d\/1jMUrdOPipN5sk04IH9N6emg_WFTYHNHb\/view?usp=sharing\" data-type=\"URL\" data-id=\"https:\/\/drive.google.com\/file\/d\/1jMUrdOPipN5sk04IH9N6emg_WFTYHNHb\/view?usp=sharing\">Plan de estudio- Prof. Educ. Sec. Qu\u00edmica- Cohorte 2015<\/a><\/p>\n\n\n\n<p><a href=\"https:\/\/drive.google.com\/file\/d\/1MNSaolJChTqK2k3qG8b3zV2V0vSmWUSK\/view?usp=sharing\" data-type=\"URL\" data-id=\"https:\/\/drive.google.com\/file\/d\/1MNSaolJChTqK2k3qG8b3zV2V0vSmWUSK\/view?usp=sharing\">CORRELATIVAS PROF. EDUC. SEC. QU\u00cdMICA<\/a><\/p>\n\n\n\n<p><strong style=\"color: rgb(0, 0, 128);\"><mark style=\"background-color:rgba(0, 0, 0, 0)\" class=\"has-inline-color has-contrast-color\">Prof. de Edu<\/mark><\/strong><strong><mark style=\"background-color:rgba(0, 0, 0, 0)\" class=\"has-inline-color has-contrast-color\">caci\u00f3n Tecnol\u00f3gica<\/mark><\/strong><\/p>\n\n\n\n<ul>\n<li><a href=\"https:\/\/drive.google.com\/file\/d\/1xriZ0HgDfr0gsNa8chYoZrOzxC2vbyT2\/view?usp=sharing\" target=\"_blank\" rel=\"noreferrer noopener\">Plan de Estudio- Prof. Educ. Tecnol\u00f3gica<\/a><\/li>\n\n\n\n<li><a href=\"https:\/\/drive.google.com\/file\/d\/1q84sWM58wHqPBnxhziGJMcCMZ8NOMlTe\/view?usp=sharing\" target=\"_blank\" rel=\"noreferrer noopener\">CORRELATIVAS PROF. DE EDUC. TECNOL\u00d3GICA<\/a><\/li>\n<\/ul>\n\n\n\n<h6 class=\"wp-block-heading\"><mark style=\"background-color:rgba(0, 0, 0, 0)\" class=\"has-inline-color has-contrast-color\">Prof. <\/mark>de Ingl\u00e9s<\/h6>\n\n\n\n<ul>\n<li><a href=\"https:\/\/drive.google.com\/file\/d\/1arbsKcjsOG5-8RH9EViEdHMgKUYYl6UH\/view?usp=sharing\" target=\"_blank\" rel=\"noreferrer noopener\">Plan de estudio &#8211; Prof. de Ingl\u00e9s<\/a><\/li>\n\n\n\n<li><a href=\"https:\/\/drive.google.com\/file\/d\/1I4v5Q4NcpoP8t6WUIMbiYu7ov8X3kc5u\/view?usp=sharing\" target=\"_blank\" rel=\"noreferrer noopener\">CORRELATIVAS PROF. DE INGL\u00c9S<\/a><\/li>\n<\/ul>\n\n\n\n<p class=\"has-text-color\" style=\"color:#032271\"><strong>Tec. Sup. en Administraci\u00f3n<\/strong><\/p>\n\n\n\n<ul>\n<li><a href=\"https:\/\/istoledo-cba.infd.edu.ar\/sitio\/wp-content\/uploads\/2022\/02\/Plan-de-Estudio-Tec.-Sup.-en-Administracion-Cohorte-2022_reso_24-1-8-1.pdf\" data-type=\"URL\" data-id=\"https:\/\/istoledo-cba.infd.edu.ar\/sitio\/wp-content\/uploads\/2022\/02\/Plan-de-Estudio-Tec.-Sup.-en-Administracion-Cohorte-2022_reso_24-1-8-1.pdf\" target=\"_blank\" rel=\"noreferrer noopener\">Plan de Estudio- Tec. Sup. en Administraci\u00f3n-  Cohorte 2022- 2023<\/a><\/li>\n\n\n\n<li><a rel=\"noreferrer noopener\" href=\"https:\/\/istoledo-cba.infd.edu.ar\/sitio\/wp-content\/uploads\/2023\/02\/CORRELATIVAS-TECN.-SUP.-ADM.-2.pdf\" data-type=\"URL\" data-id=\"https:\/\/istoledo-cba.infd.edu.ar\/sitio\/wp-content\/uploads\/2023\/02\/CORRELATIVAS-TECN.-SUP.-ADM.-2.pdf\" target=\"_blank\">CORRELATIVAS T.S. ADMINISTRACI\u00d3N-<\/a> <\/li>\n<\/ul>\n\n\n\n<figure class=\"wp-block-image size-full is-resized\"><img decoding=\"async\" loading=\"lazy\" src=\"https:\/\/istoledo-cba.infd.edu.ar\/sitio\/wp-content\/uploads\/2023\/10\/NUEVO.gif\" alt=\"\" class=\"wp-image-3450\" width=\"113\" height=\"63\"\/><\/figure>\n\n\n\n<p class=\"has-text-align-left\"><strong><a rel=\"noreferrer noopener\" href=\"https:\/\/istoledo-cba.infd.edu.ar\/sitio\/wp-content\/uploads\/2024\/02\/Plan-de-Estudio-TS-ADMINISTRACION-Cohorte-2024-Res.-1499-2023.pdf\" data-type=\"URL\" data-id=\"https:\/\/istoledo-cba.infd.edu.ar\/sitio\/wp-content\/uploads\/2024\/02\/Plan-de-Estudio-TS-ADMINISTRACION-Cohorte-2024-Res.-1499-2023.pdf\" target=\"_blank\">Plan de Estudio- Tec. Sup. en Administraci\u00f3n- A partir COHORTE 2024-<\/a><\/strong><\/p>\n\n\n\n<h5 class=\"wp-block-heading\"><strong><mark style=\"background-color:rgba(0, 0, 0, 0)\" class=\"has-inline-color has-contrast-color\">Tec. Sup. en Marketing Digital<\/mark><\/strong><\/h5>\n\n\n\n<ul>\n<li><mark style=\"background-color:rgba(0, 0, 0, 0)\" class=\"has-inline-color has-accent-color\"><a href=\"https:\/\/drive.google.com\/file\/d\/1BxPSI3Z6OCJQjDUPVavCPYi29TE2ZEvC\/view?usp=sharing\" target=\"_blank\" rel=\"noreferrer noopener\">Plan de Estudio- Tec. Sup. en Marketing Digital<\/a><\/mark><\/li>\n<\/ul>\n\n\n\n<p class=\"has-text-color\" style=\"color:#032271\"><strong>Tec. Sup. en Maquinarias y Equipos Agropecuarios<\/strong><\/p>\n\n\n\n<ul>\n<li><a href=\"https:\/\/istoledo-cba.infd.edu.ar\/sitio\/wp-content\/uploads\/2025\/03\/T.S-EN-MAQUINARIA-Y-EQUIPOS-AGROPECUARIOS-R.M-1000-13.pdf\" data-type=\"URL\" data-id=\"https:\/\/istoledo-cba.infd.edu.ar\/sitio\/wp-content\/uploads\/2022\/02\/Plan-de-Estudio-Tec.-Sup.-en-Administracion-Cohorte-2022_reso_24-1-8-1.pdf\" target=\"_blank\" rel=\"noreferrer noopener\">Plan de Estudio- Tec. Sup. en Maquinarias y Equipos Agropecuarios &#8211; A partir COHORTE 2025<\/a><\/li>\n\n\n\n<li>Correlativas T.S. en Maquinarias y Equipos Agropecuarios.<\/li>\n<\/ul>\n\n\n\n<h6 class=\"wp-block-heading\"><mark style=\"background-color:rgba(0, 0, 0, 0)\" class=\"has-inline-color has-contrast-color\">Tec. Sup. en Gu\u00eda de Turismo<\/mark><\/h6>\n\n\n\n<p><a href=\"https:\/\/drive.google.com\/file\/d\/1cyu0qEZ2DBG02stiWwZQlh1QtWjI8GwS\/view?usp=sharing\" target=\"_blank\" rel=\"noreferrer noopener\">Plan de Estudio- Tec. Sup. en Gu\u00eda de Turismo y CORRELATIVIDADES<\/a><\/p>\n","protected":false},"excerpt":{"rendered":"<p>Prof. de Educ. Inicial Prof. de Educ. Primaria Fortalecimiento de la Formaci\u00f3n Docente inicial para P.E.P- A partir de cohorte 2023 &#8211; (Res. Min. 295\/2023) CURSADO OBLIGATORIO Prof. de Educ. Sec. Matem\u00e1tica Prof. de Educ. Sec. F\u00edsica (cohortes 2023, 2024 y 2026) Prof. de Educ. Secundaria en Qu\u00edmica (cohorte 2025) Plan de estudio- Prof. Educ. &#8230; <a title=\"Plan de Estudios y Correlativas\" class=\"read-more\" href=\"https:\/\/istoledo-cba.infd.edu.ar\/sitio\/plan-de-estudios-4\/\" aria-label=\"More on Plan de Estudios y Correlativas\">[+]<\/a><\/p>\n","protected":false},"author":753,"featured_media":0,"parent":0,"menu_order":0,"comment_status":"closed","ping_status":"closed","template":"","meta":[],"acf":[],"_links":{"self":[{"href":"https:\/\/istoledo-cba.infd.edu.ar\/sitio\/wp-json\/wp\/v2\/pages\/948"}],"collection":[{"href":"https:\/\/istoledo-cba.infd.edu.ar\/sitio\/wp-json\/wp\/v2\/pages"}],"about":[{"href":"https:\/\/istoledo-cba.infd.edu.ar\/sitio\/wp-json\/wp\/v2\/types\/page"}],"author":[{"embeddable":true,"href":"https:\/\/istoledo-cba.infd.edu.ar\/sitio\/wp-json\/wp\/v2\/users\/753"}],"replies":[{"embeddable":true,"href":"https:\/\/istoledo-cba.infd.edu.ar\/sitio\/wp-json\/wp\/v2\/comments?post=948"}],"version-history":[{"count":28,"href":"https:\/\/istoledo-cba.infd.edu.ar\/sitio\/wp-json\/wp\/v2\/pages\/948\/revisions"}],"predecessor-version":[{"id":4012,"href":"https:\/\/istoledo-cba.infd.edu.ar\/sitio\/wp-json\/wp\/v2\/pages\/948\/revisions\/4012"}],"wp:attachment":[{"href":"https:\/\/istoledo-cba.infd.edu.ar\/sitio\/wp-json\/wp\/v2\/media?parent=948"}],"curies":[{"name":"wp","href":"https:\/\/api.w.org\/{rel}","templated":true}]}}