{"id":966,"date":"2018-08-30T11:44:49","date_gmt":"2018-08-30T14:44:49","guid":{"rendered":"https:\/\/istoledo-cba.infd.edu.ar\/sitio\/modelo-de-nota-para-solicitud-de-equivalencias\/"},"modified":"2026-03-05T18:14:33","modified_gmt":"2026-03-05T21:14:33","slug":"solicitud-de-equivalencias","status":"publish","type":"page","link":"https:\/\/istoledo-cba.infd.edu.ar\/sitio\/solicitud-de-equivalencias\/","title":{"rendered":"Solicitud para reconocimiento de trayectorias"},"content":{"rendered":"<p><span style=\"font-weight: 400;\">Los\/as estudiantes que hayan cursado estudios superiores en otros Institutos de Educaci\u00f3n Superior y\/o en Universidades, en el marco de la Res. Min.0001\/24, podr\u00e1n tramitar el reconocimiento de Cr\u00e9ditos, unidades curriculares, espacios Curriculares y trayecto Formativo que se encuentren comprendidos en el Plan de Estudio de la Carrera que cursa.<\/span><\/p>\n<p><span style=\"font-weight: 400;\">\u00a0Mientras dura la tramitaci\u00f3n y hasta tanto se define o no el reconocimiento de Cr\u00e9ditos, Espacios Curriculares y\/o Trayecto Formativo\u00a0 el\/la estudiante tiene la obligaci\u00f3n de REALIZAR LA MATR\u00cdCULA ANUAL y LA INSCRIPCI\u00d3N AL CURSADO a todos los espacios curriculares correspondientes al a\u00f1o en curso, en que ha solicitado su reconocimiento.\u00a0<\/span><\/p>\n<p><span style=\"font-weight: 400;\">Los reconocimientos podr\u00e1n darse de modo total o parcial, conforme a la trayectoria del solicitante.<\/span><\/p>\n<h2><strong><img decoding=\"async\" loading=\"lazy\" class=\"\" src=\"https:\/\/media.istockphoto.com\/vectors\/exclamation-vector-icon-attention-logo-warning-speech-bubble-round-vector-id1270349253?b=1&amp;k=6&amp;m=1270349253&amp;s=170667a&amp;w=0&amp;h=zYxLNXckFjWVBF8N-bjnl3zKlfnH3CGztN1xz_ANUX0=\" alt=\"1145178674istock Icono de exclamaci\u00f3n de atenci\u00f3n logotipo de atenci\u00f3n burbuja de voz de voz importante marca redonda. 1270349253\" width=\"125\" height=\"125\" \/>Importante:<\/strong><\/h2>\n<p><span style=\"font-weight: 400;\">De acuerdo a lo dispuesto por la Resoluci\u00f3n Ministerial N\u00b0<\/span><b>\u00a0<\/b><a href=\"https:\/\/drive.google.com\/file\/d\/1AxHj80LOr4rd8EZ8aBk2knmbuKNHvk_n\/view?usp=drive_link\"><b>285\/24,<\/b><\/a> y Resoluci\u00f3n Conjunta N\u00b001\/24<span style=\"font-weight: 400;\">, y en adelante sus modificatorias, se entiende a los fines de la Resoluci\u00f3n Ministerial N\u00b0298\/25 -Reglamento Acad\u00e9mico Marco- que <strong>las EQUIVALENCIAS quedan comprendidas en el RECONOCIIENTO DE SABERES Y UC\/EC.<\/strong> .<\/span><\/p>\n<p><span style=\"font-weight: 400;\">El <\/span><span style=\"font-weight: 400;\">reconocimiento de Cr\u00e9ditos, Espacios Curriculares y Trayecto Formativo\u00a0 solicitados queda sujeto a la valoraci\u00f3n de la Comisi\u00f3n ad-hoc\u00a0 de la Instituci\u00f3n y las v\u00edas jer\u00e1rquicas correspondientes.<\/span><\/p>\n<p><span style=\"font-weight: 400;\">\u00a0<\/span><b>DOCUMENTACI\u00d3N A PRESENTAR<\/b><\/p>\n<p><span style=\"font-weight: 400;\">Toda la documentaci\u00f3n <strong>ser\u00e1 presentada al momento de la inscripci\u00f3n anual 2026<\/strong>\u00a0en un SOBRE PAPEL MADERA, con los siguientes datos al frente: <\/span><span style=\"font-weight: 400;\">Carrera, <\/span><span style=\"font-weight: 400;\">Curso,\u00a0<\/span><span style=\"font-weight: 400;\">Apellido y Nombres, <\/span><span style=\"font-weight: 400;\">DNI, <\/span><span style=\"font-weight: 400;\">Tel, <\/span><span style=\"font-weight: 400;\">Mail<\/span><\/p>\n<p><span style=\"font-weight: 400;\">Dentro del sobre se debe colocar la documentaci\u00f3n que se detalla a continuaci\u00f3n:<\/span><\/p>\n<ul>\n<li style=\"font-weight: 400;\" aria-level=\"1\"><span style=\"font-weight: 400;\"><a href=\"https:\/\/docs.google.com\/document\/d\/15P2se6_dFj_GARYXlAraqqJmDlRjw9rX\/edit?usp=drive_link&amp;ouid=104347097197408600024&amp;rtpof=true&amp;sd=true\">Nota de Solicitud de Reconocimiento de Saberes y Trayectorias<\/a> dirigida a la Directora del Instituto (por duplicado).<\/span><\/li>\n<li style=\"font-weight: 400;\" aria-level=\"1\"><span style=\"font-weight: 400;\">Constancias de aprobaci\u00f3n:<\/span><\/li>\n<li style=\"font-weight: 400;\" aria-level=\"1\"><span style=\"font-weight: 400;\">Carrera completa: T\u00edtulo Anal\u00edtico<\/span><\/li>\n<\/ul>\n<ul>\n<li style=\"font-weight: 400;\" aria-level=\"1\"><span style=\"font-weight: 400;\">Carrera incompleta: Constancia de Espacios Curriculares aprobados.<\/span><\/li>\n<li style=\"font-weight: 400;\" aria-level=\"1\"><span style=\"font-weight: 400;\">Cursos de capacitaci\u00f3n: Certificados.<\/span><\/li>\n<li style=\"font-weight: 400;\" aria-level=\"1\"><span style=\"font-weight: 400;\">Para ingresantes que realizaron trayectos en otras jurisdicciones, debe incluirse plan de estudio y\/o programas certificados.<\/span><\/li>\n<\/ul>\n<table width=\"100%\">\n<tbody>\n<tr>\n<td>\n<h5 style=\"text-align: center;\"><img decoding=\"async\" loading=\"lazy\" class=\"\" src=\"https:\/\/encrypted-tbn0.gstatic.com\/images?q=tbn:ANd9GcR2RYx8ML8BKKrxyI55Dd41xUJ2tdS8hOv8Awy_lDLnBrtBh88IlZDN1o_Vc9BPJJXZw-o&amp;usqp=CAU\" alt=\"Informaci\u00f3n, Iconos De Equipo, Wikimedia Commons imagen png - imagen  transparente descarga gratuita\" width=\"84\" height=\"73\" \/>Ante cualquier duda podr\u00e1n contactarse con el coordinador Prof. Roberto Barbero &#8211; a trav\u00e9s del correo electr\u00f3nico oficial de coordinaci\u00f3n y\/o con regencia.<\/h5>\n<h5 style=\"text-align: center;\">Correo de contacto: coordinaciontecnicaturazarela@gmail.com<\/h5>\n<\/td>\n<\/tr>\n<\/tbody>\n<\/table>\n<p style=\"text-align: right;\"><a href=\"https:\/\/istoledo-cba.infd.edu.ar\/sitio\/wp-content\/uploads\/2020\/05\/LOGO_143x140.jpg\"><img decoding=\"async\" loading=\"lazy\" class=\"wp-image-1767 aligncenter\" src=\"https:\/\/istoledo-cba.infd.edu.ar\/sitio\/wp-content\/uploads\/2020\/05\/LOGO_143x140.jpg\" alt=\"\" width=\"84\" height=\"68\" \/><\/a><\/p>\n<p style=\"text-align: right;\">Jes\u00fas Mar\u00eda, 23 de diciembre de 2024.-<\/p>\n","protected":false},"excerpt":{"rendered":"<p>Los\/as estudiantes que hayan cursado estudios superiores en otros Institutos de Educaci\u00f3n Superior y\/o en Universidades, en el marco de la Res. Min.0001\/24, podr\u00e1n tramitar el reconocimiento de Cr\u00e9ditos, unidades curriculares, espacios Curriculares y trayecto Formativo que se encuentren comprendidos en el Plan de Estudio de la Carrera que cursa. \u00a0Mientras dura la tramitaci\u00f3n y &#8230; <a title=\"Solicitud para reconocimiento de trayectorias\" class=\"read-more\" href=\"https:\/\/istoledo-cba.infd.edu.ar\/sitio\/solicitud-de-equivalencias\/\" aria-label=\"More on Solicitud para reconocimiento de trayectorias\">[+]<\/a><\/p>\n","protected":false},"author":753,"featured_media":0,"parent":0,"menu_order":0,"comment_status":"closed","ping_status":"closed","template":"","meta":[],"acf":[],"_links":{"self":[{"href":"https:\/\/istoledo-cba.infd.edu.ar\/sitio\/wp-json\/wp\/v2\/pages\/966"}],"collection":[{"href":"https:\/\/istoledo-cba.infd.edu.ar\/sitio\/wp-json\/wp\/v2\/pages"}],"about":[{"href":"https:\/\/istoledo-cba.infd.edu.ar\/sitio\/wp-json\/wp\/v2\/types\/page"}],"author":[{"embeddable":true,"href":"https:\/\/istoledo-cba.infd.edu.ar\/sitio\/wp-json\/wp\/v2\/users\/753"}],"replies":[{"embeddable":true,"href":"https:\/\/istoledo-cba.infd.edu.ar\/sitio\/wp-json\/wp\/v2\/comments?post=966"}],"version-history":[{"count":19,"href":"https:\/\/istoledo-cba.infd.edu.ar\/sitio\/wp-json\/wp\/v2\/pages\/966\/revisions"}],"predecessor-version":[{"id":4104,"href":"https:\/\/istoledo-cba.infd.edu.ar\/sitio\/wp-json\/wp\/v2\/pages\/966\/revisions\/4104"}],"wp:attachment":[{"href":"https:\/\/istoledo-cba.infd.edu.ar\/sitio\/wp-json\/wp\/v2\/media?parent=966"}],"curies":[{"name":"wp","href":"https:\/\/api.w.org\/{rel}","templated":true}]}}