{"id":970,"date":"2018-08-30T11:44:50","date_gmt":"2018-08-30T14:44:50","guid":{"rendered":"https:\/\/istoledo-cba.infd.edu.ar\/sitio\/horarios-de-carreras\/"},"modified":"2026-04-14T14:09:46","modified_gmt":"2026-04-14T17:09:46","slug":"horarios-de-carreras","status":"publish","type":"page","link":"https:\/\/istoledo-cba.infd.edu.ar\/sitio\/horarios-de-carreras\/","title":{"rendered":"Horarios Cursado Ciclo Lectivo 2026"},"content":{"rendered":"\n<p>En el marco del PROYECTO INSTITUCIONAL PARA LA MODALIDAD COMBINADA, durante el <span style=\"color: #ff0000;\"><span style=\"color: #000000;\">presente<\/span> <strong>Ciclo Lectivo 2026<\/strong><\/span>, el cursado de los distintos espacios curriculares ser\u00e1 bajo la<strong> <span style=\"color: #ff0000;\"><u>MODALIDAD COMBINADA CON ALTERNANCIA<\/u><\/span><\/strong>. Esto supone que las actividades acad\u00e9micas se desarrollar\u00e1n <strong>DOS SEMANAS DE CURSADO PRESENCIAL F\u00cdSICO EN EL INSTITUTO Y OTRA DE CURSADO EN LOS ENTORNOS VIRTUALES (CAMPUS VIRTUAL- PLATAFORMAS PARA ENCUENTROS<\/strong>)<strong>.<\/strong><\/p>\n\n\n\n<p>Como en a\u00f1os anteriores, esta modalidad supone:<\/p>\n\n\n\n<ul>\n<li><span style=\"color: #ff0000;\"><span style=\"color: #000000;\">El <strong><span style=\"color: #ff0000;\">C<\/span><span style=\"color: #ff0000;\"><strong>URSADO<\/strong> REMOTO<\/span><\/strong><\/span> <span style=\"color: #333333;\">ser\u00e1<\/span> <span style=\"color: #000000;\">a trav\u00e9s de las <span style=\"color: #ff0000;\"><strong><u>AULAS VIRTUALES<\/u><\/strong><\/span><\/span><span style=\"color: #800080;\">,<\/span><\/span> y <span style=\"color: #ff0000;\"><strong><span style=\"color: #000000;\">&nbsp;la <\/span><span><u>PRESENCIALIDAD SINCR\u00d3NICA<\/u><\/span><\/strong><\/span> &#8211; mediante los encuentros pautados a trav\u00e9s de distintas plataformas MEET, ZOOM-<\/li>\n\n\n\n<li><span style=\"color: #ff0000;\"><span style=\"color: #000000;\">La <\/span><strong><u><span style=\"color: #ff0000;\">PRESENCIALIDAD F\u00cdSICA<\/span><\/u><\/strong><\/span>&#8211; en las instalaciones de funcionamiento habitual.<\/li>\n<\/ul>\n\n\n\n<p><img decoding=\"async\" loading=\"lazy\" width=\"57\" height=\"51\" class=\"\" src=\"https:\/\/istoledo-cba.infd.edu.ar\/sitio\/wp-content\/uploads\/2023\/10\/danger-5732_128.gif\" alt=\"La imagen tiene un atributo ALT vac\u00edo; su nombre de archivo es danger-5732_128.gif\">&nbsp; En <strong>Anexo Sebasti\u00e1n Elcano, en la Extensi\u00f3n \u00c1ulica de Salsipuedes, S. Fco del Cha\u00f1ar y Colonia Caroya,<\/strong> se adoptar\u00e1 la misma modalidad.<\/p>\n\n\n<div class=\"wp-block-image\">\n<figure class=\"alignleft size-full is-resized\"><img decoding=\"async\" loading=\"lazy\" src=\"https:\/\/istoledo-cba.infd.edu.ar\/sitio\/wp-content\/uploads\/2023\/04\/AVISO.gif\" alt=\"\" class=\"wp-image-3275\" width=\"292\" height=\"144\"\/><\/figure><\/div>\n\n\n<p>En el marco del PROYECTO INSTITUCIONAL DE MODALIDAD COMBINADA se prev\u00e9 que los <strong><mark style=\"background-color:rgba(0, 0, 0, 0);color:#bf1fbd\" class=\"has-inline-color\">ESPACIOS CON CURSADO INTERRUMPIDO<\/mark><\/strong> por la renuncia de docentes y\/o cartas m\u00e9dicas de largo tratamiento; <strong><mark style=\"background-color:rgba(0, 0, 0, 0);color:#bf1fb2\" class=\"has-inline-color\">Y\/O COBERTURA TARD\u00cdA<\/mark><\/strong> (espacios que inicien su cursado a partir del 2do cuatrimestre), el <mark style=\"background-color:rgba(0, 0, 0, 0);color:#bf1fb8\" class=\"has-inline-color\"><strong>CURSADO ser\u00e1 BIMODAL EN SIMULT\u00c1NEIDAD<\/strong><\/mark>, es decir que el cursado supondr\u00e1 <mark style=\"background-color:rgba(0, 0, 0, 0);color:#bf1fb2\" class=\"has-inline-color\">PRESENCIALIDAD F\u00cdSICA TODAS LAS SEMANAS, COMPLEMENTANDA CON EL TRABAJO EN LOS ENTORNOS VIRTUALES<\/mark>.<\/p>\n\n\n\n<h2 class=\"wp-block-heading\"><img decoding=\"async\" loading=\"lazy\" width=\"78\" height=\"43\" class=\"\" src=\"https:\/\/istoledo-cba.infd.edu.ar\/sitio\/wp-content\/uploads\/2022\/11\/new.gif\" alt=\"La imagen tiene un atributo ALT vac\u00edo; su nombre de archivo es new.gif\"> Horario de Cursado Ciclo Lectivo 2026<\/h2>\n\n\n\n<p>A continuaci\u00f3n se ofrecen los <strong>HORARIOS DE CURSADO 202<\/strong>6 .  Recordamos que <span style=\"color: #ff0000;\">PUEDEN SUFRIR MODIFICACIONES <span style=\"color: #000000;\">de acuerdo a las necesidades organizativas del Instituto en el marco de la<\/span> MODALIDAD COMBINADA.<\/span> En dicho caso, los cambios de horarios ser\u00e1n comunicados  a trav\u00e9s del AULA VIRTUAL CORRESPONDIENTE.<\/p>\n\n\n\n<h6 class=\"wp-block-heading\">HORARIOS SEDE: <\/h6>\n\n\n\n<h6 class=\"wp-block-heading\">Formaci\u00f3n Docente<\/h6>\n\n\n\n<p><a href=\"https:\/\/drive.google.com\/file\/d\/1--Wgp3nb4TCregjyktKZKOJ6WDl2pZxI\/view?usp=sharing\">Prof. Educaci\u00f3n Inicial<\/a><\/p>\n\n\n\n<p><a href=\"https:\/\/drive.google.com\/file\/d\/1k8JRFzvL6yb7a3XoceN2lUuD-VdNnGP4\/view?usp=sharing\">Prof. Educaci\u00f3n Primaria<\/a><\/p>\n\n\n\n<p><a href=\"https:\/\/drive.google.com\/file\/d\/1YoBjODXbqGQT9soFbb5R-BOzHqCaApoW\/view?usp=sharing\">Prof. Educ. Secundaria en Matem\u00e1tica<\/a><\/p>\n\n\n\n<p><a href=\"https:\/\/drive.google.com\/file\/d\/1IE0wRgtXo0GxiC5D2GEG31l4XDoSzY9B\/view?usp=sharing\">Prof. Educ. Secundaria en Qu\u00edmica<\/a><\/p>\n\n\n\n<p><a href=\"https:\/\/drive.google.com\/file\/d\/1lAPMINC42knDL2q5mQvwK9HB_gSr99ig\/view?usp=sharing\">Prof. Educ. Secundaria en F\u00edsica<\/a><\/p>\n\n\n\n<p><strong>Formaci\u00f3n T\u00e9cnica:<\/strong> <\/p>\n\n\n\n<p><a href=\"https:\/\/drive.google.com\/file\/d\/1Q1v0cgRt3YqHM0e0GhRxwTqnRSmLfHaD\/view?usp=sharing\">TS en Administraci\u00f3n<\/a><\/p>\n\n\n\n<p><a href=\"https:\/\/drive.google.com\/file\/d\/1EC5gij87XjgCuUw-G-wrB8XpaYVBet2Q\/view?usp=sharing\">TS en Maquinarias y Equipos Agropecuarios<\/a><\/p>\n\n\n\n<p><strong>ANEXOS<\/strong>:<br>Profesorado Educaci\u00f3n Inicial &#8211; 4to a\u00f1o -San Francisco del Cha\u00f1ar-<\/p>\n\n\n\n<p><a href=\"https:\/\/drive.google.com\/file\/d\/1nxxF1EXzyFRM-_d6ksVtaTe5s26v3oyM\/view?usp=sharing\">Profesorado de Educaci\u00f3n Tecnol\u00f3gica &#8211; 1er a\u00f1o -Sebasti\u00e1n Elcano<\/a><\/p>\n\n\n\n<p><a href=\"https:\/\/drive.google.com\/file\/d\/1CW5AGM5QsGLGhLI__WBcQ8qME9VqYIOH\/view?usp=sharing\">TS en Gu\u00eda de Turismo -1er a\u00f1o- Sebasti\u00e1n Elcano<\/a><\/p>\n\n\n\n<p><a href=\"https:\/\/drive.google.com\/file\/d\/1pQHwoRrdwPKtuphtSj_Sf_3F9FUqYzrY\/view?usp=sharing\">TS en Marketing Digital- 1er a\u00f1o- Colonia Caroya <\/a><\/p>\n\n\n\n<p><a href=\"https:\/\/drive.google.com\/file\/d\/1Ho-KOHf7Qnf-u0ltZXBp3q6-ON0tdmo-\/view?usp=sharing\">Profesorado de Ingl\u00e9s -1er a\u00f1o- Salsipuedes<\/a><\/p>\n\n\n\n<p><\/p>\n\n\n\n<p class=\"has-text-align-right\">Jes\u00fas Mar\u00eda, Febrero \/2026<\/p>\n\n\n\n<p><\/p>\n","protected":false},"excerpt":{"rendered":"<p>En el marco del PROYECTO INSTITUCIONAL PARA LA MODALIDAD COMBINADA, durante el presente Ciclo Lectivo 2026, el cursado de los distintos espacios curriculares ser\u00e1 bajo la MODALIDAD COMBINADA CON ALTERNANCIA. Esto supone que las actividades acad\u00e9micas se desarrollar\u00e1n DOS SEMANAS DE CURSADO PRESENCIAL F\u00cdSICO EN EL INSTITUTO Y OTRA DE CURSADO EN LOS ENTORNOS VIRTUALES &#8230; <a title=\"Horarios Cursado Ciclo Lectivo 2026\" class=\"read-more\" href=\"https:\/\/istoledo-cba.infd.edu.ar\/sitio\/horarios-de-carreras\/\" aria-label=\"More on Horarios Cursado Ciclo Lectivo 2026\">[+]<\/a><\/p>\n","protected":false},"author":753,"featured_media":0,"parent":0,"menu_order":0,"comment_status":"closed","ping_status":"closed","template":"","meta":[],"acf":[],"_links":{"self":[{"href":"https:\/\/istoledo-cba.infd.edu.ar\/sitio\/wp-json\/wp\/v2\/pages\/970"}],"collection":[{"href":"https:\/\/istoledo-cba.infd.edu.ar\/sitio\/wp-json\/wp\/v2\/pages"}],"about":[{"href":"https:\/\/istoledo-cba.infd.edu.ar\/sitio\/wp-json\/wp\/v2\/types\/page"}],"author":[{"embeddable":true,"href":"https:\/\/istoledo-cba.infd.edu.ar\/sitio\/wp-json\/wp\/v2\/users\/753"}],"replies":[{"embeddable":true,"href":"https:\/\/istoledo-cba.infd.edu.ar\/sitio\/wp-json\/wp\/v2\/comments?post=970"}],"version-history":[{"count":58,"href":"https:\/\/istoledo-cba.infd.edu.ar\/sitio\/wp-json\/wp\/v2\/pages\/970\/revisions"}],"predecessor-version":[{"id":4168,"href":"https:\/\/istoledo-cba.infd.edu.ar\/sitio\/wp-json\/wp\/v2\/pages\/970\/revisions\/4168"}],"wp:attachment":[{"href":"https:\/\/istoledo-cba.infd.edu.ar\/sitio\/wp-json\/wp\/v2\/media?parent=970"}],"curies":[{"name":"wp","href":"https:\/\/api.w.org\/{rel}","templated":true}]}}